{"id":30094,"date":"2025-02-20T23:31:40","date_gmt":"2025-02-20T22:31:40","guid":{"rendered":"https:\/\/olemosaic.orbitalia.org\/producto\/dedal-de-ceramica-toros-blanco\/"},"modified":"2025-07-25T18:41:47","modified_gmt":"2025-07-25T16:41:47","slug":"de-a-coudre-en-ceramique-taureaux-blanc","status":"publish","type":"product","link":"https:\/\/olemosaic.orbitalia.org\/fr\/produit\/de-a-coudre-en-ceramique-taureaux-blanc\/","title":{"rendered":"D\u00e9 \u00e0 coudre en c\u00e9ramique. Taureaux. Blanc"},"content":{"rendered":"<p>Ce d\u00e9 \u00e0 coudre en c\u00e9ramique, d\u00e9cor\u00e9 d&rsquo;un design vibrant de taureaux, est un v\u00e9ritable hommage \u00e0 la riche culture espagnole. Fabriqu\u00e9 en c\u00e9ramique blanche de haute qualit\u00e9, sa surface pr\u00e9sente une finition brillante et lisse qui ajoute une touche d&rsquo;\u00e9l\u00e9gance. L&rsquo;\u00e9l\u00e9ment central est un taureau majestueux, symbole embl\u00e9matique de la tradition et du folklore espagnol, repr\u00e9sent\u00e9 avec une mosa\u00efque color\u00e9e qui souligne sa silhouette puissante. Ce design se distingue par son originalit\u00e9 et l&rsquo;attention port\u00e9e aux d\u00e9tails dans sa peinture \u00e0 la main, o\u00f9 des \u00e9l\u00e9ments floraux entourent le taureau, cr\u00e9ant une composition harmonieuse et percutante.<\/p>\n<p>En plus d&rsquo;\u00eatre un objet fonctionnel, ce d\u00e9 \u00e0 coudre devient un souvenir repr\u00e9sentatif de l&rsquo;Espagne, id\u00e9al pour les collectionneurs ou comme cadeau pour ceux qui souhaitent emporter un morceau de cette culture vibrante chez eux. La tradition taurine fait partie int\u00e9grante de l&rsquo;identit\u00e9 espagnole, et ce d\u00e9 \u00e0 coudre capture son essence de mani\u00e8re unique. Chez Ol\u00e9 Mosaic, nous nous sp\u00e9cialisons dans la distribution de souvenirs en gros, offrant des d\u00e9s \u00e0 coudre authentiques et d&rsquo;autres produits repr\u00e9sentatifs qui mettent en valeur le patrimoine culturel. Ce d\u00e9 \u00e0 coudre est une excellente option pour les boutiques de cadeaux touristiques \u00e0 la recherche de souvenirs de qualit\u00e9 qui racontent une histoire. En tant que grossistes en c\u00e9ramique, nous garantissons l&rsquo;authenticit\u00e9 et un design exceptionnel sur chaque pi\u00e8ce.<\/p>\n","protected":false},"excerpt":{"rendered":"<p>D\u00e9 \u00e0 coudre en c\u00e9ramique d\u00e9cor\u00e9 d&rsquo;un design vibrant de taureaux, repr\u00e9sentant un symbole embl\u00e9matique de la culture espagnole. Ce d\u00e9 \u00e0 coudre blanc pr\u00e9sente une finition brillante et lisse, orn\u00e9e d&rsquo;une mosa\u00efque color\u00e9e qui donne vie au motif du taureau, entour\u00e9 d&rsquo;\u00e9l\u00e9ments floraux. La pi\u00e8ce, de conception artisanale et peinte \u00e0 la main, se distingue par son originalit\u00e9 et son attention aux d\u00e9tails, ce qui en fait un \u00e9l\u00e9gant souvenir d&rsquo;Espagne. Id\u00e9al pour les collectionneurs ou comme cadeau.<\/p>\n","protected":false},"featured_media":8542,"template":"","meta":{"_acf_changed":false},"product_brand":[],"product_cat":[603],"product_tag":[530,585],"class_list":{"0":"post-30094","1":"product","2":"type-product","3":"status-publish","4":"has-post-thumbnail","6":"product_cat-des-a-coudre","7":"product_tag-animaux","8":"product_tag-ceramique","9":"pa_motivo-taureaux","11":"first","12":"instock","13":"shipping-taxable","14":"product-type-simple"},"acf":[],"_links":{"self":[{"href":"https:\/\/olemosaic.orbitalia.org\/fr\/wp-json\/wp\/v2\/product\/30094","targetHints":{"allow":["GET"]}}],"collection":[{"href":"https:\/\/olemosaic.orbitalia.org\/fr\/wp-json\/wp\/v2\/product"}],"about":[{"href":"https:\/\/olemosaic.orbitalia.org\/fr\/wp-json\/wp\/v2\/types\/product"}],"wp:featuredmedia":[{"embeddable":true,"href":"https:\/\/olemosaic.orbitalia.org\/fr\/wp-json\/wp\/v2\/media\/8542"}],"wp:attachment":[{"href":"https:\/\/olemosaic.orbitalia.org\/fr\/wp-json\/wp\/v2\/media?parent=30094"}],"wp:term":[{"taxonomy":"product_brand","embeddable":true,"href":"https:\/\/olemosaic.orbitalia.org\/fr\/wp-json\/wp\/v2\/product_brand?post=30094"},{"taxonomy":"product_cat","embeddable":true,"href":"https:\/\/olemosaic.orbitalia.org\/fr\/wp-json\/wp\/v2\/product_cat?post=30094"},{"taxonomy":"product_tag","embeddable":true,"href":"https:\/\/olemosaic.orbitalia.org\/fr\/wp-json\/wp\/v2\/product_tag?post=30094"}],"curies":[{"name":"wp","href":"https:\/\/api.w.org\/{rel}","templated":true}]}}