{"id":30093,"date":"2025-02-20T23:31:39","date_gmt":"2025-02-20T22:31:39","guid":{"rendered":"https:\/\/olemosaic.orbitalia.org\/producto\/dedal-de-ceramica-valencia-blanco\/"},"modified":"2025-07-25T18:48:16","modified_gmt":"2025-07-25T16:48:16","slug":"de-a-coudre-en-ceramique-valence-blanc","status":"publish","type":"product","link":"https:\/\/olemosaic.orbitalia.org\/fr\/produit\/de-a-coudre-en-ceramique-valence-blanc\/","title":{"rendered":"D\u00e9 \u00e0 coudre en c\u00e9ramique. Valence. Blanc"},"content":{"rendered":"<p>Ce d\u00e9 \u00e0 coudre en c\u00e9ramique, d\u00e9cor\u00e9 d&rsquo;illustrations repr\u00e9sentatives de Valence, est un souvenir \u00e9l\u00e9gant et color\u00e9 qui refl\u00e8te l&rsquo;essence architecturale de cette magnifique ville espagnole. Fabriqu\u00e9 en c\u00e9ramique de haute qualit\u00e9, il pr\u00e9sente une finition blanche qui sert de toile parfaite pour les motifs vibrants peints \u00e0 la main. Parmi les designs les plus remarquables figurent l&#8217;embl\u00e9matique cath\u00e9drale de Valence et la contemporaine Cit\u00e9 des Arts et des Sciences, toutes deux repr\u00e9sent\u00e9es avec des d\u00e9tails fins qui capturent leur beaut\u00e9 et leur singularit\u00e9.<\/p>\n<p>Chaque c\u00f4t\u00e9 du d\u00e9 \u00e0 coudre offre une vue diff\u00e9rente, permettant \u00e0 ses propri\u00e9taires d&rsquo;appr\u00e9cier la richesse culturelle et architecturale de Valence sous diff\u00e9rents angles, ce qui en fait un objet de collection unique et pratique. Ce d\u00e9 \u00e0 coudre n&rsquo;est pas seulement une pi\u00e8ce fonctionnelle pour les amateurs de couture, mais aussi un rappel tangible de l&rsquo;histoire et de l&rsquo;h\u00e9ritage artistique de Valence, ce qui en fait un souvenir id\u00e9al pour ceux qui souhaitent se souvenir de leur visite dans cette ville vibrante.<\/p>\n<p>Chez Ol\u00e9 Mosaic, nous proposons des d\u00e9s \u00e0 coudre en c\u00e9ramique authentiques et artisanaux en gros, parfaits pour les boutiques de cadeaux touristiques \u00e0 la recherche de souvenirs de qualit\u00e9 et de signification culturelle. Ce d\u00e9 \u00e0 coudre en c\u00e9ramique est une excellente option pour ceux qui recherchent un souvenir repr\u00e9sentatif de Valence combinant art, fonctionnalit\u00e9 et authenticit\u00e9.<\/p>\n","protected":false},"excerpt":{"rendered":"<p>D\u00e9 \u00e0 coudre en c\u00e9ramique blanc, d\u00e9cor\u00e9 d&rsquo;illustrations repr\u00e9sentatives de Valence. Ce d\u00e9 \u00e0 coudre \u00e9l\u00e9gant et color\u00e9 montre des motifs de b\u00e2timents embl\u00e9matiques, tels que la cath\u00e9drale de Valence et la Cit\u00e9 des Arts et des Sciences, le tout dans un design artisanal, peint \u00e0 la main, avec des d\u00e9tails vibrants. Il est parfait tant pour les collectionneurs que pour se souvenir d&rsquo;un voyage dans cette belle ville espagnole, car c&rsquo;est un souvenir pratique qui allie art et fonctionnalit\u00e9.<\/p>\n","protected":false},"featured_media":9892,"template":"","meta":{"_acf_changed":false},"product_brand":[],"product_cat":[603],"product_tag":[585],"class_list":{"0":"post-30093","1":"product","2":"type-product","3":"status-publish","4":"has-post-thumbnail","6":"product_cat-des-a-coudre","7":"product_tag-ceramique","8":"pa_ciudad-valencia","9":"pa_pais-espana","11":"first","12":"instock","13":"shipping-taxable","14":"product-type-simple"},"acf":[],"_links":{"self":[{"href":"https:\/\/olemosaic.orbitalia.org\/fr\/wp-json\/wp\/v2\/product\/30093","targetHints":{"allow":["GET"]}}],"collection":[{"href":"https:\/\/olemosaic.orbitalia.org\/fr\/wp-json\/wp\/v2\/product"}],"about":[{"href":"https:\/\/olemosaic.orbitalia.org\/fr\/wp-json\/wp\/v2\/types\/product"}],"wp:featuredmedia":[{"embeddable":true,"href":"https:\/\/olemosaic.orbitalia.org\/fr\/wp-json\/wp\/v2\/media\/9892"}],"wp:attachment":[{"href":"https:\/\/olemosaic.orbitalia.org\/fr\/wp-json\/wp\/v2\/media?parent=30093"}],"wp:term":[{"taxonomy":"product_brand","embeddable":true,"href":"https:\/\/olemosaic.orbitalia.org\/fr\/wp-json\/wp\/v2\/product_brand?post=30093"},{"taxonomy":"product_cat","embeddable":true,"href":"https:\/\/olemosaic.orbitalia.org\/fr\/wp-json\/wp\/v2\/product_cat?post=30093"},{"taxonomy":"product_tag","embeddable":true,"href":"https:\/\/olemosaic.orbitalia.org\/fr\/wp-json\/wp\/v2\/product_tag?post=30093"}],"curies":[{"name":"wp","href":"https:\/\/api.w.org\/{rel}","templated":true}]}}