{"id":30087,"date":"2025-02-20T23:31:39","date_gmt":"2025-02-20T22:31:39","guid":{"rendered":"https:\/\/olemosaic.orbitalia.org\/producto\/dedal-de-ceramica-malaga-blanco\/"},"modified":"2025-07-25T18:52:29","modified_gmt":"2025-07-25T16:52:29","slug":"de-a-coudre-en-ceramique-malaga-blanc","status":"publish","type":"product","link":"https:\/\/olemosaic.orbitalia.org\/fr\/produit\/de-a-coudre-en-ceramique-malaga-blanc\/","title":{"rendered":"D\u00e9 \u00e0 coudre en c\u00e9ramique. Malaga. Blanc"},"content":{"rendered":"<p>Ce d\u00e9 \u00e0 coudre en c\u00e9ramique de Malaga est un souvenir qui capture l&rsquo;essence vibrante de cette belle ville andalouse. Con\u00e7u dans une \u00e9l\u00e9gante couleur blanche, c&rsquo;est une pi\u00e8ce artisanale \u00e0 effet peint \u00e0 la main qui se distingue par ses illustrations color\u00e9es, repr\u00e9sentant des paysages embl\u00e9matiques et la riche architecture de Malaga. Sur l&rsquo;un de ses c\u00f4t\u00e9s, le mot \u00ab\u00a0M\u00c1LAGA\u00a0\u00bb est affich\u00e9 de mani\u00e8re pro\u00e9minente, accompagn\u00e9 d&rsquo;ornements \u00e9voquant des symboles embl\u00e9matiques de la ville, tels que l&rsquo;Alcazaba et le Th\u00e9\u00e2tre Romain, entrelac\u00e9s avec des d\u00e9cors naturels refl\u00e9tant sa proximit\u00e9 avec la mer.<\/p>\n<p>Les tons vibrants utilis\u00e9s dans la d\u00e9coration de ce d\u00e9 \u00e0 coudre enrichissent son attrait visuel et capturent la chaleur et la joie de l&rsquo;ambiance malagu\u00e8ne. C&rsquo;est une excellente option pour les touristes souhaitant emporter un souvenir authentique et repr\u00e9sentatif de leur visite. De plus, pour les collectionneurs, ce d\u00e9 \u00e0 coudre est un ajout significatif \u00e0 toute collection de souvenirs, car il t\u00e9moigne de l&rsquo;art et de la culture locale.<\/p>\n<p>Chez Ol\u00e9 Mosaic, nous sommes fiers de proposer des produits qui c\u00e9l\u00e8brent la diversit\u00e9 culturelle de l&rsquo;Espagne, c&rsquo;est pourquoi ce d\u00e9 \u00e0 coudre en c\u00e9ramique est une magnifique option pour les boutiques de cadeaux touristiques \u00e0 la recherche d&rsquo;articles de qualit\u00e9 et de pertinence culturelle. Choisir ce d\u00e9 \u00e0 coudre comme souvenir de Malaga, ce n&rsquo;est pas seulement ramener un souvenir chez soi, mais aussi un petit morceau d&rsquo;histoire.<\/p>\n","protected":false},"excerpt":{"rendered":"<p>D\u00e9 \u00e0 coudre en c\u00e9ramique blanc, con\u00e7u avec de belles illustrations repr\u00e9sentant les paysages et l&rsquo;architecture de Malaga. Ce d\u00e9, de conception artisanale, peint \u00e0 la main, se distingue par l&rsquo;utilisation de tons vibrants qui capturent l&rsquo;essence de la ville. Avec le mot \u00ab\u00a0M\u00c1LAGA\u00a0\u00bb imprim\u00e9 sur un c\u00f4t\u00e9 et des ornements \u00e9voquant ses monuments embl\u00e9matiques, c&rsquo;est un souvenir id\u00e9al pour \u00e9voquer la beaut\u00e9 andalouse ou pour les collectionneurs.<\/p>\n","protected":false},"featured_media":10554,"template":"","meta":{"_acf_changed":false},"product_brand":[],"product_cat":[603],"product_tag":[585],"class_list":{"0":"post-30087","1":"product","2":"type-product","3":"status-publish","4":"has-post-thumbnail","6":"product_cat-des-a-coudre","7":"product_tag-ceramique","8":"pa_ciudad-malaga","9":"pa_pais-espana","11":"first","12":"instock","13":"shipping-taxable","14":"product-type-simple"},"acf":[],"_links":{"self":[{"href":"https:\/\/olemosaic.orbitalia.org\/fr\/wp-json\/wp\/v2\/product\/30087","targetHints":{"allow":["GET"]}}],"collection":[{"href":"https:\/\/olemosaic.orbitalia.org\/fr\/wp-json\/wp\/v2\/product"}],"about":[{"href":"https:\/\/olemosaic.orbitalia.org\/fr\/wp-json\/wp\/v2\/types\/product"}],"wp:featuredmedia":[{"embeddable":true,"href":"https:\/\/olemosaic.orbitalia.org\/fr\/wp-json\/wp\/v2\/media\/10554"}],"wp:attachment":[{"href":"https:\/\/olemosaic.orbitalia.org\/fr\/wp-json\/wp\/v2\/media?parent=30087"}],"wp:term":[{"taxonomy":"product_brand","embeddable":true,"href":"https:\/\/olemosaic.orbitalia.org\/fr\/wp-json\/wp\/v2\/product_brand?post=30087"},{"taxonomy":"product_cat","embeddable":true,"href":"https:\/\/olemosaic.orbitalia.org\/fr\/wp-json\/wp\/v2\/product_cat?post=30087"},{"taxonomy":"product_tag","embeddable":true,"href":"https:\/\/olemosaic.orbitalia.org\/fr\/wp-json\/wp\/v2\/product_tag?post=30087"}],"curies":[{"name":"wp","href":"https:\/\/api.w.org\/{rel}","templated":true}]}}