{"id":30086,"date":"2025-02-20T23:31:39","date_gmt":"2025-02-20T22:31:39","guid":{"rendered":"https:\/\/olemosaic.orbitalia.org\/producto\/dedal-de-ceramica-punt-de-trobada-barcelona-blanco\/"},"modified":"2025-07-25T22:28:45","modified_gmt":"2025-07-25T20:28:45","slug":"de-a-coudre-en-ceramique-punt-de-trobada-barcelone-blanc","status":"publish","type":"product","link":"https:\/\/olemosaic.orbitalia.org\/fr\/produit\/de-a-coudre-en-ceramique-punt-de-trobada-barcelone-blanc\/","title":{"rendered":"D\u00e9 \u00e0 coudre en c\u00e9ramique. Punt de trobada. Barcelone. Blanc"},"content":{"rendered":"<p>Ce d\u00e9 \u00e0 coudre en c\u00e9ramique de style moderne, inspir\u00e9 de l&#8217;embl\u00e9matique \u00ab Punt de Trobada \u00bb de Barcelone, est une pi\u00e8ce unique qui capture l&rsquo;essence de la vibrante culture catalane. Avec une finition blanche brillante, son design pr\u00e9sente une explosion de couleurs m\u00e9langeant bleus, rouges et jaunes, \u00e9voquant les formes abstraites et contemporaines de la c\u00e9l\u00e8bre mosa\u00efque de la ville. Chaque d\u00e9 \u00e0 coudre a \u00e9t\u00e9 soigneusement peint \u00e0 la main, ce qui lui donne une touche artisanale dans chaque d\u00e9tail, tandis que les lignes noires qui d\u00e9finissent ses motifs soulignent l&rsquo;esth\u00e9tique g\u00e9om\u00e9trique et sophistiqu\u00e9e propre au modernisme catalan.<\/p>\n<p>Ce d\u00e9 \u00e0 coudre n&rsquo;est pas seulement un accessoire utile pour ceux qui appr\u00e9cient l&rsquo;art de la couture, mais il devient \u00e9galement un souvenir pr\u00e9cieux qui permet de ramener un morceau de Barcelone chez soi. Il repr\u00e9sente parfaitement la cr\u00e9ativit\u00e9 et la diversit\u00e9 culturelle de la ville, ce qui le rend id\u00e9al pour les touristes et les collectionneurs \u00e0 la recherche de souvenirs authentiques et significatifs. Chez Ol\u00e9 Mosaic, nous nous sp\u00e9cialisons dans la distribution de souvenirs en gros, mettant \u00e0 disposition des produits iconiques qui soulignent la richesse culturelle de l&rsquo;Espagne. Ce d\u00e9 \u00e0 coudre en c\u00e9ramique de Barcelone est une excellente option pour les boutiques de cadeaux touristiques souhaitant proposer des produits de qualit\u00e9 et d&rsquo;une grande pertinence culturelle, devenant un symbole de la connexion entre l&rsquo;artiste et le visiteur.<\/p>\n","protected":false},"excerpt":{"rendered":"<p>D\u00e9 \u00e0 coudre en c\u00e9ramique de style moderne, inspir\u00e9 du c\u00e9l\u00e8bre \u00ab\u00a0Punt de Trobada\u00a0\u00bb de Barcelone. Ce d\u00e9, au fini blanc brillant, pr\u00e9sente un design vibrant et color\u00e9 combinant bleus, rouges et jaunes, \u00e9mulant les formes de l&rsquo;iconique mosa\u00efque de la ville. La d\u00e9coration est de conception artisanale, peinte \u00e0 la main, avec des d\u00e9tails en lignes noires qui soulignent l&rsquo;esth\u00e9tique g\u00e9om\u00e9trique et contemporaine. Un souvenir parfait pour les amoureux de la culture catalane.<\/p>\n","protected":false},"featured_media":9150,"template":"","meta":{"_acf_changed":false},"product_brand":[],"product_cat":[603],"product_tag":[585],"class_list":{"0":"post-30086","1":"product","2":"type-product","3":"status-publish","4":"has-post-thumbnail","6":"product_cat-des-a-coudre","7":"product_tag-ceramique","8":"pa_ciudad-barcelona","9":"pa_motivo-punt-de-trobada","10":"pa_pais-espana","12":"first","13":"instock","14":"shipping-taxable","15":"product-type-simple"},"acf":[],"_links":{"self":[{"href":"https:\/\/olemosaic.orbitalia.org\/fr\/wp-json\/wp\/v2\/product\/30086","targetHints":{"allow":["GET"]}}],"collection":[{"href":"https:\/\/olemosaic.orbitalia.org\/fr\/wp-json\/wp\/v2\/product"}],"about":[{"href":"https:\/\/olemosaic.orbitalia.org\/fr\/wp-json\/wp\/v2\/types\/product"}],"wp:featuredmedia":[{"embeddable":true,"href":"https:\/\/olemosaic.orbitalia.org\/fr\/wp-json\/wp\/v2\/media\/9150"}],"wp:attachment":[{"href":"https:\/\/olemosaic.orbitalia.org\/fr\/wp-json\/wp\/v2\/media?parent=30086"}],"wp:term":[{"taxonomy":"product_brand","embeddable":true,"href":"https:\/\/olemosaic.orbitalia.org\/fr\/wp-json\/wp\/v2\/product_brand?post=30086"},{"taxonomy":"product_cat","embeddable":true,"href":"https:\/\/olemosaic.orbitalia.org\/fr\/wp-json\/wp\/v2\/product_cat?post=30086"},{"taxonomy":"product_tag","embeddable":true,"href":"https:\/\/olemosaic.orbitalia.org\/fr\/wp-json\/wp\/v2\/product_tag?post=30086"}],"curies":[{"name":"wp","href":"https:\/\/api.w.org\/{rel}","templated":true}]}}