{"id":30085,"date":"2025-02-20T23:31:38","date_gmt":"2025-02-20T22:31:38","guid":{"rendered":"https:\/\/olemosaic.orbitalia.org\/producto\/cucharon-de-ceramica-toros-blanco-4\/"},"modified":"2025-07-25T18:36:35","modified_gmt":"2025-07-25T16:36:35","slug":"louche-en-ceramique-taureaux-blanc-4","status":"publish","type":"product","link":"https:\/\/olemosaic.orbitalia.org\/fr\/produit\/louche-en-ceramique-taureaux-blanc-4\/","title":{"rendered":"Louche en c\u00e9ramique. Taureaux. Espagne. Blanc"},"content":{"rendered":"<p>Cette louche en c\u00e9ramique, d\u00e9cor\u00e9e d&rsquo;un design vibrant de taureaux, est une pi\u00e8ce unique qui fusionne art et fonctionnalit\u00e9, et qui repr\u00e9sente le riche folklore espagnol. Sa surface blanche est orn\u00e9e d&rsquo;une mosa\u00efque color\u00e9e illustrant un taureau dans des tons fascinants de vert, rouge et bleu, compl\u00e9t\u00e9s par des d\u00e9tails en jaune et orange qui apportent un air festif et dynamique \u00e0 toute cuisine. Id\u00e9al pour servir et cuisiner, cet ustensile n&rsquo;est pas seulement pratique, mais agit \u00e9galement comme un \u00e9l\u00e9ment d\u00e9coratif frappant, \u00e9voquant la tradition taurine de l&rsquo;Espagne.<\/p>\n<p>Le design du taureau, un symbole intrins\u00e8que de la culture espagnole, immortalise la passion et l&rsquo;esprit des festivit\u00e9s li\u00e9es \u00e0 la tauromachie, une pratique historique qui a laiss\u00e9 une empreinte significative sur l&rsquo;identit\u00e9 nationale. Cette louche est plus qu&rsquo;un ustensile ; elle devient un t\u00e9moignage tangible de l&rsquo;h\u00e9ritage culturel du pays, ce qui en fait un souvenir parfait pour ceux qui souhaitent emporter avec eux un morceau d&rsquo;Espagne.<\/p>\n<p>Chez Ol\u00e9 Mosaic, nos produits sont soigneusement s\u00e9lectionn\u00e9s pour garantir l&rsquo;authenticit\u00e9 et la qualit\u00e9. Cette louche en c\u00e9ramique est une excellente option pour les boutiques de cadeaux touristiques \u00e0 la recherche de souvenirs repr\u00e9sentatifs, offrant aux touristes un article qui c\u00e9l\u00e9brera leur exp\u00e9rience en Espagne tout en d\u00e9corant leur maison. En tant que grossistes d&rsquo;ustensiles en c\u00e9ramique, nous offrons une fusion id\u00e9ale entre tradition et modernit\u00e9 pour ravir les acheteurs.<\/p>\n","protected":false},"excerpt":{"rendered":"<p>Louche en c\u00e9ramique d\u00e9cor\u00e9e d&rsquo;un design vibrant de taureaux, repr\u00e9sentant le folklore espagnol. Sa surface blanche est orn\u00e9e d&rsquo;une mosa\u00efque color\u00e9e illustrant un taureau dans des tons verts, rouges et bleus, compl\u00e9t\u00e9e par des d\u00e9tails en jaune et orange. Cet ustensile, parfait pour la cuisine, combine fonctionnalit\u00e9 et art, et est un symbole de la tradition taurine espagnole. Id\u00e9al comme souvenir ou pour embellir n&rsquo;importe quelle cuisine.<\/p>\n","protected":false},"featured_media":8565,"template":"","meta":{"_acf_changed":false},"product_brand":[],"product_cat":[798],"product_tag":[530,585],"class_list":{"0":"post-30085","1":"product","2":"type-product","3":"status-publish","4":"has-post-thumbnail","6":"product_cat-louches","7":"product_tag-animaux","8":"product_tag-ceramique","9":"pa_motivo-taureaux","11":"first","12":"instock","13":"shipping-taxable","14":"product-type-simple"},"acf":[],"_links":{"self":[{"href":"https:\/\/olemosaic.orbitalia.org\/fr\/wp-json\/wp\/v2\/product\/30085","targetHints":{"allow":["GET"]}}],"collection":[{"href":"https:\/\/olemosaic.orbitalia.org\/fr\/wp-json\/wp\/v2\/product"}],"about":[{"href":"https:\/\/olemosaic.orbitalia.org\/fr\/wp-json\/wp\/v2\/types\/product"}],"wp:featuredmedia":[{"embeddable":true,"href":"https:\/\/olemosaic.orbitalia.org\/fr\/wp-json\/wp\/v2\/media\/8565"}],"wp:attachment":[{"href":"https:\/\/olemosaic.orbitalia.org\/fr\/wp-json\/wp\/v2\/media?parent=30085"}],"wp:term":[{"taxonomy":"product_brand","embeddable":true,"href":"https:\/\/olemosaic.orbitalia.org\/fr\/wp-json\/wp\/v2\/product_brand?post=30085"},{"taxonomy":"product_cat","embeddable":true,"href":"https:\/\/olemosaic.orbitalia.org\/fr\/wp-json\/wp\/v2\/product_cat?post=30085"},{"taxonomy":"product_tag","embeddable":true,"href":"https:\/\/olemosaic.orbitalia.org\/fr\/wp-json\/wp\/v2\/product_tag?post=30085"}],"curies":[{"name":"wp","href":"https:\/\/api.w.org\/{rel}","templated":true}]}}