{"id":30031,"date":"2025-02-20T23:31:37","date_gmt":"2025-02-20T22:31:37","guid":{"rendered":"https:\/\/olemosaic.orbitalia.org\/producto\/cucharon-de-ceramica-toros-blanco-3\/"},"modified":"2025-07-25T19:37:22","modified_gmt":"2025-07-25T17:37:22","slug":"louche-en-ceramique-taureaux-blanc-3","status":"publish","type":"product","link":"https:\/\/olemosaic.orbitalia.org\/fr\/produit\/louche-en-ceramique-taureaux-blanc-3\/","title":{"rendered":"Louche en c\u00e9ramique. Taureaux. Mosa\u00efque. Blanc"},"content":{"rendered":"<p>Cette louche en c\u00e9ramique est un chef-d&rsquo;\u0153uvre qui capture l&rsquo;essence vibrante de la culture espagnole \u00e0 travers son design captivant et symbolique. D\u00e9cor\u00e9 d&rsquo;une illustration de taureaux dans une pose dynamique, cet ustensile pr\u00e9sente une partie int\u00e9rieure orn\u00e9e d&rsquo;une mosa\u00efque color\u00e9e qui resplendit dans des tons rouges, verts et bleus. Les d\u00e9tails artistiques entourant le taureau \u00e9voquent l&rsquo;\u00e9motion et la tradition des corridas qui se d\u00e9roulent dans les ar\u00e8nes embl\u00e9matiques d&rsquo;Espagne, en faisant un authentique souvenir culturel.<\/p>\n<p>La finition \u00e9maill\u00e9e de cette louche la rend non seulement pratique pour un usage quotidien, mais lui conf\u00e8re \u00e9galement un \u00e9clat moderne qui en fait un \u00e9l\u00e9ment d\u00e9coratif id\u00e9al pour n&rsquo;importe quelle cuisine. Avec son design frappant, cette louche en c\u00e9ramique ne fusionne pas seulement fonctionnalit\u00e9 et esth\u00e9tique, mais sert \u00e9galement de souvenir significatif de l&rsquo;Espagne, parfait pour ceux qui cherchent \u00e0 emporter un morceau de son riche h\u00e9ritage culturel chez eux.<\/p>\n<p>En tant que produit exclusif d&rsquo;Ol\u00e9 Mosaic, cette louche est une excellente option pour les boutiques de cadeaux touristiques souhaitant proposer des souvenirs en c\u00e9ramique authentiques et uniques. Avec chaque louche, les boutiques peuvent mettre en avant leur offre de souvenirs repr\u00e9sentatifs de la culture espagnole, offrant \u00e0 leurs clients un lien tangible avec leurs exp\u00e9riences dans ce pays vibrant.<\/p>\n","protected":false},"excerpt":{"rendered":"<p>Louche en c\u00e9ramique au design vibrant qui capture l&rsquo;essence de la culture espagnole \u00e0 travers son illustration de taureaux. La partie int\u00e9rieure de la louche montre une mosa\u00efque color\u00e9e aux tons rouges, verts et bleus, repr\u00e9sentant un taureau dans une pose dynamique, entour\u00e9 de d\u00e9tails artistiques \u00e9voquant la tradition des corridas dans des ar\u00e8nes embl\u00e9matiques. Sa finition \u00e9maill\u00e9e offre une touche brillante et moderne, id\u00e9ale pour d\u00e9corer la cuisine ou pour un usage quotidien.<\/p>\n","protected":false},"featured_media":8535,"template":"","meta":{"_acf_changed":false},"product_brand":[],"product_cat":[798],"product_tag":[530,585],"class_list":{"0":"post-30031","1":"product","2":"type-product","3":"status-publish","4":"has-post-thumbnail","6":"product_cat-louches","7":"product_tag-animaux","8":"product_tag-ceramique","9":"pa_motivo-taureaux","11":"first","12":"instock","13":"shipping-taxable","14":"product-type-simple"},"acf":[],"_links":{"self":[{"href":"https:\/\/olemosaic.orbitalia.org\/fr\/wp-json\/wp\/v2\/product\/30031","targetHints":{"allow":["GET"]}}],"collection":[{"href":"https:\/\/olemosaic.orbitalia.org\/fr\/wp-json\/wp\/v2\/product"}],"about":[{"href":"https:\/\/olemosaic.orbitalia.org\/fr\/wp-json\/wp\/v2\/types\/product"}],"wp:featuredmedia":[{"embeddable":true,"href":"https:\/\/olemosaic.orbitalia.org\/fr\/wp-json\/wp\/v2\/media\/8535"}],"wp:attachment":[{"href":"https:\/\/olemosaic.orbitalia.org\/fr\/wp-json\/wp\/v2\/media?parent=30031"}],"wp:term":[{"taxonomy":"product_brand","embeddable":true,"href":"https:\/\/olemosaic.orbitalia.org\/fr\/wp-json\/wp\/v2\/product_brand?post=30031"},{"taxonomy":"product_cat","embeddable":true,"href":"https:\/\/olemosaic.orbitalia.org\/fr\/wp-json\/wp\/v2\/product_cat?post=30031"},{"taxonomy":"product_tag","embeddable":true,"href":"https:\/\/olemosaic.orbitalia.org\/fr\/wp-json\/wp\/v2\/product_tag?post=30031"}],"curies":[{"name":"wp","href":"https:\/\/api.w.org\/{rel}","templated":true}]}}