{"id":30030,"date":"2025-02-20T23:31:37","date_gmt":"2025-02-20T22:31:37","guid":{"rendered":"https:\/\/olemosaic.orbitalia.org\/producto\/cucharon-de-ceramica-bailaora-sevilla-beige\/"},"modified":"2025-07-25T18:51:23","modified_gmt":"2025-07-25T16:51:23","slug":"louche-en-ceramique-bailaora-seville-beige","status":"publish","type":"product","link":"https:\/\/olemosaic.orbitalia.org\/fr\/produit\/louche-en-ceramique-bailaora-seville-beige\/","title":{"rendered":"Louche en c\u00e9ramique. Bailaora. S\u00e9ville. Beige"},"content":{"rendered":"<p>Cette louche en c\u00e9ramique est un joyau de l&rsquo;artisanat s\u00e9villan, con\u00e7ue pour capturer le vibrant folklore andalou. Avec une finition beige et un bord rouge, cet ustensile n&rsquo;est pas seulement fonctionnel, mais aussi une \u0153uvre d&rsquo;art d\u00e9corative. Sa surface pr\u00e9sente une illustration exquise d&rsquo;une danseuse de flamenco (bailaora), dansant v\u00eatue d&rsquo;un costume color\u00e9 plein de d\u00e9tails et de nuances. La danseuse, entour\u00e9e de magnifiques fleurs rouges et vertes, \u00e9voque la passion et l&rsquo;esprit du flamenco, un symbole culturel profond\u00e9ment enracin\u00e9 dans la tradition andalouse.<\/p>\n<p>La qualit\u00e9 de la c\u00e9ramique, riche en histoire et en technique artisanale, se manifeste dans chaque trait de peinture, soigneusement r\u00e9alis\u00e9 \u00e0 la main, garantissant un produit unique et authentique. Cette louche devient un excellent souvenir de S\u00e9ville, id\u00e9al pour les touristes qui souhaitent ramener un morceau de la culture andalouse chez eux. Chez Ol\u00e9 Mosaic, nous distribuons ce type de souvenirs en gros, parfaits pour les boutiques de cadeaux touristiques qui cherchent \u00e0 proposer des produits qui ne sont pas seulement d\u00e9coratifs, mais qui racontent aussi une histoire. Avec sa connexion culturelle, cette louche en c\u00e9ramique repr\u00e9sente une merveilleuse option pour ceux qui souhaitent se souvenir de l&rsquo;essence de S\u00e9ville et de son art flamenco.<\/p>\n","protected":false},"excerpt":{"rendered":"<p>Louche en c\u00e9ramique au design artisanal, peinte \u00e0 la main, inspir\u00e9e du vibrant folklore s\u00e9villan. Ce bel ustensile pr\u00e9sente une illustration d&rsquo;une bailaora v\u00eatue d&rsquo;un costume color\u00e9 \u00e9voquant l&rsquo;essence du flamenco, entour\u00e9e de fleurs rouges et vertes. Avec une finition de couleur beige et un bord rouge, cette louche est une pi\u00e8ce d\u00e9corative et fonctionnelle, id\u00e9ale pour ajouter une touche andalouse \u00e0 votre cuisine tout en profitant de l&rsquo;art traditionnel espagnol.<\/p>\n","protected":false},"featured_media":7039,"template":"","meta":{"_acf_changed":false},"product_brand":[],"product_cat":[798],"product_tag":[585],"class_list":{"0":"post-30030","1":"product","2":"type-product","3":"status-publish","4":"has-post-thumbnail","6":"product_cat-louches","7":"product_tag-ceramique","8":"pa_ciudad-sevilla","9":"pa_motivo-danseurs","10":"pa_pais-espana","12":"first","13":"instock","14":"shipping-taxable","15":"product-type-simple"},"acf":[],"_links":{"self":[{"href":"https:\/\/olemosaic.orbitalia.org\/fr\/wp-json\/wp\/v2\/product\/30030","targetHints":{"allow":["GET"]}}],"collection":[{"href":"https:\/\/olemosaic.orbitalia.org\/fr\/wp-json\/wp\/v2\/product"}],"about":[{"href":"https:\/\/olemosaic.orbitalia.org\/fr\/wp-json\/wp\/v2\/types\/product"}],"wp:featuredmedia":[{"embeddable":true,"href":"https:\/\/olemosaic.orbitalia.org\/fr\/wp-json\/wp\/v2\/media\/7039"}],"wp:attachment":[{"href":"https:\/\/olemosaic.orbitalia.org\/fr\/wp-json\/wp\/v2\/media?parent=30030"}],"wp:term":[{"taxonomy":"product_brand","embeddable":true,"href":"https:\/\/olemosaic.orbitalia.org\/fr\/wp-json\/wp\/v2\/product_brand?post=30030"},{"taxonomy":"product_cat","embeddable":true,"href":"https:\/\/olemosaic.orbitalia.org\/fr\/wp-json\/wp\/v2\/product_cat?post=30030"},{"taxonomy":"product_tag","embeddable":true,"href":"https:\/\/olemosaic.orbitalia.org\/fr\/wp-json\/wp\/v2\/product_tag?post=30030"}],"curies":[{"name":"wp","href":"https:\/\/api.w.org\/{rel}","templated":true}]}}