{"id":30029,"date":"2025-02-20T23:31:37","date_gmt":"2025-02-20T22:31:37","guid":{"rendered":"https:\/\/olemosaic.orbitalia.org\/producto\/cucharon-de-ceramica-flores-blanco\/"},"modified":"2025-07-25T18:41:23","modified_gmt":"2025-07-25T16:41:23","slug":"louche-en-ceramique-fleurs-blanc","status":"publish","type":"product","link":"https:\/\/olemosaic.orbitalia.org\/fr\/produit\/louche-en-ceramique-fleurs-blanc\/","title":{"rendered":"Louche en c\u00e9ramique. Fleurs. Blanc"},"content":{"rendered":"<p>Cette louche en c\u00e9ramique est un hommage vibrant \u00e0 la riche tradition de l&rsquo;artisanat m\u00e9diterran\u00e9en, id\u00e9ale pour ceux qui recherchent un souvenir authentique alliant fonctionnalit\u00e9 et beaut\u00e9. Avec un motif floral complexe en rouge, jaune, bleu et noir, cette louche se d\u00e9tache sur un fond blanc, cr\u00e9ant un contraste captivant qui apporte de la joie \u00e0 n&rsquo;importe quelle cuisine. La technique de peinture \u00e0 la main garantit que chaque pi\u00e8ce est unique, ce qui en fait un souvenir extraordinaire refl\u00e9tant la diversit\u00e9 de la culture espagnole.<\/p>\n<p>La louche, avec sa finition brillante, n&rsquo;est pas seulement parfaite pour servir une grande vari\u00e9t\u00e9 de plats, mais elle agit \u00e9galement comme un \u00e9l\u00e9ment d\u00e9coratif qui peut orner des \u00e9tag\u00e8res ou des tables. Son design s&rsquo;inspire des mosa\u00efques traditionnelles qui embellissent de nombreuses villes m\u00e9diterran\u00e9ennes, \u00e9voquant des images de places pleines de vie et de couleurs. En choisissant cette louche, les touristes n&rsquo;acqui\u00e8rent pas seulement un ustensile utile, mais un morceau de l&rsquo;essence culturelle de l&rsquo;Espagne.<\/p>\n<p>Chez Ol\u00e9 Mosaic, nous sommes des distributeurs en gros de souvenirs et cette louche en c\u00e9ramique est une excellente option pour les boutiques de cadeaux touristiques souhaitant proposer des produits authentiques et artisanaux. Parfaite pour ceux qui recherchent des souvenirs en c\u00e9ramique repr\u00e9sentant l&rsquo;identit\u00e9 culturelle et artistique de la r\u00e9gion.<\/p>\n","protected":false},"excerpt":{"rendered":"<p>Louche en c\u00e9ramique avec un design floral vibrant en rouge, jaune, bleu et noir, inspir\u00e9 des mosa\u00efques traditionnelles de la culture m\u00e9diterran\u00e9enne. Avec une finition brillante et un fond blanc qui fait ressortir ses couleurs, cette louche est id\u00e9ale pour servir et d\u00e9corer. Peinte dans un style artisanal, chaque pi\u00e8ce est unique. Parfaite pour ajouter une touche de joie \u00e0 n&rsquo;importe quelle cuisine.<\/p>\n","protected":false},"featured_media":8886,"template":"","meta":{"_acf_changed":false},"product_brand":[],"product_cat":[798],"product_tag":[585],"class_list":{"0":"post-30029","1":"product","2":"type-product","3":"status-publish","4":"has-post-thumbnail","6":"product_cat-louches","7":"product_tag-ceramique","8":"pa_motivo-fleurs","10":"first","11":"instock","12":"shipping-taxable","13":"product-type-simple"},"acf":[],"_links":{"self":[{"href":"https:\/\/olemosaic.orbitalia.org\/fr\/wp-json\/wp\/v2\/product\/30029","targetHints":{"allow":["GET"]}}],"collection":[{"href":"https:\/\/olemosaic.orbitalia.org\/fr\/wp-json\/wp\/v2\/product"}],"about":[{"href":"https:\/\/olemosaic.orbitalia.org\/fr\/wp-json\/wp\/v2\/types\/product"}],"wp:featuredmedia":[{"embeddable":true,"href":"https:\/\/olemosaic.orbitalia.org\/fr\/wp-json\/wp\/v2\/media\/8886"}],"wp:attachment":[{"href":"https:\/\/olemosaic.orbitalia.org\/fr\/wp-json\/wp\/v2\/media?parent=30029"}],"wp:term":[{"taxonomy":"product_brand","embeddable":true,"href":"https:\/\/olemosaic.orbitalia.org\/fr\/wp-json\/wp\/v2\/product_brand?post=30029"},{"taxonomy":"product_cat","embeddable":true,"href":"https:\/\/olemosaic.orbitalia.org\/fr\/wp-json\/wp\/v2\/product_cat?post=30029"},{"taxonomy":"product_tag","embeddable":true,"href":"https:\/\/olemosaic.orbitalia.org\/fr\/wp-json\/wp\/v2\/product_tag?post=30029"}],"curies":[{"name":"wp","href":"https:\/\/api.w.org\/{rel}","templated":true}]}}