{"id":30016,"date":"2025-02-20T23:31:36","date_gmt":"2025-02-20T22:31:36","guid":{"rendered":"https:\/\/olemosaic.orbitalia.org\/producto\/cucharon-de-ceramica-toros-blanco-2\/"},"modified":"2025-07-25T18:36:35","modified_gmt":"2025-07-25T16:36:35","slug":"louche-ceramique-taureaux-blanc-2","status":"publish","type":"product","link":"https:\/\/olemosaic.orbitalia.org\/fr\/produit\/louche-ceramique-taureaux-blanc-2\/","title":{"rendered":"Louche en c\u00e9ramique. Taureaux. Blanc."},"content":{"rendered":"<p>Cette louche en c\u00e9ramique d\u00e9cor\u00e9e est un v\u00e9ritable hommage \u00e0 la riche tradition culturelle espagnole, id\u00e9ale pour ceux qui recherchent un souvenir authentique et fonctionnel. Avec une base blanche qui rehausse son design vibrant, la louche pr\u00e9sente des motifs complexes de taureaux, m\u00e9ticuleusement peints \u00e0 la main dans une palette de couleurs vives qui capturent l&rsquo;\u00e9nergie et le symbolisme du monde taurin. Les illustrations incluent un taureau imposant, entour\u00e9 d&rsquo;\u00e9l\u00e9ments qui \u00e9voquent la passion et le folklore espagnol, en faisant une pi\u00e8ce remarquable tant pour l&rsquo;usage culinaire que d\u00e9coratif.<\/p>\n<p>La c\u00e9ramique a \u00e9t\u00e9 soigneusement \u00e9labor\u00e9e, garantissant sa durabilit\u00e9 et sa r\u00e9sistance, en plus de son attrait visuel. Cette louche n&rsquo;est pas seulement id\u00e9ale pour servir vos plats pr\u00e9f\u00e9r\u00e9s, mais c&rsquo;est aussi un \u00e9l\u00e9ment d\u00e9coratif qui ajoutera une touche authentique \u00e0 la cuisine de tout amateur de gastronomie et de culture espagnole. En tant que v\u00e9ritable souvenir de la tradition espagnole, elle se connecte \u00e0 l&rsquo;essence de la tauromachie, un art qui fait partie de la culture du pays depuis des si\u00e8cles.<\/p>\n<p>Chez Ol\u00e9 Mosaic, nous nous sp\u00e9cialisons dans la distribution de souvenirs en gros, offrant des articles comme cette louche en c\u00e9ramique qui refl\u00e8tent le riche h\u00e9ritage culturel de l&rsquo;Espagne. Parfait pour les boutiques de cadeaux touristiques, ce produit est une excellente option pour ceux qui recherchent des souvenirs repr\u00e9sentant v\u00e9ritablement la diversit\u00e9 et le charme de l&rsquo;Espagne. En tant que grossistes d&rsquo;articles authentiques, nous garantissons la qualit\u00e9 et le caract\u00e8re unique de chaque pi\u00e8ce, assurant que nos clients trouvent des produits qui se d\u00e9marquent r\u00e9ellement.<\/p>\n","protected":false},"excerpt":{"rendered":"<p>Louche en c\u00e9ramique d\u00e9cor\u00e9e de motifs color\u00e9s de taureaux, id\u00e9ale pour donner une touche authentique \u00e0 votre cuisine. Ce design pr\u00e9sente une base blanche avec une mosa\u00efque complexe qui met en valeur l&rsquo;image d&rsquo;un taureau dans des tons vifs. Les illustrations ont un effet peint \u00e0 la main, ce qui apporte un caract\u00e8re unique \u00e0 chaque pi\u00e8ce, en faisant un souvenir parfait de la culture espagnole. Un article fonctionnel qui est \u00e9galement une pi\u00e8ce d\u00e9corative id\u00e9ale pour les amateurs de folklore espagnol.<\/p>\n","protected":false},"featured_media":8566,"template":"","meta":{"_acf_changed":false},"product_brand":[],"product_cat":[798],"product_tag":[530,585],"class_list":{"0":"post-30016","1":"product","2":"type-product","3":"status-publish","4":"has-post-thumbnail","6":"product_cat-louches","7":"product_tag-animaux","8":"product_tag-ceramique","9":"pa_motivo-taureaux","11":"first","12":"instock","13":"shipping-taxable","14":"product-type-simple"},"acf":[],"_links":{"self":[{"href":"https:\/\/olemosaic.orbitalia.org\/fr\/wp-json\/wp\/v2\/product\/30016","targetHints":{"allow":["GET"]}}],"collection":[{"href":"https:\/\/olemosaic.orbitalia.org\/fr\/wp-json\/wp\/v2\/product"}],"about":[{"href":"https:\/\/olemosaic.orbitalia.org\/fr\/wp-json\/wp\/v2\/types\/product"}],"wp:featuredmedia":[{"embeddable":true,"href":"https:\/\/olemosaic.orbitalia.org\/fr\/wp-json\/wp\/v2\/media\/8566"}],"wp:attachment":[{"href":"https:\/\/olemosaic.orbitalia.org\/fr\/wp-json\/wp\/v2\/media?parent=30016"}],"wp:term":[{"taxonomy":"product_brand","embeddable":true,"href":"https:\/\/olemosaic.orbitalia.org\/fr\/wp-json\/wp\/v2\/product_brand?post=30016"},{"taxonomy":"product_cat","embeddable":true,"href":"https:\/\/olemosaic.orbitalia.org\/fr\/wp-json\/wp\/v2\/product_cat?post=30016"},{"taxonomy":"product_tag","embeddable":true,"href":"https:\/\/olemosaic.orbitalia.org\/fr\/wp-json\/wp\/v2\/product_tag?post=30016"}],"curies":[{"name":"wp","href":"https:\/\/api.w.org\/{rel}","templated":true}]}}