{"id":30012,"date":"2025-02-20T23:31:35","date_gmt":"2025-02-20T22:31:35","guid":{"rendered":"https:\/\/olemosaic.orbitalia.org\/producto\/cucharon-de-ceramica-panoramica-barcelona-beige\/"},"modified":"2025-07-25T19:04:19","modified_gmt":"2025-07-25T17:04:19","slug":"louche-ceramique-panoramique-barcelone-beige","status":"publish","type":"product","link":"https:\/\/olemosaic.orbitalia.org\/fr\/produit\/louche-ceramique-panoramique-barcelone-beige\/","title":{"rendered":"Louche en c\u00e9ramique. Panoramique. Monument \u00e0 Colomb. Barcelone. Beige"},"content":{"rendered":"<p>Cette louche en c\u00e9ramique d\u00e9cor\u00e9e est un souvenir exquis de Barcelone qui capture l&rsquo;essence de cette m\u00e9tropole vibrante. Avec une charmante vue panoramique dans les tons beige et rouge, cet article pr\u00e9sente une illustration de l&#8217;embl\u00e9matique Monument \u00e0 Colomb, entour\u00e9 de palmiers et de d\u00e9tails architecturaux qui \u00e9voquent la riche histoire et la modernit\u00e9 de la ville. Chaque louche est peinte \u00e0 la main, ce qui garantit que chaque pi\u00e8ce est unique et refl\u00e8te l&rsquo;artisanat de la culture catalane. La base de la louche d\u00e9ploie une s\u00e9rie de mosa\u00efques stylis\u00e9es qui rendent hommage \u00e0 la c\u00e9l\u00e8bre tradition de design de la ville.<\/p>\n<p>Cette louche n&rsquo;est pas seulement un accessoire fonctionnel pour tout amateur de cuisine, mais c&rsquo;est aussi un excellent \u00e9l\u00e9ment d\u00e9coratif qui permettra aux touristes de se souvenir de leur visite \u00e0 Barcelone. Son authenticit\u00e9 en tant que souvenir typiquement catalan en fait un choix id\u00e9al pour ceux qui cherchent \u00e0 ramener un morceau de la ville chez eux. Chez Ol\u00e9 Mosaic, nous reconnaissons l&rsquo;importance d&rsquo;offrir des souvenirs en c\u00e9ramique ayant une valeur culturelle ; cette louche est un choix de premier plan pour les boutiques de cadeaux touristiques souhaitant proposer des produits repr\u00e9sentatifs de Barcelone. En tant que grossistes en c\u00e9ramique, nous garantissons que chaque pi\u00e8ce allie qualit\u00e9, \u00e9l\u00e9gance et connexion culturelle, ce qui en fait un cadeau m\u00e9morable et significatif.<\/p>\n","protected":false},"excerpt":{"rendered":"<p>Louche en c\u00e9ramique d\u00e9cor\u00e9e d&rsquo;une charmante vue panoramique de Barcelone dans les tons beige et rouge. Cet article pr\u00e9sente une illustration de l&#8217;embl\u00e9matique Monument \u00e0 Colomb, entour\u00e9 de palmiers et de d\u00e9tails architecturaux typiques de la ville. Peinte dans un style artisanal, chaque pi\u00e8ce refl\u00e8te l&rsquo;essence de la culture catalane. Id\u00e9ale comme souvenir ou \u00e9l\u00e9ment d\u00e9coratif pour se rem\u00e9morer la visite de cette m\u00e9tropole vibrante. Parfaite pour ajouter une touche distinctive \u00e0 la cuisine.<\/p>\n","protected":false},"featured_media":7700,"template":"","meta":{"_acf_changed":false},"product_brand":[],"product_cat":[798],"product_tag":[585],"class_list":{"0":"post-30012","1":"product","2":"type-product","3":"status-publish","4":"has-post-thumbnail","6":"product_cat-louches","7":"product_tag-ceramique","8":"pa_ciudad-barcelona","9":"pa_motivo-panoramas","10":"pa_pais-espana","12":"first","13":"instock","14":"shipping-taxable","15":"product-type-simple"},"acf":[],"_links":{"self":[{"href":"https:\/\/olemosaic.orbitalia.org\/fr\/wp-json\/wp\/v2\/product\/30012","targetHints":{"allow":["GET"]}}],"collection":[{"href":"https:\/\/olemosaic.orbitalia.org\/fr\/wp-json\/wp\/v2\/product"}],"about":[{"href":"https:\/\/olemosaic.orbitalia.org\/fr\/wp-json\/wp\/v2\/types\/product"}],"wp:featuredmedia":[{"embeddable":true,"href":"https:\/\/olemosaic.orbitalia.org\/fr\/wp-json\/wp\/v2\/media\/7700"}],"wp:attachment":[{"href":"https:\/\/olemosaic.orbitalia.org\/fr\/wp-json\/wp\/v2\/media?parent=30012"}],"wp:term":[{"taxonomy":"product_brand","embeddable":true,"href":"https:\/\/olemosaic.orbitalia.org\/fr\/wp-json\/wp\/v2\/product_brand?post=30012"},{"taxonomy":"product_cat","embeddable":true,"href":"https:\/\/olemosaic.orbitalia.org\/fr\/wp-json\/wp\/v2\/product_cat?post=30012"},{"taxonomy":"product_tag","embeddable":true,"href":"https:\/\/olemosaic.orbitalia.org\/fr\/wp-json\/wp\/v2\/product_tag?post=30012"}],"curies":[{"name":"wp","href":"https:\/\/api.w.org\/{rel}","templated":true}]}}