{"id":29976,"date":"2025-02-20T23:31:35","date_gmt":"2025-02-20T22:31:35","guid":{"rendered":"https:\/\/olemosaic.orbitalia.org\/producto\/cucharon-de-ceramica-bailaora-beige\/"},"modified":"2025-07-25T19:54:07","modified_gmt":"2025-07-25T17:54:07","slug":"louche-en-ceramique-danseuse-flamenco-beige","status":"publish","type":"product","link":"https:\/\/olemosaic.orbitalia.org\/fr\/produit\/louche-en-ceramique-danseuse-flamenco-beige\/","title":{"rendered":"Louche en c\u00e9ramique. Danseuse de flamenco. Beige"},"content":{"rendered":"<p>Cette louche en c\u00e9ramique d\u00e9cor\u00e9e est un souvenir charmant qui capture l&rsquo;essence du folklore espagnol \u00e0 travers une illustration vibrante d&rsquo;une danseuse de flamenco. Sa base dans les tons beige est rehauss\u00e9e d&rsquo;un \u00e9l\u00e9gant bord noir, tandis que le design peint \u00e0 la main met en valeur des motifs floraux \u00e9nergiques et des \u00e9clats de rouge qui ajoutent une touche festive. La danseuse, v\u00eatue d&rsquo;un costume frappant \u00e0 pois rouges, tient un bouquet d&rsquo;\u0153illets, symbolisant la joie et le dynamisme de la culture andalouse.<\/p>\n<p>Cet ustensile n&rsquo;est pas seulement esth\u00e9tiquement attrayant, il repr\u00e9sente \u00e9galement un morceau de la tradition espagnole, id\u00e9al pour ceux qui souhaitent incorporer une touche culturelle et artistique \u00e0 leur cuisine. Parfait comme souvenir d&rsquo;Espagne, cette louche est une pi\u00e8ce authentique qui pourra orner n&rsquo;importe quel foyer, \u00e9voquant les festivit\u00e9s vibrantes et la riche histoire du flamenco.<\/p>\n<p>Chez Ol\u00e9 Mosaic, en tant que grossiste d&rsquo;articles traditionnels, nous proposons cette louche en c\u00e9ramique qui est une excellente option pour les boutiques de cadeaux touristiques \u00e0 la recherche de produits refl\u00e9tant l&rsquo;identit\u00e9 culturelle espagnole. Ce souvenir de flamenco est un cadeau id\u00e9al pour les touristes cherchant \u00e0 emporter un souvenir significatif et de qualit\u00e9 de leur visite.<\/p>\n","protected":false},"excerpt":{"rendered":"<p>Louche en c\u00e9ramique d\u00e9cor\u00e9e de l&rsquo;image d&rsquo;une danseuse de flamenco, \u00e9voquant l&rsquo;essence de l&rsquo;Espagne. Cet ustensile attrayant, dans les tons beige avec un \u00e9l\u00e9gant bord noir, pr\u00e9sente un design artisanal, peint \u00e0 la main, avec des motifs floraux et des d\u00e9tails en rouge. La danseuse, v\u00eatue d&rsquo;un costume vibrant \u00e0 pois, tient un bouquet d&rsquo;\u0153illets, capturant la joie du folklore espagnol dans chaque d\u00e9tail. Id\u00e9al pour donner une touche culturelle et artistique \u00e0 votre cuisine.<\/p>\n","protected":false},"featured_media":7004,"template":"","meta":{"_acf_changed":false},"product_brand":[],"product_cat":[798],"product_tag":[585],"class_list":{"0":"post-29976","1":"product","2":"type-product","3":"status-publish","4":"has-post-thumbnail","6":"product_cat-louches","7":"product_tag-ceramique","8":"pa_motivo-danseurs","10":"first","11":"instock","12":"shipping-taxable","13":"product-type-simple"},"acf":[],"_links":{"self":[{"href":"https:\/\/olemosaic.orbitalia.org\/fr\/wp-json\/wp\/v2\/product\/29976","targetHints":{"allow":["GET"]}}],"collection":[{"href":"https:\/\/olemosaic.orbitalia.org\/fr\/wp-json\/wp\/v2\/product"}],"about":[{"href":"https:\/\/olemosaic.orbitalia.org\/fr\/wp-json\/wp\/v2\/types\/product"}],"wp:featuredmedia":[{"embeddable":true,"href":"https:\/\/olemosaic.orbitalia.org\/fr\/wp-json\/wp\/v2\/media\/7004"}],"wp:attachment":[{"href":"https:\/\/olemosaic.orbitalia.org\/fr\/wp-json\/wp\/v2\/media?parent=29976"}],"wp:term":[{"taxonomy":"product_brand","embeddable":true,"href":"https:\/\/olemosaic.orbitalia.org\/fr\/wp-json\/wp\/v2\/product_brand?post=29976"},{"taxonomy":"product_cat","embeddable":true,"href":"https:\/\/olemosaic.orbitalia.org\/fr\/wp-json\/wp\/v2\/product_cat?post=29976"},{"taxonomy":"product_tag","embeddable":true,"href":"https:\/\/olemosaic.orbitalia.org\/fr\/wp-json\/wp\/v2\/product_tag?post=29976"}],"curies":[{"name":"wp","href":"https:\/\/api.w.org\/{rel}","templated":true}]}}