{"id":29972,"date":"2025-02-20T23:31:34","date_gmt":"2025-02-20T22:31:34","guid":{"rendered":"https:\/\/olemosaic.orbitalia.org\/producto\/cucharon-de-ceramica-madrid-blanco-2\/"},"modified":"2025-07-25T18:36:37","modified_gmt":"2025-07-25T16:36:37","slug":"louche-en-ceramique-madrid-blanc-2","status":"publish","type":"product","link":"https:\/\/olemosaic.orbitalia.org\/fr\/produit\/louche-en-ceramique-madrid-blanc-2\/","title":{"rendered":"Louche en c\u00e9ramique. Madrid. Blanc."},"content":{"rendered":"<p>Cette louche en c\u00e9ramique d\u00e9cor\u00e9e est un v\u00e9ritable hommage \u00e0 la vie tr\u00e9pidante de Madrid, devenant un souvenir incontournable pour ceux qui visitent la capitale espagnole. Son design peint \u00e0 la main pr\u00e9sente une illustration color\u00e9e qui capture parfaitement certains des \u00e9l\u00e9ments les plus embl\u00e9matiques de la ville, comme l&rsquo;iconique Puerta del Sol, aux c\u00f4t\u00e9s de sc\u00e8nes quotidiennes qui refl\u00e8tent l&rsquo;essence de la culture madril\u00e8ne. Les d\u00e9tails dans les tons rouges, verts et bleus ressortent sur le fond blanc, tandis que la texture craquel\u00e9e ajoute une touche de sophistication et d&rsquo;authenticit\u00e9, en faisant un article d\u00e9coratif de grand attrait.<\/p>\n<p>Cette louche n&rsquo;est pas seulement fonctionnelle, elle permet \u00e9galement aux touristes d&#8217;emporter un morceau de la riche histoire et des traditions de Madrid, agissant comme un souvenir artistique qui c\u00e9l\u00e8bre l&rsquo;esprit de la ville. En acqu\u00e9rant ce souvenir, les voyageurs n&rsquo;obtiennent pas seulement un objet utile, mais un fragment culturel qui enrichit leur exp\u00e9rience de voyage.<\/p>\n<p>Chez Ol\u00e9 Mosaic, nous nous sp\u00e9cialisons dans la distribution de souvenirs en gros, offrant ce type de produits authentiques et repr\u00e9sentatifs. Cette louche en c\u00e9ramique est une excellente option pour les boutiques de cadeaux touristiques \u00e0 la recherche d&rsquo;articles uniques et de qualit\u00e9 qui soulignent la beaut\u00e9 et la diversit\u00e9 culturelle de Madrid.<\/p>\n","protected":false},"excerpt":{"rendered":"<p>Louche en c\u00e9ramique d\u00e9cor\u00e9e, inspir\u00e9e de la vie tr\u00e9pidante de Madrid. Cet objet attrayant pr\u00e9sente une illustration color\u00e9e capturant des \u00e9l\u00e9ments embl\u00e9matiques de la ville, tels que la Puerta del Sol et des sc\u00e8nes quotidiennes. Peint dans un style artisanal, le design inclut des d\u00e9tails dans les tons rouges, verts et bleus, qui contrastent avec le fond blanc et la texture craquel\u00e9e. Un souvenir fonctionnel qui refl\u00e8te l&rsquo;essence culturelle de Madrid.<\/p>\n","protected":false},"featured_media":9954,"template":"","meta":{"_acf_changed":false},"product_brand":[],"product_cat":[798],"product_tag":[585],"class_list":{"0":"post-29972","1":"product","2":"type-product","3":"status-publish","4":"has-post-thumbnail","6":"product_cat-louches","7":"product_tag-ceramique","8":"pa_ciudad-madrid","9":"pa_pais-espana","11":"first","12":"instock","13":"shipping-taxable","14":"product-type-simple"},"acf":[],"_links":{"self":[{"href":"https:\/\/olemosaic.orbitalia.org\/fr\/wp-json\/wp\/v2\/product\/29972","targetHints":{"allow":["GET"]}}],"collection":[{"href":"https:\/\/olemosaic.orbitalia.org\/fr\/wp-json\/wp\/v2\/product"}],"about":[{"href":"https:\/\/olemosaic.orbitalia.org\/fr\/wp-json\/wp\/v2\/types\/product"}],"wp:featuredmedia":[{"embeddable":true,"href":"https:\/\/olemosaic.orbitalia.org\/fr\/wp-json\/wp\/v2\/media\/9954"}],"wp:attachment":[{"href":"https:\/\/olemosaic.orbitalia.org\/fr\/wp-json\/wp\/v2\/media?parent=29972"}],"wp:term":[{"taxonomy":"product_brand","embeddable":true,"href":"https:\/\/olemosaic.orbitalia.org\/fr\/wp-json\/wp\/v2\/product_brand?post=29972"},{"taxonomy":"product_cat","embeddable":true,"href":"https:\/\/olemosaic.orbitalia.org\/fr\/wp-json\/wp\/v2\/product_cat?post=29972"},{"taxonomy":"product_tag","embeddable":true,"href":"https:\/\/olemosaic.orbitalia.org\/fr\/wp-json\/wp\/v2\/product_tag?post=29972"}],"curies":[{"name":"wp","href":"https:\/\/api.w.org\/{rel}","templated":true}]}}