{"id":29958,"date":"2025-02-20T22:31:34","date_gmt":"2025-02-20T22:31:34","guid":{"rendered":"https:\/\/olemosaic.orbitalia.org\/producto\/cucharon-de-ceramica-lisboa-blanco\/"},"modified":"2025-07-25T18:38:02","modified_gmt":"2025-07-25T16:38:02","slug":"louche-en-ceramique-lisbonne-blanc","status":"publish","type":"product","link":"https:\/\/olemosaic.orbitalia.org\/fr\/produit\/louche-en-ceramique-lisbonne-blanc\/","title":{"rendered":"Louche en c\u00e9ramique. Lisbonne. Blanc"},"content":{"rendered":"<p>Cette louche en c\u00e9ramique, d\u00e9cor\u00e9e d&rsquo;une illustration vibrante de Lisbonne, est un excellent souvenir qui capture l&rsquo;essence de la magnifique capitale portugaise. Son design pr\u00e9sente un fond bleu intense sur lequel ressortent des d\u00e9tails en blanc, cr\u00e9ant un contraste attrayant et harmonieux. D&rsquo;un c\u00f4t\u00e9, on contemple un tramway jaune embl\u00e9matique serpentant \u00e0 travers les collines, entour\u00e9 d&rsquo;un panorama color\u00e9 incluant des b\u00e2timents traditionnels avec leurs azulejos caract\u00e9ristiques, \u00e9voquant l&rsquo;architecture unique de la ville. Le mot \u00ab\u00a0LISBOA\u00a0\u00bb est \u00e9l\u00e9gamment inscrit dans le design, renfor\u00e7ant son caract\u00e8re distinctif et culturel.<\/p>\n<p>Fabriqu\u00e9e en c\u00e9ramique de haute qualit\u00e9, cette louche est non seulement fonctionnelle, mais aussi une belle pi\u00e8ce d\u00e9corative qui peut embellir n&rsquo;importe quelle cuisine ou salle \u00e0 manger. Elle est id\u00e9ale comme rappel de la riche histoire et de l&rsquo;ambiance vibrante de Lisbonne. Son design artisanal et son authenticit\u00e9 en font le cadeau parfait pour ceux qui recherchent des souvenirs de qualit\u00e9 repr\u00e9sentant la culture portugaise. Chez Ol\u00e9 Mosaic, nous sommes sp\u00e9cialistes de la distribution de souvenirs en gros, et cette louche est une excellente option pour les boutiques de cadeaux touristiques souhaitant proposer des souvenirs authentiques et repr\u00e9sentatifs de Lisbonne. En somme, un ajout pr\u00e9cieux \u00e0 toute collection de souvenirs.<\/p>\n","protected":false},"excerpt":{"rendered":"<p>Louche en c\u00e9ramique d\u00e9cor\u00e9e d&rsquo;une illustration vibrante de Lisbonne. Cette \u00e9l\u00e9gante louche, au fond bleu et d\u00e9tails blancs, montre un tramway embl\u00e9matique et un panorama de la ville avec des b\u00e2timents aux couleurs vives. Le design inclut le mot \u00ab\u00a0LISBOA\u00a0\u00bb, rehaussant son caract\u00e8re distinctif et culturel. Fabriqu\u00e9e en c\u00e9ramique de haute qualit\u00e9, c&rsquo;est le souvenir parfait pour se rappeler la beaut\u00e9 de la capitale portugaise.<\/p>\n","protected":false},"featured_media":9912,"template":"","meta":{"_acf_changed":false},"product_brand":[],"product_cat":[798],"product_tag":[585],"class_list":{"0":"post-29958","1":"product","2":"type-product","3":"status-publish","4":"has-post-thumbnail","6":"product_cat-louches","7":"product_tag-ceramique","8":"pa_ciudad-lisboa","9":"pa_pais-portugal","11":"first","12":"instock","13":"shipping-taxable","14":"product-type-simple"},"acf":[],"_links":{"self":[{"href":"https:\/\/olemosaic.orbitalia.org\/fr\/wp-json\/wp\/v2\/product\/29958","targetHints":{"allow":["GET"]}}],"collection":[{"href":"https:\/\/olemosaic.orbitalia.org\/fr\/wp-json\/wp\/v2\/product"}],"about":[{"href":"https:\/\/olemosaic.orbitalia.org\/fr\/wp-json\/wp\/v2\/types\/product"}],"wp:featuredmedia":[{"embeddable":true,"href":"https:\/\/olemosaic.orbitalia.org\/fr\/wp-json\/wp\/v2\/media\/9912"}],"wp:attachment":[{"href":"https:\/\/olemosaic.orbitalia.org\/fr\/wp-json\/wp\/v2\/media?parent=29958"}],"wp:term":[{"taxonomy":"product_brand","embeddable":true,"href":"https:\/\/olemosaic.orbitalia.org\/fr\/wp-json\/wp\/v2\/product_brand?post=29958"},{"taxonomy":"product_cat","embeddable":true,"href":"https:\/\/olemosaic.orbitalia.org\/fr\/wp-json\/wp\/v2\/product_cat?post=29958"},{"taxonomy":"product_tag","embeddable":true,"href":"https:\/\/olemosaic.orbitalia.org\/fr\/wp-json\/wp\/v2\/product_tag?post=29958"}],"curies":[{"name":"wp","href":"https:\/\/api.w.org\/{rel}","templated":true}]}}