{"id":29957,"date":"2025-02-20T22:31:34","date_gmt":"2025-02-20T22:31:34","guid":{"rendered":"https:\/\/olemosaic.orbitalia.org\/producto\/cucharon-de-ceramica-toro-beige\/"},"modified":"2025-07-25T19:26:49","modified_gmt":"2025-07-25T17:26:49","slug":"louche-en-ceramique-taureau-beige","status":"publish","type":"product","link":"https:\/\/olemosaic.orbitalia.org\/fr\/produit\/louche-en-ceramique-taureau-beige\/","title":{"rendered":"Louche en c\u00e9ramique. Taureau. Beige"},"content":{"rendered":"<p>Cette louche en c\u00e9ramique, d\u00e9cor\u00e9e d&rsquo;un design vibrant de taureau, est un authentique souvenir qui repr\u00e9sente l&rsquo;esprit du folklore espagnol. Sa base beige, m\u00e9ticuleusement \u00e9labor\u00e9e, est orn\u00e9e d&rsquo;une palette de couleurs \u00e9clatantes sous forme de mosa\u00efque qui met en valeur la figure du taureau, symbole embl\u00e9matique de la culture espagnole. Ce design complexe attire non seulement le regard, mais refl\u00e8te \u00e9galement la tradition artisanale de la c\u00e9ramique espagnole, apportant un caract\u00e8re unique et authentique \u00e0 l&rsquo;objet.<\/p>\n<p>Entourant le taureau, de d\u00e9licates illustrations d&rsquo;\u0153illets rouges et des motifs de feuilles vertes rehaussent encore son attrait visuel, \u00e9voquant la riche flore de la p\u00e9ninsule et son lien avec les festivit\u00e9s locales. Cette louche, en plus d&rsquo;\u00eatre fonctionnelle pour la cuisine, id\u00e9ale pour servir des plats typiques, agit comme une pi\u00e8ce d\u00e9corative qui embellit n&rsquo;importe quel foyer avec une touche culturelle.<\/p>\n<p>Ol\u00e9 Mosaic est fier de proposer ce type de souvenirs authentiques, parfaits pour les touristes qui cherchent \u00e0 se rem\u00e9morer leur passage en Espagne. Cette louche en c\u00e9ramique repr\u00e9sente la qualit\u00e9 et le design artisanal de nos produits, id\u00e9aux pour les boutiques de cadeaux touristiques souhaitant offrir \u00e0 leurs clients une connexion authentique avec la culture espagnole. En tant que grossiste d&rsquo;ustensiles de cuisine, nous fournissons des articles uniques qui c\u00e9l\u00e8brent l&rsquo;h\u00e9ritage culturel de l&rsquo;Espagne, transformant chaque achat en un souvenir inoubliable.<\/p>\n","protected":false},"excerpt":{"rendered":"<p>Louche en c\u00e9ramique d\u00e9cor\u00e9e d&rsquo;un design vibrant de taureau, embl\u00e8me du folklore espagnol. Cet ustensile pr\u00e9sente une base beige orn\u00e9e de couleurs vives sous forme de mosa\u00efque, mettant en valeur la figure du taureau, entour\u00e9e de d\u00e9licates illustrations d&rsquo;\u0153illets rouges et de motifs de feuilles vertes. Id\u00e9ale comme \u00e9l\u00e9ment d\u00e9coratif ou pour une utilisation en cuisine, la louche se distingue par son style artisanal et sa peinture d\u00e9taill\u00e9e \u00e0 la main, apportant une touche culturelle et authentique \u00e0 tout int\u00e9rieur.<\/p>\n","protected":false},"featured_media":7005,"template":"","meta":{"_acf_changed":false},"product_brand":[],"product_cat":[798],"product_tag":[530,585],"class_list":{"0":"post-29957","1":"product","2":"type-product","3":"status-publish","4":"has-post-thumbnail","6":"product_cat-louches","7":"product_tag-animaux","8":"product_tag-ceramique","9":"pa_motivo-taureaux","11":"first","12":"instock","13":"shipping-taxable","14":"product-type-simple"},"acf":[],"_links":{"self":[{"href":"https:\/\/olemosaic.orbitalia.org\/fr\/wp-json\/wp\/v2\/product\/29957","targetHints":{"allow":["GET"]}}],"collection":[{"href":"https:\/\/olemosaic.orbitalia.org\/fr\/wp-json\/wp\/v2\/product"}],"about":[{"href":"https:\/\/olemosaic.orbitalia.org\/fr\/wp-json\/wp\/v2\/types\/product"}],"wp:featuredmedia":[{"embeddable":true,"href":"https:\/\/olemosaic.orbitalia.org\/fr\/wp-json\/wp\/v2\/media\/7005"}],"wp:attachment":[{"href":"https:\/\/olemosaic.orbitalia.org\/fr\/wp-json\/wp\/v2\/media?parent=29957"}],"wp:term":[{"taxonomy":"product_brand","embeddable":true,"href":"https:\/\/olemosaic.orbitalia.org\/fr\/wp-json\/wp\/v2\/product_brand?post=29957"},{"taxonomy":"product_cat","embeddable":true,"href":"https:\/\/olemosaic.orbitalia.org\/fr\/wp-json\/wp\/v2\/product_cat?post=29957"},{"taxonomy":"product_tag","embeddable":true,"href":"https:\/\/olemosaic.orbitalia.org\/fr\/wp-json\/wp\/v2\/product_tag?post=29957"}],"curies":[{"name":"wp","href":"https:\/\/api.w.org\/{rel}","templated":true}]}}