{"id":29925,"date":"2025-02-20T22:31:32","date_gmt":"2025-02-20T22:31:32","guid":{"rendered":"https:\/\/olemosaic.orbitalia.org\/producto\/cortador-de-ceramica-bilbao\/"},"modified":"2025-07-25T18:37:26","modified_gmt":"2025-07-25T16:37:26","slug":"coupe-pizza-en-ceramique-bilbao","status":"publish","type":"product","link":"https:\/\/olemosaic.orbitalia.org\/fr\/produit\/coupe-pizza-en-ceramique-bilbao\/","title":{"rendered":"Coupe-pizza en c\u00e9ramique. Bilbao."},"content":{"rendered":"<p>Ce coupe-pizza en c\u00e9ramique d\u00e9cor\u00e9, inspir\u00e9 de la ville embl\u00e9matique de Bilbao, est un ustensile pratique et esth\u00e9tiquement captivant qui allie fonctionnalit\u00e9 et hommage \u00e0 la richesse culturelle de la r\u00e9gion. Il pr\u00e9sente une illustration vibrante qui met en valeur l&rsquo;architecture iconique de Bilbao, notamment le c\u00e9l\u00e8bre mus\u00e9e Guggenheim et la Casa de Juntas historique, repr\u00e9sent\u00e9s dans un style color\u00e9 qui \u00e9voque l&rsquo;art de la mosa\u00efque, caract\u00e9ristique de nombreuses traditions artistiques espagnoles. Son design int\u00e8gre une palette de couleurs vives, avec une pr\u00e9dominance de tons jaunes, bleus et rouges, qui font de ce coupeur un souvenir attrayant, tant pour un usage quotidien que comme pi\u00e8ce d\u00e9corative.<\/p>\n<p>Ce coupeur n&rsquo;est pas seulement un ustensile de cuisine, mais un souvenir repr\u00e9sentatif de Bilbao, id\u00e9al pour les touristes qui souhaitent ramener une partie de la culture basque chez eux. Chez Ol\u00e9 Mosaic, nous sommes sp\u00e9cialistes de la distribution de souvenirs en gros, et ce coupe-pizza en c\u00e9ramique est une excellente option pour les boutiques de cadeaux touristiques \u00e0 la recherche d&rsquo;articles de qualit\u00e9, authentiques et culturellement significatifs. En choisissant ce coupeur, les acheteurs soutiennent la tradition artisanale et le design contemporain qui caract\u00e9risent Bilbao, le consolidant comme un souvenir en c\u00e9ramique id\u00e9al c\u00e9l\u00e9brant le patrimoine local.<\/p>\n","protected":false},"excerpt":{"rendered":"<p>Coupe-pizza en c\u00e9ramique d\u00e9cor\u00e9, inspir\u00e9 de la ville embl\u00e9matique de Bilbao. Cet ustensile pratique pr\u00e9sente une illustration vibrante qui met en valeur l&rsquo;architecture iconique de la ville, comme le mus\u00e9e Guggenheim et la Casa de Juntas, avec un style color\u00e9 \u00e9voquant le c\u00e9l\u00e8bre art de la mosa\u00efque. Son design comprend des couleurs vives et des d\u00e9tails dans des tons jaunes, bleus et rouges, ce qui en fait un souvenir attrayant et fonctionnel pour tout amateur de culture espagnole.<\/p>\n","protected":false},"featured_media":9906,"template":"","meta":{"_acf_changed":false},"product_brand":[],"product_cat":[832],"product_tag":[585],"class_list":{"0":"post-29925","1":"product","2":"type-product","3":"status-publish","4":"has-post-thumbnail","6":"product_cat-emporte-pieces","7":"product_tag-ceramique","8":"pa_ciudad-bilbao","9":"pa_pais-espana","11":"first","12":"instock","13":"shipping-taxable","14":"product-type-simple"},"acf":[],"_links":{"self":[{"href":"https:\/\/olemosaic.orbitalia.org\/fr\/wp-json\/wp\/v2\/product\/29925","targetHints":{"allow":["GET"]}}],"collection":[{"href":"https:\/\/olemosaic.orbitalia.org\/fr\/wp-json\/wp\/v2\/product"}],"about":[{"href":"https:\/\/olemosaic.orbitalia.org\/fr\/wp-json\/wp\/v2\/types\/product"}],"wp:featuredmedia":[{"embeddable":true,"href":"https:\/\/olemosaic.orbitalia.org\/fr\/wp-json\/wp\/v2\/media\/9906"}],"wp:attachment":[{"href":"https:\/\/olemosaic.orbitalia.org\/fr\/wp-json\/wp\/v2\/media?parent=29925"}],"wp:term":[{"taxonomy":"product_brand","embeddable":true,"href":"https:\/\/olemosaic.orbitalia.org\/fr\/wp-json\/wp\/v2\/product_brand?post=29925"},{"taxonomy":"product_cat","embeddable":true,"href":"https:\/\/olemosaic.orbitalia.org\/fr\/wp-json\/wp\/v2\/product_cat?post=29925"},{"taxonomy":"product_tag","embeddable":true,"href":"https:\/\/olemosaic.orbitalia.org\/fr\/wp-json\/wp\/v2\/product_tag?post=29925"}],"curies":[{"name":"wp","href":"https:\/\/api.w.org\/{rel}","templated":true}]}}