{"id":29922,"date":"2025-02-20T22:31:31","date_gmt":"2025-02-20T22:31:31","guid":{"rendered":"https:\/\/olemosaic.orbitalia.org\/producto\/cortador-de-ceramica-bogavante\/"},"modified":"2025-07-25T18:45:40","modified_gmt":"2025-07-25T16:45:40","slug":"coupe-pizza-en-ceramique-homard","status":"publish","type":"product","link":"https:\/\/olemosaic.orbitalia.org\/fr\/produit\/coupe-pizza-en-ceramique-homard\/","title":{"rendered":"Coupe-pizza en c\u00e9ramique. Homard."},"content":{"rendered":"<p>Ce coupe-pizza en c\u00e9ramique, d\u00e9cor\u00e9 d&rsquo;une illustration vibrante de homards, est une pi\u00e8ce unique qui capture l&rsquo;essence de la M\u00e9diterran\u00e9e, id\u00e9ale pour ajouter une touche authentique \u00e0 n&rsquo;importe quelle cuisine. Fabriqu\u00e9 en c\u00e9ramique de haute qualit\u00e9, sa surface pr\u00e9sente un fond bleu qui \u00e9voque les azulejos traditionnels portugais, connus pour leur riche histoire et leur design color\u00e9. Les homards, peints avec beaucoup de d\u00e9tails dans des tons rouges et jaunes, se d\u00e9tachent sur la surface, offrant une repr\u00e9sentation artistique de ce crustac\u00e9, symbole de la riche gastronomie maritime de la r\u00e9gion.<\/p>\n<p>Ce coupeur n&rsquo;est pas seulement fonctionnel, c&rsquo;est aussi un \u00e9l\u00e9ment d\u00e9coratif attrayant qui peut \u00eatre expos\u00e9 dans n&rsquo;importe quel espace. Son design est inspir\u00e9 de la culture de la p\u00eache portugaise, o\u00f9 le homard est un d\u00e9lice culinaire tr\u00e8s appr\u00e9ci\u00e9. En utilisant ce coupeur, les utilisateurs n&rsquo;acqui\u00e8rent pas seulement un outil pratique pour leurs pr\u00e9parations culinaires, mais aussi un morceau du riche h\u00e9ritage culturel m\u00e9diterran\u00e9en.<\/p>\n<p>Chez Ol\u00e9 Mosaic, en tant que grossistes de souvenirs, nous proposons ce coupe-pizza en c\u00e9ramique comme une option de choix pour les boutiques de cadeaux touristiques \u00e0 la recherche de produits authentiques et fonctionnels. Ce coupe-pizza en c\u00e9ramique avec des homards est le souvenir parfait pour ceux qui souhaitent ramener chez eux un morceau du Portugal et de sa culture vibrante.<\/p>\n","protected":false},"excerpt":{"rendered":"<p>Coupe-pizza en c\u00e9ramique d\u00e9cor\u00e9 d&rsquo;une illustration vibrante de homards, id\u00e9al pour donner une touche m\u00e9diterran\u00e9enne \u00e0 votre cuisine. Fabriqu\u00e9 en c\u00e9ramique de haute qualit\u00e9, ce coupeur pr\u00e9sente un fond bleu \u00e9voquant les azulejos traditionnels portugais, tandis que les homards, peints avec des d\u00e9tails color\u00e9s, ressortent dans des tons rouges et jaunes. Son design, en plus d&rsquo;\u00eatre fonctionnel, agit comme un \u00e9l\u00e9ment d\u00e9coratif attrayant.<\/p>\n","protected":false},"featured_media":9491,"template":"","meta":{"_acf_changed":false},"product_brand":[],"product_cat":[832],"product_tag":[530,585],"class_list":{"0":"post-29922","1":"product","2":"type-product","3":"status-publish","4":"has-post-thumbnail","6":"product_cat-emporte-pieces","7":"product_tag-animaux","8":"product_tag-ceramique","9":"pa_motivo-homards","11":"first","12":"instock","13":"shipping-taxable","14":"product-type-simple"},"acf":[],"_links":{"self":[{"href":"https:\/\/olemosaic.orbitalia.org\/fr\/wp-json\/wp\/v2\/product\/29922","targetHints":{"allow":["GET"]}}],"collection":[{"href":"https:\/\/olemosaic.orbitalia.org\/fr\/wp-json\/wp\/v2\/product"}],"about":[{"href":"https:\/\/olemosaic.orbitalia.org\/fr\/wp-json\/wp\/v2\/types\/product"}],"wp:featuredmedia":[{"embeddable":true,"href":"https:\/\/olemosaic.orbitalia.org\/fr\/wp-json\/wp\/v2\/media\/9491"}],"wp:attachment":[{"href":"https:\/\/olemosaic.orbitalia.org\/fr\/wp-json\/wp\/v2\/media?parent=29922"}],"wp:term":[{"taxonomy":"product_brand","embeddable":true,"href":"https:\/\/olemosaic.orbitalia.org\/fr\/wp-json\/wp\/v2\/product_brand?post=29922"},{"taxonomy":"product_cat","embeddable":true,"href":"https:\/\/olemosaic.orbitalia.org\/fr\/wp-json\/wp\/v2\/product_cat?post=29922"},{"taxonomy":"product_tag","embeddable":true,"href":"https:\/\/olemosaic.orbitalia.org\/fr\/wp-json\/wp\/v2\/product_tag?post=29922"}],"curies":[{"name":"wp","href":"https:\/\/api.w.org\/{rel}","templated":true}]}}