{"id":29911,"date":"2025-02-20T22:31:31","date_gmt":"2025-02-20T22:31:31","guid":{"rendered":"https:\/\/olemosaic.orbitalia.org\/producto\/cortador-de-ceramica-mosaico-barcelona\/"},"modified":"2025-07-25T18:40:22","modified_gmt":"2025-07-25T16:40:22","slug":"coupe-pizza-ceramique-mosaique-barcelone","status":"publish","type":"product","link":"https:\/\/olemosaic.orbitalia.org\/fr\/produit\/coupe-pizza-ceramique-mosaique-barcelone\/","title":{"rendered":"Coupe-pizza en c\u00e9ramique. Mosa\u00efque. Barcelone."},"content":{"rendered":"<p>Ce coupe-pizza en c\u00e9ramique, d\u00e9cor\u00e9 d&rsquo;une mosa\u00efque vibrante, est une pi\u00e8ce unique qui \u00e9voque l&rsquo;architecture color\u00e9e de Barcelone. Id\u00e9al pour r\u00e9aliser des coupes pr\u00e9cises en cuisine, cet article pr\u00e9sente une vari\u00e9t\u00e9 de motifs dans les tons bleus, rouges et jaunes, qui rappellent les c\u00e9l\u00e8bres carreaux traditionnels catalans. Son design fonctionnel comprend une surface lisse qui facilite sa manipulation, en faisant un ustensile aussi utile qu&rsquo;attrayant, parfait pour ceux qui appr\u00e9cient la gastronomie et l&rsquo;esth\u00e9tique.<\/p>\n<p>La d\u00e9coration en mosa\u00efque n&rsquo;ajoute pas seulement une touche visuelle captivante, mais rend \u00e9galement hommage au riche h\u00e9ritage culturel de la ville, o\u00f9 l&rsquo;art de la mosa\u00efque est pr\u00e9sent dans nombre de ses architectures embl\u00e9matiques, comme les \u0153uvres de Gaud\u00ed. Ce coupe-pizza aux motifs de mosa\u00efque repr\u00e9sente un souvenir authentique et repr\u00e9sentatif de l&rsquo;essence de Barcelone, constituant un cadeau id\u00e9al pour les touristes cherchant \u00e0 ramener chez eux un morceau de la vibrante culture espagnole.<\/p>\n<p>Chez Ol\u00e9 Mosaic, nous nous sp\u00e9cialisons dans la distribution de souvenirs en gros, et ce coupe-pizza en c\u00e9ramique est une excellente option pour les boutiques de cadeaux touristiques cherchant \u00e0 proposer des produits de qualit\u00e9 alliant fonctionnalit\u00e9 et esth\u00e9tique culturelle. En tant que grossistes de souvenirs, nous garantissons que chaque article refl\u00e8te l&rsquo;authenticit\u00e9 et la beaut\u00e9 de la tradition catalane.<\/p>\n","protected":false},"excerpt":{"rendered":"<p>Coupe-pizza en c\u00e9ramique d\u00e9cor\u00e9 d&rsquo;une mosa\u00efque vibrante qui \u00e9voque l&rsquo;architecture color\u00e9e de Barcelone. Cet article, id\u00e9al pour des coupes pr\u00e9cises en cuisine, pr\u00e9sente une diversit\u00e9 de motifs dans les tons bleus, rouges et jaunes, rappelant les carreaux traditionnels catalans. Sa surface lisse est con\u00e7ue pour faciliter la manipulation, en faisant un \u00e9l\u00e9ment utile et attrayant, inspir\u00e9 par la riche culture visuelle de la ville.<\/p>\n","protected":false},"featured_media":9049,"template":"","meta":{"_acf_changed":false},"product_brand":[],"product_cat":[832],"product_tag":[585],"class_list":{"0":"post-29911","1":"product","2":"type-product","3":"status-publish","4":"has-post-thumbnail","6":"product_cat-emporte-pieces","7":"product_tag-ceramique","8":"pa_ciudad-barcelona","9":"pa_motivo-mosaique","10":"pa_pais-espana","12":"first","13":"instock","14":"shipping-taxable","15":"product-type-simple"},"acf":[],"_links":{"self":[{"href":"https:\/\/olemosaic.orbitalia.org\/fr\/wp-json\/wp\/v2\/product\/29911","targetHints":{"allow":["GET"]}}],"collection":[{"href":"https:\/\/olemosaic.orbitalia.org\/fr\/wp-json\/wp\/v2\/product"}],"about":[{"href":"https:\/\/olemosaic.orbitalia.org\/fr\/wp-json\/wp\/v2\/types\/product"}],"wp:featuredmedia":[{"embeddable":true,"href":"https:\/\/olemosaic.orbitalia.org\/fr\/wp-json\/wp\/v2\/media\/9049"}],"wp:attachment":[{"href":"https:\/\/olemosaic.orbitalia.org\/fr\/wp-json\/wp\/v2\/media?parent=29911"}],"wp:term":[{"taxonomy":"product_brand","embeddable":true,"href":"https:\/\/olemosaic.orbitalia.org\/fr\/wp-json\/wp\/v2\/product_brand?post=29911"},{"taxonomy":"product_cat","embeddable":true,"href":"https:\/\/olemosaic.orbitalia.org\/fr\/wp-json\/wp\/v2\/product_cat?post=29911"},{"taxonomy":"product_tag","embeddable":true,"href":"https:\/\/olemosaic.orbitalia.org\/fr\/wp-json\/wp\/v2\/product_tag?post=29911"}],"curies":[{"name":"wp","href":"https:\/\/api.w.org\/{rel}","templated":true}]}}