{"id":29909,"date":"2025-02-20T22:31:31","date_gmt":"2025-02-20T22:31:31","guid":{"rendered":"https:\/\/olemosaic.orbitalia.org\/producto\/cortador-de-ceramica-salamandra-y-flores\/"},"modified":"2025-07-25T19:23:19","modified_gmt":"2025-07-25T17:23:19","slug":"coupe-pizza-ceramique-salamandre-et-fleurs","status":"publish","type":"product","link":"https:\/\/olemosaic.orbitalia.org\/fr\/produit\/coupe-pizza-ceramique-salamandre-et-fleurs\/","title":{"rendered":"Coupe-pizza en c\u00e9ramique. Salamandre et fleurs."},"content":{"rendered":"<p>Ce coupe-pizza en c\u00e9ramique, d\u00e9cor\u00e9 de salamandres et de fleurs vibrantes, est un reflet authentique du style mosa\u00efque espagnol, id\u00e9al pour ceux qui recherchent un souvenir alliant fonctionnalit\u00e9 et art. Fabriqu\u00e9 en c\u00e9ramique de haute qualit\u00e9, cet ustensile offre non seulement une surface r\u00e9sistante et facile \u00e0 nettoyer, mais pr\u00e9sente \u00e9galement un design visuellement captivant. Les couleurs vives, telles que le rouge, le bleu et le jaune, se d\u00e9ploient sur un fond clair, cr\u00e9ant un ensemble joyeux qui apporte une touche folklorique \u00e0 n&rsquo;importe quelle cuisine.<\/p>\n<p>Le motif des salamandres, repr\u00e9sent\u00e9es de mani\u00e8re stylis\u00e9e, ainsi que les fleurs dans diff\u00e9rentes tonalit\u00e9s, non seulement embellissent ce coupe-pizza, mais \u00e9voquent \u00e9galement la riche tradition artistique espagnole, particuli\u00e8rement dans des r\u00e9gions comme la Catalogne, o\u00f9 les mosa\u00efques sont une forme d&rsquo;expression culturelle majeure. Ce coupe-pizza en c\u00e9ramique, en plus d&rsquo;\u00eatre pratique pour un usage quotidien, devient un souvenir repr\u00e9sentatif des coutumes espagnoles vibrantes, parfait pour les touristes souhaitant ramener chez eux une partie du patrimoine culturel.<\/p>\n<p>Chez Ol\u00e9 Mosaic, nous sommes leaders dans la distribution de souvenirs en gros, garantissant l&rsquo;authenticit\u00e9 et la qualit\u00e9 de nos produits. Ce coupe-pizza en c\u00e9ramique est une excellente option pour les boutiques de cadeaux touristiques \u00e0 la recherche d&rsquo;articles uniques et pertinents qui refl\u00e8tent l&rsquo;esprit de l&rsquo;Espagne. Avec son design accrocheur et son lien culturel, ce coupe-pizza est plus qu&rsquo;un ustensile de cuisine : c&rsquo;est un v\u00e9ritable symbole de la beaut\u00e9 et de l&rsquo;art de notre pays.<\/p>\n","protected":false},"excerpt":{"rendered":"<p>Coupe-pizza en c\u00e9ramique d\u00e9cor\u00e9 de motifs color\u00e9s de salamandres et de fleurs, inspir\u00e9 du style mosa\u00efque typique de l&rsquo;Espagne. Cet ustensile de cuisine pratique est fabriqu\u00e9 en c\u00e9ramique, ce qui lui conf\u00e8re une surface r\u00e9sistante et facile \u00e0 nettoyer. Ses couleurs vibrantes, comme le rouge, le bleu et le jaune, ressortent sur un fond clair, cr\u00e9ant un design attrayant et joyeux. Id\u00e9al pour ajouter une touche folklorique \u00e0 vos repas quotidiens.<\/p>\n","protected":false},"featured_media":8774,"template":"","meta":{"_acf_changed":false},"product_brand":[],"product_cat":[832],"product_tag":[530,585],"class_list":{"0":"post-29909","1":"product","2":"type-product","3":"status-publish","4":"has-post-thumbnail","6":"product_cat-emporte-pieces","7":"product_tag-animaux","8":"product_tag-ceramique","9":"pa_motivo-salamandres","11":"first","12":"instock","13":"shipping-taxable","14":"product-type-simple"},"acf":[],"_links":{"self":[{"href":"https:\/\/olemosaic.orbitalia.org\/fr\/wp-json\/wp\/v2\/product\/29909","targetHints":{"allow":["GET"]}}],"collection":[{"href":"https:\/\/olemosaic.orbitalia.org\/fr\/wp-json\/wp\/v2\/product"}],"about":[{"href":"https:\/\/olemosaic.orbitalia.org\/fr\/wp-json\/wp\/v2\/types\/product"}],"wp:featuredmedia":[{"embeddable":true,"href":"https:\/\/olemosaic.orbitalia.org\/fr\/wp-json\/wp\/v2\/media\/8774"}],"wp:attachment":[{"href":"https:\/\/olemosaic.orbitalia.org\/fr\/wp-json\/wp\/v2\/media?parent=29909"}],"wp:term":[{"taxonomy":"product_brand","embeddable":true,"href":"https:\/\/olemosaic.orbitalia.org\/fr\/wp-json\/wp\/v2\/product_brand?post=29909"},{"taxonomy":"product_cat","embeddable":true,"href":"https:\/\/olemosaic.orbitalia.org\/fr\/wp-json\/wp\/v2\/product_cat?post=29909"},{"taxonomy":"product_tag","embeddable":true,"href":"https:\/\/olemosaic.orbitalia.org\/fr\/wp-json\/wp\/v2\/product_tag?post=29909"}],"curies":[{"name":"wp","href":"https:\/\/api.w.org\/{rel}","templated":true}]}}