{"id":29907,"date":"2025-02-20T22:31:31","date_gmt":"2025-02-20T22:31:31","guid":{"rendered":"https:\/\/olemosaic.orbitalia.org\/producto\/cortador-de-ceramica-panoramica-barcelona\/"},"modified":"2025-07-25T18:40:20","modified_gmt":"2025-07-25T16:40:20","slug":"coupe-pizza-ceramique-panoramique-barcelone","status":"publish","type":"product","link":"https:\/\/olemosaic.orbitalia.org\/fr\/produit\/coupe-pizza-ceramique-panoramique-barcelone\/","title":{"rendered":"Coupe-pizza en c\u00e9ramique. Panoramique. Barcelone."},"content":{"rendered":"<p>Ce coupe-pizza en c\u00e9ramique, avec la vue panoramique vibrante de la Sagrada Familia, est un souvenir embl\u00e9matique de Barcelone, con\u00e7u pour ceux qui appr\u00e9cient l&rsquo;art et la culture. Cet accessoire pratique, fabriqu\u00e9 en c\u00e9ramique de haute qualit\u00e9, garantit durabilit\u00e9 et facilit\u00e9 d&rsquo;utilisation en cuisine. Son design color\u00e9 \u00e9voque l&rsquo;essence du c\u00e9l\u00e8bre architecte Antoni Gaud\u00ed, pr\u00e9sentant une mosa\u00efque de tons rouges, jaunes, bleus et verts qui capture la magnificence de la basilique. Les tours impressionnantes, ainsi que les \u00e9l\u00e9ments d\u00e9coratifs caract\u00e9ristiques, sont repr\u00e9sent\u00e9s avec grand d\u00e9tail, offrant une vue non seulement visuellement attrayante, mais qui transporte \u00e9galement l&rsquo;utilisateur dans les rues de Barcelone.<\/p>\n<p>La Sagrada Familia, symbole incontestable de la ville, est devenue une ic\u00f4ne culturelle qui attire des millions de touristes, et ce coupe-pizza est un moyen parfait de ramener un morceau de cet h\u00e9ritage chez soi. Id\u00e9al pour les passionn\u00e9s de cuisine \u00e0 la recherche d&rsquo;une touche artistique dans leur foyer, ce souvenir refl\u00e8te la riche culture catalane et son d\u00e9vouement aux arts. Chez Ol\u00e9 Mosaic, nous proposons des produits authentiques et repr\u00e9sentatifs qui feront ressortir n&rsquo;importe quelle boutique de souvenirs touristiques, garantissant que chaque pi\u00e8ce soit non seulement fonctionnelle, mais aussi un rappel de la magie de Barcelone. Ce coupe-pizza en c\u00e9ramique est, sans aucun doute, un excellent investissement pour ceux qui recherchent des souvenirs de Barcelone v\u00e9ritablement uniques.<\/p>\n","protected":false},"excerpt":{"rendered":"<p>Coupe-pizza en c\u00e9ramique avec une vue panoramique color\u00e9e de la Sagrada Familia, embl\u00e8me de Barcelone. Cet accessoire pratique, fabriqu\u00e9 en c\u00e9ramique, pr\u00e9sente un design vibrant avec des mosa\u00efques dans les tons rouges, jaunes, bleus et verts, \u00e9voquant le style du c\u00e9l\u00e8bre architecte Antoni Gaud\u00ed. L&rsquo;impression inclut des d\u00e9tails caract\u00e9ristiques de la basilique, avec ses tours impressionnantes et ses \u00e9l\u00e9ments d\u00e9coratifs qui refl\u00e8tent la riche culture catalane. Id\u00e9al pour les amateurs de cuisine \u00e0 la recherche d&rsquo;une touche artistique dans leur maison.<\/p>\n","protected":false},"featured_media":8770,"template":"","meta":{"_acf_changed":false},"product_brand":[],"product_cat":[832],"product_tag":[585],"class_list":{"0":"post-29907","1":"product","2":"type-product","3":"status-publish","4":"has-post-thumbnail","6":"product_cat-emporte-pieces","7":"product_tag-ceramique","8":"pa_ciudad-barcelona","9":"pa_motivo-panoramas","10":"pa_pais-espana","12":"first","13":"instock","14":"shipping-taxable","15":"product-type-simple"},"acf":[],"_links":{"self":[{"href":"https:\/\/olemosaic.orbitalia.org\/fr\/wp-json\/wp\/v2\/product\/29907","targetHints":{"allow":["GET"]}}],"collection":[{"href":"https:\/\/olemosaic.orbitalia.org\/fr\/wp-json\/wp\/v2\/product"}],"about":[{"href":"https:\/\/olemosaic.orbitalia.org\/fr\/wp-json\/wp\/v2\/types\/product"}],"wp:featuredmedia":[{"embeddable":true,"href":"https:\/\/olemosaic.orbitalia.org\/fr\/wp-json\/wp\/v2\/media\/8770"}],"wp:attachment":[{"href":"https:\/\/olemosaic.orbitalia.org\/fr\/wp-json\/wp\/v2\/media?parent=29907"}],"wp:term":[{"taxonomy":"product_brand","embeddable":true,"href":"https:\/\/olemosaic.orbitalia.org\/fr\/wp-json\/wp\/v2\/product_brand?post=29907"},{"taxonomy":"product_cat","embeddable":true,"href":"https:\/\/olemosaic.orbitalia.org\/fr\/wp-json\/wp\/v2\/product_cat?post=29907"},{"taxonomy":"product_tag","embeddable":true,"href":"https:\/\/olemosaic.orbitalia.org\/fr\/wp-json\/wp\/v2\/product_tag?post=29907"}],"curies":[{"name":"wp","href":"https:\/\/api.w.org\/{rel}","templated":true}]}}