{"id":29880,"date":"2025-02-20T23:31:30","date_gmt":"2025-02-20T22:31:30","guid":{"rendered":"https:\/\/olemosaic.orbitalia.org\/producto\/4-bols-de-coco-de-13-x-6-cm-salamandra-4\/"},"modified":"2025-07-25T19:38:30","modified_gmt":"2025-07-25T17:38:30","slug":"4-bols-en-noix-de-coco-13-x-6-cm-salamandre-4","status":"publish","type":"product","link":"https:\/\/olemosaic.orbitalia.org\/fr\/produit\/4-bols-en-noix-de-coco-13-x-6-cm-salamandre-4\/","title":{"rendered":"4 Bols en noix de coco de 13 x 6 cm. Salamandre. Art traditionnel."},"content":{"rendered":"<p>Cet ensemble de quatre bols en noix de coco, de 13 x 6 cm, pr\u00e9sente un motif distinctif de salamandre, reflet de l&rsquo;art traditionnel espagnol dans chaque pi\u00e8ce. Chaque bol est un exemple d&rsquo;artisanat local, peint \u00e0 la main avec des couleurs vibrantes telles que le bleu, le rouge, l&rsquo;orange et le dor\u00e9. La d\u00e9coration complexe \u00e9voque un style naturel et organique, capturant l&rsquo;essence de la faune et de la flore m\u00e9diterran\u00e9ennes qui ont inspir\u00e9 les artistes \u00e0 travers les si\u00e8cles. Le motif de la salamandre, associ\u00e9 \u00e0 la bonne fortune et \u00e0 la r\u00e9g\u00e9n\u00e9ration, souligne encore davantage le lien culturel de ce produit avec l&rsquo;h\u00e9ritage espagnol.<\/p>\n<p>Ces \u00e9l\u00e9gants r\u00e9cipients ne sont pas seulement fonctionnels pour servir des ap\u00e9ritifs ou comme \u00e9l\u00e9ments d\u00e9coratifs, ils apportent \u00e9galement une touche artistique \u00e0 la d\u00e9coration de n&rsquo;importe quelle maison ou \u00e9v\u00e9nement, devenant un excellent souvenir pour les touristes \u00e0 la recherche d&rsquo;une pi\u00e8ce authentique de leur visite en Espagne. Chez Ol\u00e9 Mosaic, nous distribuons des souvenirs uniques et de qualit\u00e9, offrant une option parfaite pour les boutiques de cadeaux touristiques qui souhaitent attirer des clients appr\u00e9ciant l&rsquo;artisanat et la culture. Cet ensemble de bols en noix de coco est une id\u00e9e originale pour ceux qui recherchent des souvenirs authentiques et d\u00e9coratifs qui racontent une histoire.<\/p>\n","protected":false},"excerpt":{"rendered":"<p>Bols en noix de coco de 13 x 6 cm d\u00e9cor\u00e9s du motif distinctif d&rsquo;une salamandre, repr\u00e9sentation de l&rsquo;art traditionnel espagnol. Chaque bol pr\u00e9sente un design unique, de conception artisanale, peint \u00e0 la main, avec des couleurs vibrantes comme le bleu, le rouge, l&rsquo;orange et le dor\u00e9, avec des d\u00e9tails complexes qui \u00e9voquent un style naturel et organique. Ces r\u00e9cipients \u00e9l\u00e9gants sont fonctionnels et apportent en m\u00eame temps une touche artistique \u00e0 la d\u00e9coration de tout foyer ou \u00e9v\u00e9nement.<\/p>\n","protected":false},"featured_media":10635,"template":"","meta":{"_acf_changed":false},"product_brand":[],"product_cat":[521],"product_tag":[530],"class_list":{"0":"post-29880","1":"product","2":"type-product","3":"status-publish","4":"has-post-thumbnail","6":"product_cat-bols","7":"product_tag-animaux","8":"pa_motivo-salamandres","10":"first","11":"instock","12":"shipping-taxable","13":"product-type-simple"},"acf":[],"_links":{"self":[{"href":"https:\/\/olemosaic.orbitalia.org\/fr\/wp-json\/wp\/v2\/product\/29880","targetHints":{"allow":["GET"]}}],"collection":[{"href":"https:\/\/olemosaic.orbitalia.org\/fr\/wp-json\/wp\/v2\/product"}],"about":[{"href":"https:\/\/olemosaic.orbitalia.org\/fr\/wp-json\/wp\/v2\/types\/product"}],"wp:featuredmedia":[{"embeddable":true,"href":"https:\/\/olemosaic.orbitalia.org\/fr\/wp-json\/wp\/v2\/media\/10635"}],"wp:attachment":[{"href":"https:\/\/olemosaic.orbitalia.org\/fr\/wp-json\/wp\/v2\/media?parent=29880"}],"wp:term":[{"taxonomy":"product_brand","embeddable":true,"href":"https:\/\/olemosaic.orbitalia.org\/fr\/wp-json\/wp\/v2\/product_brand?post=29880"},{"taxonomy":"product_cat","embeddable":true,"href":"https:\/\/olemosaic.orbitalia.org\/fr\/wp-json\/wp\/v2\/product_cat?post=29880"},{"taxonomy":"product_tag","embeddable":true,"href":"https:\/\/olemosaic.orbitalia.org\/fr\/wp-json\/wp\/v2\/product_tag?post=29880"}],"curies":[{"name":"wp","href":"https:\/\/api.w.org\/{rel}","templated":true}]}}