{"id":29879,"date":"2025-02-20T23:31:30","date_gmt":"2025-02-20T22:31:30","guid":{"rendered":"https:\/\/olemosaic.orbitalia.org\/producto\/4-bols-de-coco-de-13-x-6-cm-delfin-barcelona-3\/"},"modified":"2025-07-25T18:54:42","modified_gmt":"2025-07-25T16:54:42","slug":"4-bols-en-noix-de-coco-13-x-6-cm-dauphin-barcelone-3","status":"publish","type":"product","link":"https:\/\/olemosaic.orbitalia.org\/fr\/produit\/4-bols-en-noix-de-coco-13-x-6-cm-dauphin-barcelone-3\/","title":{"rendered":"4 Bols en noix de coco de 13 x 6 cm. Dauphin. Effet visuel. Barcelone."},"content":{"rendered":"<p>Ce lot de quatre bols en noix de coco, de 13 x 6 cm, est une repr\u00e9sentation vibrante et authentique de la culture barcelonaise, avec un design qui \u00e9voque la beaut\u00e9 et la richesse de la mer M\u00e9diterran\u00e9e. Chaque bol, \u00e9labor\u00e9 de mani\u00e8re artisanale, pr\u00e9sente un magnifique motif de dauphins qui capture l&rsquo;essence de la vie marine, symbolisant la joie et la libert\u00e9 que l&rsquo;on respire dans cette ville c\u00f4ti\u00e8re embl\u00e9matique. Avec des couleurs vives comme le vert, l&rsquo;orange, le rouge et le dor\u00e9, ces bols g\u00e9n\u00e8rent un effet visuel captivant, parfaits pour d\u00e9corer n&rsquo;importe quelle pi\u00e8ce ou comme r\u00e9cipients originaux pour l&rsquo;ap\u00e9ritif.<\/p>\n<p>Les d\u00e9tails peints \u00e0 la main sur chaque pi\u00e8ce rendent chaque bol unique, soulignant le travail artisanal qui caract\u00e9rise les souvenirs de Barcelone. La combinaison de couleurs vibrantes et les textures douces de la noix de coco apportent une touche agr\u00e9able et distinctive, ce qui en fait un souvenir id\u00e9al pour ceux qui cherchent \u00e0 ramener un morceau de la culture catalane chez eux. Chez Ol\u00e9 Mosaic, nous sommes fiers d&rsquo;\u00eatre distributeurs de ces souvenirs typiques et authentiques qui capturent l&rsquo;essence de leur origine. Ces bols en noix de coco sont, sans aucun doute, une excellente option pour les boutiques de cadeaux touristiques, parfaits pour les touristes \u00e0 la recherche de souvenirs qui racontent une histoire et refl\u00e8tent la beaut\u00e9 de la Cit\u00e9 Comtale.<\/p>\n","protected":false},"excerpt":{"rendered":"<p>Bols en noix de coco de 13 x 6 cm, d\u00e9cor\u00e9s de motifs de dauphins et d&rsquo;un design vibrant repr\u00e9sentant Barcelone. Chaque bol est fabriqu\u00e9 en noix de coco, dans des couleurs vives comme le vert, l&rsquo;orange, le rouge et le dor\u00e9, cr\u00e9ant un effet visuel captivant. Les d\u00e9tails peints \u00e0 la main ajoutent une touche unique et artisanale, transformant chaque pi\u00e8ce en un souvenir parfait qui \u00e9voque la beaut\u00e9 de la mer M\u00e9diterran\u00e9e et la culture catalane.<\/p>\n","protected":false},"featured_media":10656,"template":"","meta":{"_acf_changed":false},"product_brand":[],"product_cat":[521],"product_tag":[530],"class_list":{"0":"post-29879","1":"product","2":"type-product","3":"status-publish","4":"has-post-thumbnail","6":"product_cat-bols","7":"product_tag-animaux","8":"pa_ciudad-barcelona","9":"pa_motivo-dauphins","10":"pa_pais-espana","12":"first","13":"instock","14":"shipping-taxable","15":"product-type-simple"},"acf":[],"_links":{"self":[{"href":"https:\/\/olemosaic.orbitalia.org\/fr\/wp-json\/wp\/v2\/product\/29879","targetHints":{"allow":["GET"]}}],"collection":[{"href":"https:\/\/olemosaic.orbitalia.org\/fr\/wp-json\/wp\/v2\/product"}],"about":[{"href":"https:\/\/olemosaic.orbitalia.org\/fr\/wp-json\/wp\/v2\/types\/product"}],"wp:featuredmedia":[{"embeddable":true,"href":"https:\/\/olemosaic.orbitalia.org\/fr\/wp-json\/wp\/v2\/media\/10656"}],"wp:attachment":[{"href":"https:\/\/olemosaic.orbitalia.org\/fr\/wp-json\/wp\/v2\/media?parent=29879"}],"wp:term":[{"taxonomy":"product_brand","embeddable":true,"href":"https:\/\/olemosaic.orbitalia.org\/fr\/wp-json\/wp\/v2\/product_brand?post=29879"},{"taxonomy":"product_cat","embeddable":true,"href":"https:\/\/olemosaic.orbitalia.org\/fr\/wp-json\/wp\/v2\/product_cat?post=29879"},{"taxonomy":"product_tag","embeddable":true,"href":"https:\/\/olemosaic.orbitalia.org\/fr\/wp-json\/wp\/v2\/product_tag?post=29879"}],"curies":[{"name":"wp","href":"https:\/\/api.w.org\/{rel}","templated":true}]}}