{"id":29878,"date":"2025-02-20T23:31:29","date_gmt":"2025-02-20T22:31:29","guid":{"rendered":"https:\/\/olemosaic.orbitalia.org\/producto\/4-bols-de-coco-de-13-x-6-cm-sardina-lisboa-5\/"},"modified":"2025-07-25T20:08:41","modified_gmt":"2025-07-25T18:08:41","slug":"4-bols-en-noix-de-coco-13-x-6-cm-sardine-lisbonne-5","status":"publish","type":"product","link":"https:\/\/olemosaic.orbitalia.org\/fr\/produit\/4-bols-en-noix-de-coco-13-x-6-cm-sardine-lisbonne-5\/","title":{"rendered":"4 Bols en noix de coco de 13 x 6 cm. Sardine. Mosa\u00efque. Lisbonne."},"content":{"rendered":"<p>Cet ensemble de quatre bols en noix de coco, d&rsquo;un diam\u00e8tre de 13 cm et d&rsquo;une hauteur de 6 cm, est un bijou artisanal qui capture l&rsquo;essence vibrante de Lisbonne. Chaque bol est unique et d\u00e9cor\u00e9 de motifs inspir\u00e9s de la riche culture portugaise, refl\u00e9tant l&rsquo;h\u00e9ritage artistique de la r\u00e9gion. Le premier pr\u00e9sente une charmante bordure de c\u0153urs color\u00e9s \u00e9voquant l&rsquo;amour et la chaleur de cette belle ville. Le deuxi\u00e8me affiche une mosa\u00efque fra\u00eeche de fleurs aux tons chauds, symbolisant la nature exub\u00e9rante de Lisbonne. En contraste, le troisi\u00e8me poss\u00e8de un motif subtil dans des tons marron rappelant les \u00e9l\u00e9ments terrestres de la culture locale, tandis que le dernier met en avant une d\u00e9licate repr\u00e9sentation de sardines, symbole iconique de la gastronomie lisbo\u00e8te.<\/p>\n<p>Ces bols ne sont pas seulement fonctionnels pour servir des ap\u00e9ritifs ou des salades, ils servent \u00e9galement d&rsquo;\u00e9l\u00e9ments d\u00e9coratifs qui apportent une touche artistique \u00e0 n&rsquo;importe quel espace. Fabriqu\u00e9 \u00e0 la main, chaque bol refl\u00e8te le d\u00e9vouement et le talent des artisans locaux, garantissant authenticit\u00e9 et originalit\u00e9 \u00e0 chaque pi\u00e8ce. Cet ensemble est un souvenir id\u00e9al pour les touristes \u00e0 la recherche de cadeaux de Lisbonne, parfait pour ramener un petit morceau de la culture portugaise \u00e0 la maison. Chez Ol\u00e9 Mosaic, en tant que grossiste de souvenirs authentiques, nous proposons des produits qui c\u00e9l\u00e8brent la richesse culturelle de chaque r\u00e9gion, faisant de ces bols un cadeau exceptionnel et repr\u00e9sentatif.<\/p>\n","protected":false},"excerpt":{"rendered":"<p>Ensemble de quatre bols en noix de coco de 13 x 6 cm, d\u00e9cor\u00e9s de motifs inspir\u00e9s de la riche culture de Lisbonne. Chaque bol pr\u00e9sente un design tr\u00e8s sp\u00e9cial : un avec une bordure de c\u0153urs color\u00e9s, un autre avec une mosa\u00efque de fleurs aux tons chauds, un troisi\u00e8me avec un motif subtil dans des tons marron et le dernier avec une d\u00e9licate repr\u00e9sentation de sardines. Tous sont fabriqu\u00e9s artisanalement, refl\u00e9tant l&rsquo;h\u00e9ritage artistique de la r\u00e9gion. Id\u00e9aux pour servir des ap\u00e9ritifs ou comme \u00e9l\u00e9ment d\u00e9coratif.<\/p>\n","protected":false},"featured_media":10687,"template":"","meta":{"_acf_changed":false},"product_brand":[],"product_cat":[521],"product_tag":[530],"class_list":{"0":"post-29878","1":"product","2":"type-product","3":"status-publish","4":"has-post-thumbnail","6":"product_cat-bols","7":"product_tag-animaux","8":"pa_ciudad-lisboa","9":"pa_motivo-sardines","10":"pa_pais-portugal","12":"first","13":"instock","14":"shipping-taxable","15":"product-type-simple"},"acf":[],"_links":{"self":[{"href":"https:\/\/olemosaic.orbitalia.org\/fr\/wp-json\/wp\/v2\/product\/29878","targetHints":{"allow":["GET"]}}],"collection":[{"href":"https:\/\/olemosaic.orbitalia.org\/fr\/wp-json\/wp\/v2\/product"}],"about":[{"href":"https:\/\/olemosaic.orbitalia.org\/fr\/wp-json\/wp\/v2\/types\/product"}],"wp:featuredmedia":[{"embeddable":true,"href":"https:\/\/olemosaic.orbitalia.org\/fr\/wp-json\/wp\/v2\/media\/10687"}],"wp:attachment":[{"href":"https:\/\/olemosaic.orbitalia.org\/fr\/wp-json\/wp\/v2\/media?parent=29878"}],"wp:term":[{"taxonomy":"product_brand","embeddable":true,"href":"https:\/\/olemosaic.orbitalia.org\/fr\/wp-json\/wp\/v2\/product_brand?post=29878"},{"taxonomy":"product_cat","embeddable":true,"href":"https:\/\/olemosaic.orbitalia.org\/fr\/wp-json\/wp\/v2\/product_cat?post=29878"},{"taxonomy":"product_tag","embeddable":true,"href":"https:\/\/olemosaic.orbitalia.org\/fr\/wp-json\/wp\/v2\/product_tag?post=29878"}],"curies":[{"name":"wp","href":"https:\/\/api.w.org\/{rel}","templated":true}]}}