{"id":29877,"date":"2025-02-20T23:31:29","date_gmt":"2025-02-20T22:31:29","guid":{"rendered":"https:\/\/olemosaic.orbitalia.org\/producto\/4-bols-de-coco-de-13-x-6-cm-caballito-de-mar-mallorca-2\/"},"modified":"2025-07-25T19:56:43","modified_gmt":"2025-07-25T17:56:43","slug":"4-bols-en-noix-de-coco-13-x-6-cm-hippocampe-majorque-2","status":"publish","type":"product","link":"https:\/\/olemosaic.orbitalia.org\/fr\/produit\/4-bols-en-noix-de-coco-13-x-6-cm-hippocampe-majorque-2\/","title":{"rendered":"4 Bols en noix de coco de 13 x 6 cm. Hippocampe. Majorque. Bal\u00e9ares."},"content":{"rendered":"<p>Cet ensemble de quatre bols en noix de coco, mesurant chacun 13 x 6 cm, est un v\u00e9ritable reflet de la culture vibrante de Majorque. Chaque bol pr\u00e9sente un design color\u00e9 avec un fond uni dans des tons bleu, rouge, orange et fuchsia, orn\u00e9 de charmants c\u0153urs et de l&rsquo;inscription \u00ab\u00a0Mallorca\u00a0\u00bb. L&rsquo;illustration de l&rsquo;hippocampe, symbole iconique de l&rsquo;\u00eele, pr\u00e9side au centre de chaque pi\u00e8ce, ajoutant une touche d&rsquo;authenticit\u00e9 qui \u00e9voque les eaux cristallines et la riche vie marine de la r\u00e9gion. Fabriqu\u00e9s \u00e0 partir d&rsquo;un mat\u00e9riau durable, ces bols sont id\u00e9aux pour servir des ap\u00e9ritifs et fonctionnent \u00e9galement comme des \u00e9l\u00e9ments d\u00e9coratifs originaux pour la maison, fusionnant fonctionnalit\u00e9 et art en un seul produit. Leur design joyeux et color\u00e9 en fait le souvenir parfait pour ceux qui souhaitent ramener un morceau de Majorque chez eux. Chez Ol\u00e9 Mosaic, experts en distribution de souvenirs en gros, nous proposons ces charmants bols comme une option id\u00e9ale pour les boutiques de souvenirs touristiques \u00e0 la recherche de produits authentiques et repr\u00e9sentatifs de la culture espagnole. Cet ensemble de bols en noix de coco est, sans aucun doute, un excellent choix pour ceux qui recherchent des souvenirs de qualit\u00e9 avec une signification culturelle de Majorque.<\/p>\n","protected":false},"excerpt":{"rendered":"<p>Ensemble de quatre bols en noix de coco de 13 x 6 cm, d\u00e9cor\u00e9s d&rsquo;un charmant hippocampe qui \u00e9voque la culture vibrante de Majorque. Chaque bol pr\u00e9sente un design color\u00e9 avec un fond uni dans des tons bleus, rouges, oranges et fuchsias, orn\u00e9 de c\u0153urs et du mot \u00ab\u00a0Mallorca\u00a0\u00bb. Fabriqu\u00e9s avec un mat\u00e9riau durable, ces bols sont id\u00e9aux pour servir des ap\u00e9ritifs ou comme \u00e9l\u00e9ment d\u00e9coratif original, combinant fonctionnalit\u00e9 et art en un seul produit.<\/p>\n","protected":false},"featured_media":10676,"template":"","meta":{"_acf_changed":false},"product_brand":[],"product_cat":[521],"product_tag":[530],"class_list":{"0":"post-29877","1":"product","2":"type-product","3":"status-publish","4":"has-post-thumbnail","6":"product_cat-bols","7":"product_tag-animaux","8":"pa_ciudad-mallorca","9":"pa_motivo-hippocampes","10":"pa_pais-espana","12":"first","13":"instock","14":"shipping-taxable","15":"product-type-simple"},"acf":[],"_links":{"self":[{"href":"https:\/\/olemosaic.orbitalia.org\/fr\/wp-json\/wp\/v2\/product\/29877","targetHints":{"allow":["GET"]}}],"collection":[{"href":"https:\/\/olemosaic.orbitalia.org\/fr\/wp-json\/wp\/v2\/product"}],"about":[{"href":"https:\/\/olemosaic.orbitalia.org\/fr\/wp-json\/wp\/v2\/types\/product"}],"wp:featuredmedia":[{"embeddable":true,"href":"https:\/\/olemosaic.orbitalia.org\/fr\/wp-json\/wp\/v2\/media\/10676"}],"wp:attachment":[{"href":"https:\/\/olemosaic.orbitalia.org\/fr\/wp-json\/wp\/v2\/media?parent=29877"}],"wp:term":[{"taxonomy":"product_brand","embeddable":true,"href":"https:\/\/olemosaic.orbitalia.org\/fr\/wp-json\/wp\/v2\/product_brand?post=29877"},{"taxonomy":"product_cat","embeddable":true,"href":"https:\/\/olemosaic.orbitalia.org\/fr\/wp-json\/wp\/v2\/product_cat?post=29877"},{"taxonomy":"product_tag","embeddable":true,"href":"https:\/\/olemosaic.orbitalia.org\/fr\/wp-json\/wp\/v2\/product_tag?post=29877"}],"curies":[{"name":"wp","href":"https:\/\/api.w.org\/{rel}","templated":true}]}}