{"id":29871,"date":"2025-02-20T23:31:29","date_gmt":"2025-02-20T22:31:29","guid":{"rendered":"https:\/\/olemosaic.orbitalia.org\/producto\/4-bols-de-coco-de-13-x-6-cm-delfin-mallorca-2\/"},"modified":"2025-07-25T22:29:00","modified_gmt":"2025-07-25T20:29:00","slug":"4-bols-de-coco-de-13-x-6-cm-dauphin-majorque-2","status":"publish","type":"product","link":"https:\/\/olemosaic.orbitalia.org\/fr\/produit\/4-bols-de-coco-de-13-x-6-cm-dauphin-majorque-2\/","title":{"rendered":"4 Bols en noix de coco de 13 x 6 cm. Dauphin. Majorque. Bal\u00e9ares."},"content":{"rendered":"<p>Cet ensemble de quatre bols en noix de coco, chacun avec un design attrayant de dauphin, est un beau souvenir qui capture l&rsquo;essence de Majorque. Avec des dimensions de 13 x 6 cm, ces bols sont d\u00e9cor\u00e9s de couleurs vibrantes, incluant le bleu, le rose, le jaune et une touche transparente, cr\u00e9ant un effet visuel captivant qui refl\u00e8te la vie marine de la M\u00e9diterran\u00e9e. La figure du dauphin, avec un effet peint \u00e0 la main, se place avec \u00e9l\u00e9gance sur un fond color\u00e9, soulignant l&rsquo;habilet\u00e9 artistique du produit et en faisant un article essentiel et distinctif pour n&rsquo;importe quel foyer.<\/p>\n<p>Chaque bol n&rsquo;est pas seulement un r\u00e9cipient \u00e9l\u00e9gant pour les ap\u00e9ritifs, mais fonctionne \u00e9galement comme un \u00e9l\u00e9ment d\u00e9coratif attrayant qui \u00e9voque la chaleur et le charme de la mer des Bal\u00e9ares. La finition brillante de la surface procure une sensation de fra\u00eecheur et de l\u00e9g\u00e8ret\u00e9 qui compl\u00e8te n&rsquo;importe quelle ambiance, facilitant son utilisation aussi bien lors d&rsquo;occasions formelles qu&rsquo;informelles.<\/p>\n<p>Le lien culturel de ces bols avec Majorque est profond, car les dauphins sont un symbole de la joie et de l&rsquo;esprit libre qui caract\u00e9risent cette belle \u00eele. Ces souvenirs de Majorque sont une excellente option pour ceux qui cherchent \u00e0 se souvenir de leur voyage ou \u00e0 emporter un morceau de la M\u00e9diterran\u00e9e avec eux. Chez Ol\u00e9 Mosaic, votre distributeur de souvenirs majorquins authentiques en gros, nous garantissons la qualit\u00e9 et l&rsquo;originalit\u00e9 de chaque pi\u00e8ce, faisant de ces bols un choix id\u00e9al pour les boutiques de cadeaux touristiques souhaitant proposer des produits v\u00e9ritablement repr\u00e9sentatifs de la culture locale.<\/p>\n","protected":false},"excerpt":{"rendered":"<p>Bols en noix de coco de 13 x 6 cm, d\u00e9cor\u00e9s d&rsquo;un charmant motif de dauphin \u00e9voquant l&rsquo;essence de Majorque. Chaque bol pr\u00e9sente un design vibrant avec diff\u00e9rentes couleurs : bleu, rose, jaune et transparent, qui rehaussent la finition brillante de la surface. La technique de peinture \u00e0 la main souligne la figure du dauphin sur un fond de couleur, ajoutant une touche artistique et distinctive. Ils sont parfaits pour servir des ap\u00e9ritifs ou comme \u00e9l\u00e9ments d\u00e9coratifs.<\/p>\n","protected":false},"featured_media":13804,"template":"","meta":{"_acf_changed":false},"product_brand":[],"product_cat":[521],"product_tag":[530],"class_list":{"0":"post-29871","1":"product","2":"type-product","3":"status-publish","4":"has-post-thumbnail","6":"product_cat-bols","7":"product_tag-animaux","8":"pa_ciudad-mallorca","9":"pa_motivo-dauphins","10":"pa_pais-espana","12":"first","13":"instock","14":"shipping-taxable","15":"product-type-simple"},"acf":[],"_links":{"self":[{"href":"https:\/\/olemosaic.orbitalia.org\/fr\/wp-json\/wp\/v2\/product\/29871","targetHints":{"allow":["GET"]}}],"collection":[{"href":"https:\/\/olemosaic.orbitalia.org\/fr\/wp-json\/wp\/v2\/product"}],"about":[{"href":"https:\/\/olemosaic.orbitalia.org\/fr\/wp-json\/wp\/v2\/types\/product"}],"wp:featuredmedia":[{"embeddable":true,"href":"https:\/\/olemosaic.orbitalia.org\/fr\/wp-json\/wp\/v2\/media\/13804"}],"wp:attachment":[{"href":"https:\/\/olemosaic.orbitalia.org\/fr\/wp-json\/wp\/v2\/media?parent=29871"}],"wp:term":[{"taxonomy":"product_brand","embeddable":true,"href":"https:\/\/olemosaic.orbitalia.org\/fr\/wp-json\/wp\/v2\/product_brand?post=29871"},{"taxonomy":"product_cat","embeddable":true,"href":"https:\/\/olemosaic.orbitalia.org\/fr\/wp-json\/wp\/v2\/product_cat?post=29871"},{"taxonomy":"product_tag","embeddable":true,"href":"https:\/\/olemosaic.orbitalia.org\/fr\/wp-json\/wp\/v2\/product_tag?post=29871"}],"curies":[{"name":"wp","href":"https:\/\/api.w.org\/{rel}","templated":true}]}}