{"id":29870,"date":"2025-02-20T23:31:29","date_gmt":"2025-02-20T22:31:29","guid":{"rendered":"https:\/\/olemosaic.orbitalia.org\/producto\/4-bols-de-coco-de-13-x-6-cm-flamenco-3\/"},"modified":"2025-07-25T20:37:26","modified_gmt":"2025-07-25T18:37:26","slug":"4-bols-de-coco-de-13-x-6-cm-flamant-rose-3","status":"publish","type":"product","link":"https:\/\/olemosaic.orbitalia.org\/fr\/produit\/4-bols-de-coco-de-13-x-6-cm-flamant-rose-3\/","title":{"rendered":"4 Bols en noix de coco de 13 x 6 cm. Flamant rose. Fond blanc."},"content":{"rendered":"<p>Cet ensemble de quatre bols en noix de coco est une magnifique repr\u00e9sentation des couleurs et de la joie du folklore espagnol, id\u00e9al pour orner n&rsquo;importe quelle table. Avec des dimensions de 13 x 6 cm, chaque bol se distingue par un design vibrant de flamants roses, o\u00f9 un m\u00e9lange captivant de tons bleus, roses et jaunes se regroupe dans une belle mosa\u00efque sur un fond blanc lumineux. Ce fond souligne l&rsquo;\u00e9l\u00e9gance des flamants roses, d\u00e9cor\u00e9s dans une couleur marron subtile, cr\u00e9ant un contraste charmant avec la palette de couleurs vibrantes de la mosa\u00efque.<\/p>\n<p>Ces bols ne sont pas seulement fonctionnels, parfaits pour servir des ap\u00e9ritifs lors de r\u00e9unions, mais ils servent \u00e9galement de pi\u00e8ces d\u00e9coratives \u00e9voquant la brise fra\u00eeche de la c\u00f4te espagnole. Le lien culturel avec la r\u00e9gion m\u00e9diterran\u00e9enne et l&rsquo;utilisation de motifs typiques font de cet ensemble un souvenir repr\u00e9sentatif, capturant l&rsquo;essence de la culture espagnole et sa riche biodiversit\u00e9.<\/p>\n<p>Ol\u00e9 Mosaic est fier de proposer ces authentiques souvenirs du Portugal et d&rsquo;Espagne, parfaits pour les touristes cherchant \u00e0 emporter un morceau de la culture locale. En tant que grossiste d&rsquo;articles d\u00e9coratifs, nous garantissons la qualit\u00e9 et l&rsquo;originalit\u00e9 de chaque pi\u00e8ce. Ces bols en noix de coco sont une excellente option pour les boutiques de cadeaux touristiques souhaitant proposer des produits uniques et charg\u00e9s de sens culturel.<\/p>\n","protected":false},"excerpt":{"rendered":"<p>Ensemble de quatre bols en noix de coco de 13 x 6 cm, d\u00e9cor\u00e9s d&rsquo;un design vibrant de flamants roses. Chaque bol pr\u00e9sente une mosa\u00efque exquise de pi\u00e8ces dans des tons bleus, roses et jaunes sur un fond blanc qui apporte de la luminosit\u00e9. Les flamants roses sont \u00e9l\u00e9gamment repr\u00e9sent\u00e9s en couleur marron, cr\u00e9ant un beau contraste avec les couleurs vives de la mosa\u00efque. Parfaits pour servir des ap\u00e9ritifs ou comme \u00e9l\u00e9ment d\u00e9coratif, ils \u00e9voquent le charme du folklore espagnol.<\/p>\n","protected":false},"featured_media":13803,"template":"","meta":{"_acf_changed":false},"product_brand":[],"product_cat":[521],"product_tag":[530],"class_list":{"0":"post-29870","1":"product","2":"type-product","3":"status-publish","4":"has-post-thumbnail","6":"product_cat-bols","7":"product_tag-animaux","8":"pa_motivo-flamants-roses","10":"first","11":"instock","12":"shipping-taxable","13":"product-type-simple"},"acf":[],"_links":{"self":[{"href":"https:\/\/olemosaic.orbitalia.org\/fr\/wp-json\/wp\/v2\/product\/29870","targetHints":{"allow":["GET"]}}],"collection":[{"href":"https:\/\/olemosaic.orbitalia.org\/fr\/wp-json\/wp\/v2\/product"}],"about":[{"href":"https:\/\/olemosaic.orbitalia.org\/fr\/wp-json\/wp\/v2\/types\/product"}],"wp:featuredmedia":[{"embeddable":true,"href":"https:\/\/olemosaic.orbitalia.org\/fr\/wp-json\/wp\/v2\/media\/13803"}],"wp:attachment":[{"href":"https:\/\/olemosaic.orbitalia.org\/fr\/wp-json\/wp\/v2\/media?parent=29870"}],"wp:term":[{"taxonomy":"product_brand","embeddable":true,"href":"https:\/\/olemosaic.orbitalia.org\/fr\/wp-json\/wp\/v2\/product_brand?post=29870"},{"taxonomy":"product_cat","embeddable":true,"href":"https:\/\/olemosaic.orbitalia.org\/fr\/wp-json\/wp\/v2\/product_cat?post=29870"},{"taxonomy":"product_tag","embeddable":true,"href":"https:\/\/olemosaic.orbitalia.org\/fr\/wp-json\/wp\/v2\/product_tag?post=29870"}],"curies":[{"name":"wp","href":"https:\/\/api.w.org\/{rel}","templated":true}]}}