{"id":29866,"date":"2025-02-20T23:31:28","date_gmt":"2025-02-20T22:31:28","guid":{"rendered":"https:\/\/olemosaic.orbitalia.org\/producto\/4-bols-de-coco-de-13-x-6-cm-caballito-de-mar-gran-canaria\/"},"modified":"2025-07-25T20:10:52","modified_gmt":"2025-07-25T18:10:52","slug":"4-bols-noix-de-coco-13-x-6-cm-hippocampe-grande-canarie","status":"publish","type":"product","link":"https:\/\/olemosaic.orbitalia.org\/fr\/produit\/4-bols-noix-de-coco-13-x-6-cm-hippocampe-grande-canarie\/","title":{"rendered":"4 Bols en noix de coco de 13 x 6 cm. Hippocampe. Grande Canarie."},"content":{"rendered":"<p>Cet ensemble de quatre bols en noix de coco de 13 x 6 cm, d\u00e9cor\u00e9s de l&#8217;embl\u00e9matique hippocampe, est un authentique souvenir de la Grande Canarie qui capture l&rsquo;essence de l&rsquo;archipel canarien. Chaque bol pr\u00e9sente une combinaison vibrante de couleurs \u00e9clatantes, allant des teintes vertes et dor\u00e9es aux rouges intenses, obtenues gr\u00e2ce \u00e0 une technique de peinture artisanale qui souligne son originalit\u00e9 et sa singularit\u00e9. Les hippocampes, symbole de la vie marine et de la beaut\u00e9 de l&rsquo;environnement canarien, sont m\u00e9ticuleusement illustr\u00e9s sur chaque pi\u00e8ce, offrant un charme et un attrait visuel exceptionnels.<\/p>\n<p>L\u00e9gers et r\u00e9sistants, ces bols ne sont pas seulement parfaits comme \u00e9l\u00e9ments d\u00e9coratifs, mais s&rsquo;av\u00e8rent \u00e9galement id\u00e9aux pour servir des ap\u00e9ritifs, ajoutant une touche canarienne \u00e0 toute occasion sp\u00e9ciale. Leur design tr\u00e8s particulier et l&rsquo;utilisation de mat\u00e9riaux naturels en font un cadeau authentique pour les touristes cherchant \u00e0 ramener un morceau de la culture canarienne chez eux. Ol\u00e9 Mosaic est fier de proposer des souvenirs de la Grande Canarie en gros, garantissant qualit\u00e9 et tradition dans chacune de nos pi\u00e8ces. Cet ensemble de bols en noix de coco est l&rsquo;option parfaite pour les boutiques de cadeaux touristiques \u00e0 la recherche d&rsquo;un produit alliant esth\u00e9tique et fonctionnalit\u00e9, tout en soulignant la valeur culturelle et l&rsquo;authenticit\u00e9 des souvenirs canariens.<\/p>\n","protected":false},"excerpt":{"rendered":"<p>Bols en noix de coco de 13 x 6 cm, d\u00e9cor\u00e9s de l&#8217;embl\u00e9matique hippocampe, typiques de la Grande Canarie. Chaque bol pr\u00e9sente un design vibrant avec des couleurs variant entre les teintes vertes et dor\u00e9es jusqu&rsquo;aux rouges intenses, cr\u00e9\u00e9s gr\u00e2ce \u00e0 une technique de peinture qui souligne leur originalit\u00e9. Ces objets, l\u00e9gers et r\u00e9sistants, sont parfaits comme \u00e9l\u00e9ment d\u00e9coratif ou pour servir des ap\u00e9ritifs, ajoutant une touche canarienne \u00e0 toute occasion.<\/p>\n","protected":false},"featured_media":10652,"template":"","meta":{"_acf_changed":false},"product_brand":[],"product_cat":[521],"product_tag":[530],"class_list":{"0":"post-29866","1":"product","2":"type-product","3":"status-publish","4":"has-post-thumbnail","6":"product_cat-bols","7":"product_tag-animaux","8":"pa_ciudad-gran-canaria","9":"pa_motivo-hippocampes","10":"pa_pais-espana","12":"first","13":"instock","14":"shipping-taxable","15":"product-type-simple"},"acf":[],"_links":{"self":[{"href":"https:\/\/olemosaic.orbitalia.org\/fr\/wp-json\/wp\/v2\/product\/29866","targetHints":{"allow":["GET"]}}],"collection":[{"href":"https:\/\/olemosaic.orbitalia.org\/fr\/wp-json\/wp\/v2\/product"}],"about":[{"href":"https:\/\/olemosaic.orbitalia.org\/fr\/wp-json\/wp\/v2\/types\/product"}],"wp:featuredmedia":[{"embeddable":true,"href":"https:\/\/olemosaic.orbitalia.org\/fr\/wp-json\/wp\/v2\/media\/10652"}],"wp:attachment":[{"href":"https:\/\/olemosaic.orbitalia.org\/fr\/wp-json\/wp\/v2\/media?parent=29866"}],"wp:term":[{"taxonomy":"product_brand","embeddable":true,"href":"https:\/\/olemosaic.orbitalia.org\/fr\/wp-json\/wp\/v2\/product_brand?post=29866"},{"taxonomy":"product_cat","embeddable":true,"href":"https:\/\/olemosaic.orbitalia.org\/fr\/wp-json\/wp\/v2\/product_cat?post=29866"},{"taxonomy":"product_tag","embeddable":true,"href":"https:\/\/olemosaic.orbitalia.org\/fr\/wp-json\/wp\/v2\/product_tag?post=29866"}],"curies":[{"name":"wp","href":"https:\/\/api.w.org\/{rel}","templated":true}]}}