{"id":29863,"date":"2025-02-20T23:31:28","date_gmt":"2025-02-20T22:31:28","guid":{"rendered":"https:\/\/olemosaic.orbitalia.org\/producto\/4-bols-de-coco-de-13-x-6-cm-sardina-lisboa-4\/"},"modified":"2025-07-25T18:37:48","modified_gmt":"2025-07-25T16:37:48","slug":"4-bols-noix-de-coco-13-x-6-cm-sardine-lisbonne-portugal","status":"publish","type":"product","link":"https:\/\/olemosaic.orbitalia.org\/fr\/produit\/4-bols-noix-de-coco-13-x-6-cm-sardine-lisbonne-portugal\/","title":{"rendered":"4 Bols en noix de coco de 13 x 6 cm. Sardine. Lisbonne. Portugal."},"content":{"rendered":"<p>Cet ensemble de quatre bols en noix de coco de 13 x 6 cm est un hommage vibrant \u00e0 la tradition lisbo\u00e8te, avec un design charmant inspir\u00e9 des sardines embl\u00e9matiques qui ornent la culture de Lisbonne. Chaque bol pr\u00e9sente une palette de couleurs captivante, fusionnant des tons bleus, oranges et jaunes qui, compl\u00e9t\u00e9s par un \u00e9mail brillant et textur\u00e9, cr\u00e9ent un impact visuel distinctif et attrayant. Les bols ne sont pas seulement fonctionnels pour servir de d\u00e9licieux ap\u00e9ritifs, mais fonctionnent \u00e9galement comme des pi\u00e8ces d\u00e9coratives irr\u00e9sistibles qui rehaussent n&rsquo;importe quel espace.<\/p>\n<p>La gravure de sardines sur chaque bol est un hommage \u00e0 la riche tradition culinaire de Lisbonne, o\u00f9 ces esp\u00e8ces sont c\u00e9l\u00e9br\u00e9es lors des f\u00eates de la Saint-Antoine et sont devenues un symbole du folklore local. Ce d\u00e9tail ajoute non seulement un charme particulier \u00e0 chaque pi\u00e8ce, mais connecte \u00e9galement les touristes \u00e0 l&rsquo;histoire culturelle de la capitale portugaise.<\/p>\n<p>Chez Ol\u00e9 Mosaic, nous comprenons l&rsquo;importance de proposer des souvenirs authentiques qui repr\u00e9sentent l&rsquo;essence de leur lieu d&rsquo;origine. Ces bols en noix de coco sont parfaits pour les boutiques de cadeaux touristiques \u00e0 la recherche de produits authentiques et color\u00e9s. En tant que distributeurs de souvenirs en gros, nous garantissons que chaque article est non seulement attrayant, mais aussi une excellente repr\u00e9sentation de l&rsquo;h\u00e9ritage culturel de Lisbonne, ce qui en fait le choix id\u00e9al pour ceux qui souhaitent ramener un petit morceau du Portugal chez eux.<\/p>\n","protected":false},"excerpt":{"rendered":"<p>Bols en noix de coco de 13 x 6 cm, d\u00e9cor\u00e9s de motifs de sardines inspir\u00e9s de la culture lisbo\u00e8te. Chaque bol pr\u00e9sente un design color\u00e9 avec des finitions en bleu, orange et jaune, cr\u00e9ant un effet visuel attrayant gr\u00e2ce \u00e0 son \u00e9mail brillant et textur\u00e9. Ils sont id\u00e9aux pour servir des ap\u00e9ritifs ou comme pi\u00e8ce d\u00e9corative, capturant l&rsquo;essence du folklore de Lisbonne dans leur gravure distinctive.<\/p>\n","protected":false},"featured_media":10646,"template":"","meta":{"_acf_changed":false},"product_brand":[],"product_cat":[521],"product_tag":[530],"class_list":{"0":"post-29863","1":"product","2":"type-product","3":"status-publish","4":"has-post-thumbnail","6":"product_cat-bols","7":"product_tag-animaux","8":"pa_ciudad-lisboa","9":"pa_motivo-sardines","10":"pa_pais-portugal","12":"first","13":"instock","14":"shipping-taxable","15":"product-type-simple"},"acf":[],"_links":{"self":[{"href":"https:\/\/olemosaic.orbitalia.org\/fr\/wp-json\/wp\/v2\/product\/29863","targetHints":{"allow":["GET"]}}],"collection":[{"href":"https:\/\/olemosaic.orbitalia.org\/fr\/wp-json\/wp\/v2\/product"}],"about":[{"href":"https:\/\/olemosaic.orbitalia.org\/fr\/wp-json\/wp\/v2\/types\/product"}],"wp:featuredmedia":[{"embeddable":true,"href":"https:\/\/olemosaic.orbitalia.org\/fr\/wp-json\/wp\/v2\/media\/10646"}],"wp:attachment":[{"href":"https:\/\/olemosaic.orbitalia.org\/fr\/wp-json\/wp\/v2\/media?parent=29863"}],"wp:term":[{"taxonomy":"product_brand","embeddable":true,"href":"https:\/\/olemosaic.orbitalia.org\/fr\/wp-json\/wp\/v2\/product_brand?post=29863"},{"taxonomy":"product_cat","embeddable":true,"href":"https:\/\/olemosaic.orbitalia.org\/fr\/wp-json\/wp\/v2\/product_cat?post=29863"},{"taxonomy":"product_tag","embeddable":true,"href":"https:\/\/olemosaic.orbitalia.org\/fr\/wp-json\/wp\/v2\/product_tag?post=29863"}],"curies":[{"name":"wp","href":"https:\/\/api.w.org\/{rel}","templated":true}]}}