{"id":29836,"date":"2025-02-20T23:31:27","date_gmt":"2025-02-20T22:31:27","guid":{"rendered":"https:\/\/olemosaic.orbitalia.org\/producto\/4-bols-de-coco-de-13-x-6-cm-salamandra-2\/"},"modified":"2025-07-25T19:51:19","modified_gmt":"2025-07-25T17:51:19","slug":"4-bols-noix-de-coco-13-x-6-cm-salamandre","status":"publish","type":"product","link":"https:\/\/olemosaic.orbitalia.org\/fr\/produit\/4-bols-noix-de-coco-13-x-6-cm-salamandre\/","title":{"rendered":"4 Bols en noix de coco de 13 x 6 cm. Salamandre."},"content":{"rendered":"<p>Cet ensemble de 4 bols en noix de coco, chacun de 13 x 6 cm, est un exemple exquis d&rsquo;artisanat traditionnel, d\u00e9cor\u00e9 de motifs captivants de salamandres et d&rsquo;une palette vibrante de couleurs mosa\u00efques. Chaque bol pr\u00e9sente un design unique, avec le centre orn\u00e9 d&rsquo;\u00e9l\u00e9gantes salamandres \u00e0 l&rsquo;effet peint \u00e0 la main et les bords embellis de formes color\u00e9es dans les tons bleus, jaunes, verts et marrons, \u00e9voquant la richesse culturelle de la r\u00e9gion. Ce d\u00e9tail rehausse non seulement l&rsquo;esth\u00e9tique de chaque pi\u00e8ce, mais apporte \u00e9galement une touche authentique et artisanale, transformant chaque bol en une \u0153uvre d&rsquo;art.<\/p>\n<p>Id\u00e9aux pour servir des ap\u00e9ritifs ou comme \u00e9l\u00e9ment d\u00e9coratif dans votre maison, ces bols en noix de coco sont fonctionnels et refl\u00e8tent un lien avec l&rsquo;h\u00e9ritage culturel local, o\u00f9 la salamandre symbolise la transformation et l&rsquo;adaptabilit\u00e9. En tant que souvenir, ils sont l&rsquo;option parfaite pour ceux qui recherchent un rappel repr\u00e9sentatif qui encapsule l&rsquo;essence de l&rsquo;Espagne ou du Portugal, en plus d&rsquo;\u00eatre un bel objet d\u00e9coratif.<\/p>\n<p>Chez Ol\u00e9 Mosaic, nous sommes distributeurs de souvenirs authentiques et de qualit\u00e9. Cet ensemble de bols en noix de coco est un excellent choix pour les boutiques de cadeaux touristiques, car il offre un exemple parfait de la tradition artisanale et de la valeur culturelle que recherchent les touristes. Avec nos produits en gros, nous garantissons que chaque pi\u00e8ce sera un excellent produit et, en m\u00eame temps, un souvenir significatif de votre voyage.<\/p>\n","protected":false},"excerpt":{"rendered":"<p>Ensemble de 4 bols en noix de coco de 13 x 6 cm, d\u00e9cor\u00e9s de motifs de salamandres et de mosa\u00efques color\u00e9es inspir\u00e9es de la tradition artisanale. Chaque bol pr\u00e9sente un design unique, avec une palette de tons vibrants incluant des bleus, des jaunes, des verts et des marrons. Les salamandres sont \u00e9l\u00e9gamment peintes \u00e0 la main au centre de chaque bol, dans un m\u00e9lange d\u00e9licat de couleurs qui apporte une touche authentique et culturelle. Id\u00e9al pour servir des ap\u00e9ritifs ou comme \u00e9l\u00e9ment d\u00e9coratif.<\/p>\n","protected":false},"featured_media":10685,"template":"","meta":{"_acf_changed":false},"product_brand":[],"product_cat":[521],"product_tag":[530],"class_list":{"0":"post-29836","1":"product","2":"type-product","3":"status-publish","4":"has-post-thumbnail","6":"product_cat-bols","7":"product_tag-animaux","8":"pa_motivo-salamandres","10":"first","11":"instock","12":"shipping-taxable","13":"product-type-simple"},"acf":[],"_links":{"self":[{"href":"https:\/\/olemosaic.orbitalia.org\/fr\/wp-json\/wp\/v2\/product\/29836","targetHints":{"allow":["GET"]}}],"collection":[{"href":"https:\/\/olemosaic.orbitalia.org\/fr\/wp-json\/wp\/v2\/product"}],"about":[{"href":"https:\/\/olemosaic.orbitalia.org\/fr\/wp-json\/wp\/v2\/types\/product"}],"wp:featuredmedia":[{"embeddable":true,"href":"https:\/\/olemosaic.orbitalia.org\/fr\/wp-json\/wp\/v2\/media\/10685"}],"wp:attachment":[{"href":"https:\/\/olemosaic.orbitalia.org\/fr\/wp-json\/wp\/v2\/media?parent=29836"}],"wp:term":[{"taxonomy":"product_brand","embeddable":true,"href":"https:\/\/olemosaic.orbitalia.org\/fr\/wp-json\/wp\/v2\/product_brand?post=29836"},{"taxonomy":"product_cat","embeddable":true,"href":"https:\/\/olemosaic.orbitalia.org\/fr\/wp-json\/wp\/v2\/product_cat?post=29836"},{"taxonomy":"product_tag","embeddable":true,"href":"https:\/\/olemosaic.orbitalia.org\/fr\/wp-json\/wp\/v2\/product_tag?post=29836"}],"curies":[{"name":"wp","href":"https:\/\/api.w.org\/{rel}","templated":true}]}}