{"id":29835,"date":"2025-02-20T23:31:27","date_gmt":"2025-02-20T22:31:27","guid":{"rendered":"https:\/\/olemosaic.orbitalia.org\/producto\/4-bols-de-coco-de-13-x-6-cm-sardina-lisboa-3\/"},"modified":"2025-07-25T18:42:22","modified_gmt":"2025-07-25T16:42:22","slug":"4-bols-noix-de-coco-13-x-6-cm-sardine-lisbonne","status":"publish","type":"product","link":"https:\/\/olemosaic.orbitalia.org\/fr\/produit\/4-bols-noix-de-coco-13-x-6-cm-sardine-lisbonne\/","title":{"rendered":"4 Bols en noix de coco de 13 x 6 cm. Sardine. Lisbonne. Motif filet de p\u00eache."},"content":{"rendered":"<p>Cet ensemble de 4 bols en noix de coco est une option charmante et vibrante, id\u00e9ale pour ceux qui cherchent \u00e0 ramener un morceau de Lisbonne chez eux. Chaque bol, de 13 x 6 cm, est inspir\u00e9 par la riche tradition de p\u00eache de la ville et pr\u00e9sente un design color\u00e9 qui \u00e9voque l&rsquo;atmosph\u00e8re maritime portugaise. Les tons bleu, orange, rouge et dor\u00e9 s&rsquo;entrelacent dans un motif d\u00e9licat qui imite les filets de p\u00eache, cr\u00e9ant un effet visuel attrayant. Au centre de chaque bol, vous trouverez une sardine avec un effet peint \u00e0 la main, ce qui ajoute une touche d&rsquo;authenticit\u00e9 et de singularit\u00e9 \u00e0 chaque pi\u00e8ce.<\/p>\n<p>Ces bols ne sont pas seulement parfaits pour servir des ap\u00e9ritifs, ils fonctionnent \u00e9galement comme des \u00e9l\u00e9ments d\u00e9coratifs qui rehaussent n&rsquo;importe quelle table avec un style nautique et c\u00f4tier. Le lien culturel de ces bols avec la tradition de p\u00eache de Lisbonne fait de cet ensemble un v\u00e9ritable souvenir repr\u00e9sentatif, rappelant aux touristes la vie c\u00f4ti\u00e8re vibrante de la ville.<\/p>\n<p>Chez Ol\u00e9 Mosaic, nous nous sp\u00e9cialisons dans la distribution de souvenirs en gros, offrant des produits authentiques qui refl\u00e8tent la richesse culturelle espagnole et portugaise. Cet ensemble de bols en noix de coco est un excellent choix pour les boutiques de cadeaux touristiques qui cherchent \u00e0 offrir \u00e0 leurs clients des souvenirs uniques et significatifs de Lisbonne. Avec notre gamme de produits, nous garantissons la qualit\u00e9 et l&rsquo;originalit\u00e9 de chaque pi\u00e8ce.<\/p>\n","protected":false},"excerpt":{"rendered":"<p>Ensemble de 4 bols en noix de coco au design vibrant, chacun de 13 x 6 cm. Inspir\u00e9s par la tradition de p\u00eache de Lisbonne, ces bols pr\u00e9sentent un jeu de couleurs tr\u00e8s attrayant : bleu, orange, rouge et dor\u00e9, avec un motif d\u00e9licat simulant des filets de p\u00eache. Chaque bol est orn\u00e9 d&rsquo;une illustration de sardine de conception artisanale, peinte \u00e0 la main au centre, cr\u00e9ant une pi\u00e8ce unique et d\u00e9corative, id\u00e9ale pour servir des ap\u00e9ritifs ou comme \u00e9l\u00e9ment ornemental.<\/p>\n","protected":false},"featured_media":10639,"template":"","meta":{"_acf_changed":false},"product_brand":[],"product_cat":[521],"product_tag":[530],"class_list":{"0":"post-29835","1":"product","2":"type-product","3":"status-publish","4":"has-post-thumbnail","6":"product_cat-bols","7":"product_tag-animaux","8":"pa_ciudad-lisboa","9":"pa_motivo-sardines","10":"pa_pais-portugal","12":"first","13":"instock","14":"shipping-taxable","15":"product-type-simple"},"acf":[],"_links":{"self":[{"href":"https:\/\/olemosaic.orbitalia.org\/fr\/wp-json\/wp\/v2\/product\/29835","targetHints":{"allow":["GET"]}}],"collection":[{"href":"https:\/\/olemosaic.orbitalia.org\/fr\/wp-json\/wp\/v2\/product"}],"about":[{"href":"https:\/\/olemosaic.orbitalia.org\/fr\/wp-json\/wp\/v2\/types\/product"}],"wp:featuredmedia":[{"embeddable":true,"href":"https:\/\/olemosaic.orbitalia.org\/fr\/wp-json\/wp\/v2\/media\/10639"}],"wp:attachment":[{"href":"https:\/\/olemosaic.orbitalia.org\/fr\/wp-json\/wp\/v2\/media?parent=29835"}],"wp:term":[{"taxonomy":"product_brand","embeddable":true,"href":"https:\/\/olemosaic.orbitalia.org\/fr\/wp-json\/wp\/v2\/product_brand?post=29835"},{"taxonomy":"product_cat","embeddable":true,"href":"https:\/\/olemosaic.orbitalia.org\/fr\/wp-json\/wp\/v2\/product_cat?post=29835"},{"taxonomy":"product_tag","embeddable":true,"href":"https:\/\/olemosaic.orbitalia.org\/fr\/wp-json\/wp\/v2\/product_tag?post=29835"}],"curies":[{"name":"wp","href":"https:\/\/api.w.org\/{rel}","templated":true}]}}