{"id":29828,"date":"2025-02-20T23:31:26","date_gmt":"2025-02-20T22:31:26","guid":{"rendered":"https:\/\/olemosaic.orbitalia.org\/producto\/4-bols-de-coco-de-13-x-6-cm-isla-salamandra-lanzarote\/"},"modified":"2025-07-25T18:58:21","modified_gmt":"2025-07-25T16:58:21","slug":"4-bols-en-noix-de-coco-13-x-6-cm-ile-salamandre-lanzarote","status":"publish","type":"product","link":"https:\/\/olemosaic.orbitalia.org\/fr\/produit\/4-bols-en-noix-de-coco-13-x-6-cm-ile-salamandre-lanzarote\/","title":{"rendered":"4 Bols en noix de coco de 13 x 6 cm. \u00cele + salamandre. Lanzarote."},"content":{"rendered":"<p>Cet ensemble de 4 bols en noix de coco de 13 x 6 cm est un souvenir vibrant qui capture l&rsquo;essence de Lanzarote, un joyau de l&rsquo;archipel des Canaries. Chaque bol pr\u00e9sente un design impressionnant combinant des fragments dans des tons bleus, roses et ambr\u00e9s, peints \u00e0 la main avec soin. Au centre, la silhouette de l&rsquo;\u00eele de Lanzarote se d\u00e9tache, accompagn\u00e9e d&rsquo;une salamandre intr\u00e9pide, symbole repr\u00e9sentatif de la faune locale qui se distingue dans l&rsquo;art canarien.<\/p>\n<p>La fusion de couleurs vibrantes n&rsquo;orne pas seulement les bols, mais \u00e9voque \u00e9galement les paysages volcaniques et la riche biodiversit\u00e9 de l&rsquo;\u00eele, offrant une exp\u00e9rience visuelle qui transporte les voyageurs vers son climat ensoleill\u00e9 et ses plages idylliques. Ces bols ne sont pas de simples pi\u00e8ces d\u00e9coratives, mais d&rsquo;authentiques souvenirs qui c\u00e9l\u00e8brent la culture et l&rsquo;identit\u00e9 de Lanzarote, ce qui en fait une excellente option pour ceux qui cherchent \u00e0 ramener un morceau de cette magnifique \u00eele chez eux.<\/p>\n<p>Chez Ol\u00e9 Mosaic, nous sommes distributeurs de souvenirs authentiques qui refl\u00e8tent la diversit\u00e9 culturelle de l&rsquo;Espagne. Cet ensemble de bols en noix de coco est une proposition id\u00e9ale pour les boutiques de cadeaux touristiques souhaitant proposer des produits de qualit\u00e9 et porteurs de sens. Leur pertinence culturelle et leur design artisanal en font un cadeau parfait pour les touristes qui veulent se souvenir de leur visite \u00e0 Lanzarote. En tant que grossistes en souvenirs, nous garantissons que chaque ensemble se distingue par son originalit\u00e9 et son lien avec la tradition locale.<\/p>\n","protected":false},"excerpt":{"rendered":"<p>Ensemble de 4 bols en noix de coco de 13 x 6 cm, d\u00e9cor\u00e9s d&rsquo;une mosa\u00efque vibrante repr\u00e9sentant l&rsquo;\u00eele de Lanzarote et une salamandre. Chaque bol, \u00e9labor\u00e9 avec soin, pr\u00e9sente un design de fragments dans des tons bleus, roses et ambr\u00e9s, peints \u00e0 la main. Les d\u00e9tails en c\u00e9ramique soulignent la fusion de la culture locale et du paysage naturel de Lanzarote, ce qui en fait un souvenir id\u00e9al pour ramener un morceau de cette magnifique \u00eele chez soi.<\/p>\n","protected":false},"featured_media":12126,"template":"","meta":{"_acf_changed":false},"product_brand":[],"product_cat":[521],"product_tag":[530],"class_list":{"0":"post-29828","1":"product","2":"type-product","3":"status-publish","4":"has-post-thumbnail","6":"product_cat-bols","7":"product_tag-animaux","8":"pa_ciudad-lanzarote","9":"pa_motivo-iles","10":"pa_pais-espana","12":"first","13":"instock","14":"shipping-taxable","15":"product-type-simple"},"acf":[],"_links":{"self":[{"href":"https:\/\/olemosaic.orbitalia.org\/fr\/wp-json\/wp\/v2\/product\/29828","targetHints":{"allow":["GET"]}}],"collection":[{"href":"https:\/\/olemosaic.orbitalia.org\/fr\/wp-json\/wp\/v2\/product"}],"about":[{"href":"https:\/\/olemosaic.orbitalia.org\/fr\/wp-json\/wp\/v2\/types\/product"}],"wp:featuredmedia":[{"embeddable":true,"href":"https:\/\/olemosaic.orbitalia.org\/fr\/wp-json\/wp\/v2\/media\/12126"}],"wp:attachment":[{"href":"https:\/\/olemosaic.orbitalia.org\/fr\/wp-json\/wp\/v2\/media?parent=29828"}],"wp:term":[{"taxonomy":"product_brand","embeddable":true,"href":"https:\/\/olemosaic.orbitalia.org\/fr\/wp-json\/wp\/v2\/product_brand?post=29828"},{"taxonomy":"product_cat","embeddable":true,"href":"https:\/\/olemosaic.orbitalia.org\/fr\/wp-json\/wp\/v2\/product_cat?post=29828"},{"taxonomy":"product_tag","embeddable":true,"href":"https:\/\/olemosaic.orbitalia.org\/fr\/wp-json\/wp\/v2\/product_tag?post=29828"}],"curies":[{"name":"wp","href":"https:\/\/api.w.org\/{rel}","templated":true}]}}