{"id":29826,"date":"2025-02-20T23:31:25","date_gmt":"2025-02-20T22:31:25","guid":{"rendered":"https:\/\/olemosaic.orbitalia.org\/producto\/4-bols-de-coco-de-13-x-6-cm-delfin-barcelona\/"},"modified":"2025-07-25T18:50:11","modified_gmt":"2025-07-25T16:50:11","slug":"4-bols-en-noix-de-coco-de-13-x-6-cm-dauphin-barcelone","status":"publish","type":"product","link":"https:\/\/olemosaic.orbitalia.org\/fr\/produit\/4-bols-en-noix-de-coco-de-13-x-6-cm-dauphin-barcelone\/","title":{"rendered":"4 Bols en noix de coco de 13 x 6 cm. Dauphin. Barcelone."},"content":{"rendered":"<p>Cet ensemble de 4 bols en noix de coco de 13 x 6 cm est le souvenir parfait du charme vibrant de Barcelone. Chaque bol, m\u00e9ticuleusement \u00e9labor\u00e9, pr\u00e9sente un design exclusif dans une palette de couleurs comprenant des tons de bleu, rose, jaune et transparent, \u00e9voquant la brise rafra\u00eechissante de la M\u00e9diterran\u00e9e. Les riches d\u00e9tails en mosa\u00efque qui ornent chaque pi\u00e8ce sont un hommage \u00e0 l&rsquo;architecture embl\u00e9matique de la ville, faisant \u00e9cho \u00e0 des \u0153uvres telles que la Sagrada Familia et le Parc G\u00fcell. Au centre de chaque bol, une \u00e9l\u00e9gante gravure de \u00ab Barcelone \u00bb se combine \u00e0 l&rsquo;image d&rsquo;un dauphin, symbole de joie et d&rsquo;esprit c\u00f4tier, renfor\u00e7ant la connexion avec la magnifique c\u00f4te catalane.<\/p>\n<p>Fonctionnel et d\u00e9coratif, cet ensemble est id\u00e9al pour servir des ap\u00e9ritifs, des bonbons ou simplement comme un \u00e9l\u00e9ment d\u00e9coratif attrayant dans n&rsquo;importe quel environnement. Son design joyeux en fait un excellent souvenir pour les touristes qui cherchent \u00e0 ramener un morceau de Barcelone chez eux. Chez Ol\u00e9 Mosaic, nous comprenons l&rsquo;importance des souvenirs authentiques, c&rsquo;est pourquoi nous proposons ces bols en noix de coco en gros, parfaits pour les boutiques de cadeaux qui souhaitent offrir des produits refl\u00e9tant la culture et la beaut\u00e9 de l&rsquo;Espagne. Cet article se distingue non seulement par son attrait visuel, mais aussi par sa signification culturelle, devenant un incontournable pour ceux qui veulent vivre la magie de Barcelone \u00e0 travers leurs souvenirs.<\/p>\n","protected":false},"excerpt":{"rendered":"<p>Bols en noix de coco de 13 x 6 cm d\u00e9cor\u00e9s d&rsquo;un charmant dauphin, inspir\u00e9s par la culture vibrante de Barcelone. Chaque bol pr\u00e9sente un design tr\u00e8s sp\u00e9cial dans des tons de bleu, rose, jaune et transparent, avec de riches d\u00e9tails en mosa\u00efque \u00e9voquant le style m\u00e9diterran\u00e9en. La pi\u00e8ce est parfaite pour servir des ap\u00e9ritifs ou comme \u00e9l\u00e9ment d\u00e9coratif, et comporte une \u00e9l\u00e9gante gravure de \u00ab Barcelone \u00bb et un dauphin symbolisant la joie de la c\u00f4te.<\/p>\n","protected":false},"featured_media":13799,"template":"","meta":{"_acf_changed":false},"product_brand":[],"product_cat":[521],"product_tag":[530],"class_list":{"0":"post-29826","1":"product","2":"type-product","3":"status-publish","4":"has-post-thumbnail","6":"product_cat-bols","7":"product_tag-animaux","8":"pa_ciudad-barcelona","9":"pa_motivo-dauphins","10":"pa_pais-espana","12":"first","13":"instock","14":"shipping-taxable","15":"product-type-simple"},"acf":[],"_links":{"self":[{"href":"https:\/\/olemosaic.orbitalia.org\/fr\/wp-json\/wp\/v2\/product\/29826","targetHints":{"allow":["GET"]}}],"collection":[{"href":"https:\/\/olemosaic.orbitalia.org\/fr\/wp-json\/wp\/v2\/product"}],"about":[{"href":"https:\/\/olemosaic.orbitalia.org\/fr\/wp-json\/wp\/v2\/types\/product"}],"wp:featuredmedia":[{"embeddable":true,"href":"https:\/\/olemosaic.orbitalia.org\/fr\/wp-json\/wp\/v2\/media\/13799"}],"wp:attachment":[{"href":"https:\/\/olemosaic.orbitalia.org\/fr\/wp-json\/wp\/v2\/media?parent=29826"}],"wp:term":[{"taxonomy":"product_brand","embeddable":true,"href":"https:\/\/olemosaic.orbitalia.org\/fr\/wp-json\/wp\/v2\/product_brand?post=29826"},{"taxonomy":"product_cat","embeddable":true,"href":"https:\/\/olemosaic.orbitalia.org\/fr\/wp-json\/wp\/v2\/product_cat?post=29826"},{"taxonomy":"product_tag","embeddable":true,"href":"https:\/\/olemosaic.orbitalia.org\/fr\/wp-json\/wp\/v2\/product_tag?post=29826"}],"curies":[{"name":"wp","href":"https:\/\/api.w.org\/{rel}","templated":true}]}}