{"id":29825,"date":"2025-02-20T22:31:25","date_gmt":"2025-02-20T22:31:25","guid":{"rendered":"https:\/\/olemosaic.orbitalia.org\/producto\/4-bols-de-coco-de-13-x-6-cm-flamenco\/"},"modified":"2025-07-25T19:34:55","modified_gmt":"2025-07-25T17:34:55","slug":"4-bols-en-noix-de-coco-de-13-x-6-cm-flamenco","status":"publish","type":"product","link":"https:\/\/olemosaic.orbitalia.org\/fr\/produit\/4-bols-en-noix-de-coco-de-13-x-6-cm-flamenco\/","title":{"rendered":"4 Bols en noix de coco de 13 x 6 cm. Flamenco."},"content":{"rendered":"<p>Ce jeu de quatre bols en noix de coco est une expression vibrante de la culture espagnole, id\u00e9al pour ceux qui recherchent des souvenirs authentiques capturant l&rsquo;essence de la tradition et du folklore. Chaque bol, de 13 x 6 cm, se distingue par ses couleurs \u00e9clatantes : bleu, rouge, orange et rose, qui \u00e9voquent la joie et le dynamisme du mode de vie m\u00e9diterran\u00e9en. D\u00e9cor\u00e9s d&rsquo;\u00e9l\u00e9gantes silhouettes de flamencos au centre, ces bols ne sont pas seulement fonctionnels, ils agissent \u00e9galement comme des \u00e9l\u00e9ments d\u00e9coratifs apportant une touche distinctive \u00e0 n&rsquo;importe quelle ambiance.<\/p>\n<p>La fusion de couleurs vives avec les d\u00e9licats d\u00e9tails en blanc souligne l&rsquo;\u00e9l\u00e9gance des flamencos, animaux embl\u00e9matiques de la culture espagnole, symbolisant \u00e0 la fois la beaut\u00e9 naturelle et la vie dans les r\u00e9gions c\u00f4ti\u00e8res. Parfaits pour servir des ap\u00e9ritifs lors d&rsquo;une r\u00e9union ou comme compl\u00e9ments d\u00e9coratifs attrayants, ces bols sont une excellente option pour les touristes \u00e0 la recherche de souvenirs repr\u00e9sentatifs de leur visite en Espagne.<\/p>\n<p>Chez Ol\u00e9 Mosaic, en tant que distributeurs de souvenirs en gros, ce jeu de bols en noix de coco est un choix id\u00e9al pour les boutiques de cadeaux touristiques souhaitant proposer des produits authentiques et culturels. Le choix de ces bols enrichira non seulement l&rsquo;exp\u00e9rience de l&rsquo;acheteur, mais apportera \u00e9galement un morceau d&rsquo;Espagne dans leurs foyers, en faisant un souvenir m\u00e9morable de ce pays vibrant.<\/p>\n","protected":false},"excerpt":{"rendered":"<p>Ensemble de 4 bols en noix de coco de 13 x 6 cm, d\u00e9cor\u00e9s de motifs de flamencos. Ces bols color\u00e9s, dans des tons de bleu, rouge, orange et rose, pr\u00e9sentent un design joyeux et vibrant, avec des silhouettes de flamencos dessin\u00e9es au centre. L&rsquo;\u00e9l\u00e9gance des d\u00e9tails en blanc contraste avec les couleurs vives du fond, offrant une touche distinctive et tr\u00e8s espagnole. Id\u00e9aux pour servir des ap\u00e9ritifs ou comme \u00e9l\u00e9ments d\u00e9coratifs, ils sont un choix parfait pour ajouter une touche joyeuse \u00e0 n&rsquo;importe quelle ambiance.<\/p>\n","protected":false},"featured_media":13798,"template":"","meta":{"_acf_changed":false},"product_brand":[],"product_cat":[521],"product_tag":[530],"class_list":{"0":"post-29825","1":"product","2":"type-product","3":"status-publish","4":"has-post-thumbnail","6":"product_cat-bols","7":"product_tag-animaux","8":"pa_motivo-flamants-roses","10":"first","11":"instock","12":"shipping-taxable","13":"product-type-simple"},"acf":[],"_links":{"self":[{"href":"https:\/\/olemosaic.orbitalia.org\/fr\/wp-json\/wp\/v2\/product\/29825","targetHints":{"allow":["GET"]}}],"collection":[{"href":"https:\/\/olemosaic.orbitalia.org\/fr\/wp-json\/wp\/v2\/product"}],"about":[{"href":"https:\/\/olemosaic.orbitalia.org\/fr\/wp-json\/wp\/v2\/types\/product"}],"wp:featuredmedia":[{"embeddable":true,"href":"https:\/\/olemosaic.orbitalia.org\/fr\/wp-json\/wp\/v2\/media\/13798"}],"wp:attachment":[{"href":"https:\/\/olemosaic.orbitalia.org\/fr\/wp-json\/wp\/v2\/media?parent=29825"}],"wp:term":[{"taxonomy":"product_brand","embeddable":true,"href":"https:\/\/olemosaic.orbitalia.org\/fr\/wp-json\/wp\/v2\/product_brand?post=29825"},{"taxonomy":"product_cat","embeddable":true,"href":"https:\/\/olemosaic.orbitalia.org\/fr\/wp-json\/wp\/v2\/product_cat?post=29825"},{"taxonomy":"product_tag","embeddable":true,"href":"https:\/\/olemosaic.orbitalia.org\/fr\/wp-json\/wp\/v2\/product_tag?post=29825"}],"curies":[{"name":"wp","href":"https:\/\/api.w.org\/{rel}","templated":true}]}}