{"id":29821,"date":"2025-02-20T23:31:25","date_gmt":"2025-02-20T22:31:25","guid":{"rendered":"https:\/\/olemosaic.orbitalia.org\/producto\/plato-de-ceramica-de-10-cm-barcelona-blanco\/"},"modified":"2025-07-25T18:43:41","modified_gmt":"2025-07-25T16:43:41","slug":"assiette-en-ceramique-de-10-cm-barcelone-blanc","status":"publish","type":"product","link":"https:\/\/olemosaic.orbitalia.org\/fr\/produit\/assiette-en-ceramique-de-10-cm-barcelone-blanc\/","title":{"rendered":"Assiette en c\u00e9ramique de 10 cm. Barcelone. Blanc."},"content":{"rendered":"<p>Cette assiette en c\u00e9ramique de 10 cm, avec son design color\u00e9, est un souvenir charmant qui capture l&rsquo;essence de l&rsquo;iconique Barcelone. Elle pr\u00e9sente un design vibrant sur fond blanc, avec des illustrations de l&#8217;embl\u00e9matique Sagrada Familia et d&rsquo;autres monuments remarquables de la ville, avec un effet peint \u00e0 la main dans des couleurs vives comme le rouge, le jaune et le vert, qui \u00e9voquent la joie et le dynamisme de la culture catalane. Le mot \u00ab\u00a0Barcelona\u00a0\u00bb se d\u00e9tache en noir \u00e9l\u00e9gant, ajoutant une touche de modernit\u00e9 \u00e0 son esth\u00e9tique artistique. Cette assiette n&rsquo;est pas seulement une pi\u00e8ce d\u00e9corative, mais aussi un lien profond avec la riche histoire architecturale de la ville, un hommage au g\u00e9nie d&rsquo;artistes comme Antoni Gaud\u00ed. Id\u00e9al comme souvenir, il est parfait pour les touristes souhaitant se souvenir de leur visite \u00e0 Barcelone ou pour ceux qui veulent ramener un morceau de sa culture chez eux. Chez Ol\u00e9 Mosaic, en tant que distributeurs de souvenirs, nous garantissons l&rsquo;authenticit\u00e9 et la qualit\u00e9 de chaque pi\u00e8ce, ce qui fait de cette assiette un souvenir en c\u00e9ramique exceptionnel que les boutiques de cadeaux touristiques voudront proposer \u00e0 leurs clients.<\/p>\n","protected":false},"excerpt":{"rendered":"<p>Assiette en c\u00e9ramique de 10 cm inspir\u00e9e de la ville embl\u00e9matique de Barcelone. Cette jolie assiette pr\u00e9sente un design vibrant en blanc, avec des illustrations de la Sagrada Familia et d&rsquo;autres monuments embl\u00e9matiques, ex\u00e9cut\u00e9es avec une technique de peinture \u00e0 la main qui se distingue par ses couleurs vives, comme le rouge, le jaune et le vert. Le mot \u00ab\u00a0Barcelona\u00a0\u00bb appara\u00eet en noir, faisant de cette assiette un cadeau parfait et un souvenir de la richesse culturelle et architecturale de la ville.<\/p>\n","protected":false},"featured_media":9507,"template":"","meta":{"_acf_changed":false},"product_brand":[],"product_cat":[656],"product_tag":[585],"class_list":{"0":"post-29821","1":"product","2":"type-product","3":"status-publish","4":"has-post-thumbnail","6":"product_cat-assiettes-decoratives","7":"product_tag-ceramique","8":"pa_ciudad-barcelona","9":"pa_pais-espana","11":"first","12":"instock","13":"shipping-taxable","14":"product-type-simple"},"acf":[],"_links":{"self":[{"href":"https:\/\/olemosaic.orbitalia.org\/fr\/wp-json\/wp\/v2\/product\/29821","targetHints":{"allow":["GET"]}}],"collection":[{"href":"https:\/\/olemosaic.orbitalia.org\/fr\/wp-json\/wp\/v2\/product"}],"about":[{"href":"https:\/\/olemosaic.orbitalia.org\/fr\/wp-json\/wp\/v2\/types\/product"}],"wp:featuredmedia":[{"embeddable":true,"href":"https:\/\/olemosaic.orbitalia.org\/fr\/wp-json\/wp\/v2\/media\/9507"}],"wp:attachment":[{"href":"https:\/\/olemosaic.orbitalia.org\/fr\/wp-json\/wp\/v2\/media?parent=29821"}],"wp:term":[{"taxonomy":"product_brand","embeddable":true,"href":"https:\/\/olemosaic.orbitalia.org\/fr\/wp-json\/wp\/v2\/product_brand?post=29821"},{"taxonomy":"product_cat","embeddable":true,"href":"https:\/\/olemosaic.orbitalia.org\/fr\/wp-json\/wp\/v2\/product_cat?post=29821"},{"taxonomy":"product_tag","embeddable":true,"href":"https:\/\/olemosaic.orbitalia.org\/fr\/wp-json\/wp\/v2\/product_tag?post=29821"}],"curies":[{"name":"wp","href":"https:\/\/api.w.org\/{rel}","templated":true}]}}