{"id":29819,"date":"2025-02-20T23:31:24","date_gmt":"2025-02-20T22:31:24","guid":{"rendered":"https:\/\/olemosaic.orbitalia.org\/producto\/gallo-figura-de-resina-de-14-cm-pintada-a-mano\/"},"modified":"2025-07-25T19:07:55","modified_gmt":"2025-07-25T17:07:55","slug":"coq-figurine-en-resine-de-14-cm-peinte-a-la-main","status":"publish","type":"product","link":"https:\/\/olemosaic.orbitalia.org\/fr\/produit\/coq-figurine-en-resine-de-14-cm-peinte-a-la-main\/","title":{"rendered":"Coq. Figurine en mosa\u00efque de 14 cm."},"content":{"rendered":"<p>Ce Coq de Barcelos color\u00e9 est un v\u00e9ritable joyau de l&rsquo;artisanat portugais, fabriqu\u00e9 en r\u00e9sine de haute qualit\u00e9 et peint \u00e0 la main, ce qui garantit que chaque pi\u00e8ce est unique. Avec 14 cm de hauteur, ce coq se distingue par son design vibrant, inspir\u00e9 de la riche tradition folklorique du Portugal. Sa surface, d\u00e9cor\u00e9e d&rsquo;une mosa\u00efque de tons brillants, capte l&rsquo;attention et apporte un air festif \u00e0 n&rsquo;importe quel espace. Les d\u00e9tails complexes en rouge, jaune, bleu et vert sont non seulement captivants visuellement, mais refl\u00e8tent \u00e9galement la symbolique de chance que repr\u00e9sente le Coq de Barcelos, en faisant un souvenir significatif et sp\u00e9cial.<\/p>\n<p>Ce souvenir ne sert pas seulement de d\u00e9coration, mais devient \u00e9galement un symbole de bonne fortune, rappelant \u00e0 celui qui le poss\u00e8de la magie de la culture portugaise. Id\u00e9al pour les touristes \u00e0 la recherche d&rsquo;un cadeau authentique et repr\u00e9sentatif de leur voyage, ce coq est bien plus qu&rsquo;un simple ornement ; c&rsquo;est un morceau d&rsquo;histoire et de tradition qui capture l&rsquo;essence du Portugal. Chez Ol\u00e9 Mosaic, en tant que grossistes de souvenirs, nous proposons ce Coq de Barcelos au sein d&rsquo;une large gamme de produits qui c\u00e9l\u00e8brent la culture et l&rsquo;artisanat locaux. Cet article vibrant est une excellente option pour les boutiques de cadeaux touristiques, garantissant la satisfaction tant au niveau de la d\u00e9coration que de la signification culturelle.<\/p>\n","protected":false},"excerpt":{"rendered":"<p>Figurine de coq de 14 cm, design artisanal, peinte \u00e0 la main, qui se distingue par son design color\u00e9 inspir\u00e9 de la tradition portugaise. Cette pi\u00e8ce pr\u00e9sente une combinaison exquise de teintes brillantes en mosa\u00efque, avec des d\u00e9tails repr\u00e9sentant le c\u00e9l\u00e8bre Coq de Barcelos, symbole de chance. Sa finition brillante et la vari\u00e9t\u00e9 des couleurs en font un \u00e9l\u00e9ment d\u00e9coratif vibrant, id\u00e9al comme souvenir pour les amateurs de culture et d&rsquo;art folklorique.<\/p>\n","protected":false},"featured_media":8764,"template":"","meta":{"_acf_changed":false},"product_brand":[],"product_cat":[540],"product_tag":[530],"class_list":{"0":"post-29819","1":"product","2":"type-product","3":"status-publish","4":"has-post-thumbnail","6":"product_cat-chiffres","7":"product_tag-animaux","8":"pa_motivo-coqs","10":"first","11":"instock","12":"shipping-taxable","13":"product-type-simple"},"acf":[],"_links":{"self":[{"href":"https:\/\/olemosaic.orbitalia.org\/fr\/wp-json\/wp\/v2\/product\/29819","targetHints":{"allow":["GET"]}}],"collection":[{"href":"https:\/\/olemosaic.orbitalia.org\/fr\/wp-json\/wp\/v2\/product"}],"about":[{"href":"https:\/\/olemosaic.orbitalia.org\/fr\/wp-json\/wp\/v2\/types\/product"}],"wp:featuredmedia":[{"embeddable":true,"href":"https:\/\/olemosaic.orbitalia.org\/fr\/wp-json\/wp\/v2\/media\/8764"}],"wp:attachment":[{"href":"https:\/\/olemosaic.orbitalia.org\/fr\/wp-json\/wp\/v2\/media?parent=29819"}],"wp:term":[{"taxonomy":"product_brand","embeddable":true,"href":"https:\/\/olemosaic.orbitalia.org\/fr\/wp-json\/wp\/v2\/product_brand?post=29819"},{"taxonomy":"product_cat","embeddable":true,"href":"https:\/\/olemosaic.orbitalia.org\/fr\/wp-json\/wp\/v2\/product_cat?post=29819"},{"taxonomy":"product_tag","embeddable":true,"href":"https:\/\/olemosaic.orbitalia.org\/fr\/wp-json\/wp\/v2\/product_tag?post=29819"}],"curies":[{"name":"wp","href":"https:\/\/api.w.org\/{rel}","templated":true}]}}