{"id":29818,"date":"2025-02-20T23:31:24","date_gmt":"2025-02-20T22:31:24","guid":{"rendered":"https:\/\/olemosaic.orbitalia.org\/producto\/bulldog-figura-de-resina-de-5-cm-pintada-a-mano\/"},"modified":"2025-07-25T20:06:58","modified_gmt":"2025-07-25T18:06:58","slug":"bulldog-figurine-en-resine-de-5-cm-peinte-a-la-main","status":"publish","type":"product","link":"https:\/\/olemosaic.orbitalia.org\/fr\/produit\/bulldog-figurine-en-resine-de-5-cm-peinte-a-la-main\/","title":{"rendered":"Bulldog. Figurine en mosa\u00efque de 5 cm."},"content":{"rendered":"<p>Ce bulldog color\u00e9 en r\u00e9sine est un charmant souvenir id\u00e9al pour ceux qui souhaitent ramener chez eux un morceau de la vibrante culture espagnole. D&rsquo;une hauteur de 5 cm, cette figurine est m\u00e9ticuleusement peinte \u00e0 la main avec un effet mosa\u00efque, ce qui garantit que chaque pi\u00e8ce est unique. Son design, compos\u00e9 d&rsquo;une mosa\u00efque de teintes \u00e9clatantes, cr\u00e9e un effet visuel captivant, mettant en valeur la sympathique silhouette du bulldog. Les d\u00e9tails artistiques, de l&rsquo;expression enjou\u00e9e de son visage aux courbes douces de son corps, sont un v\u00e9ritable hommage \u00e0 la popularit\u00e9 de cette race dans l&rsquo;art contemporain espagnol.<\/p>\n<p>L&rsquo;utilisation de couleurs vibrantes et une finition en r\u00e9sine de haute qualit\u00e9 en font un objet d\u00e9coratif qui ajoute une touche joyeuse \u00e0 n&rsquo;importe quelle ambiance. Il est parfait aussi bien pour les collectionneurs que pour ceux qui recherchent un cadeau sp\u00e9cial \u00e9voquant un moment m\u00e9morable de leur visite. Ce bulldog est plus qu&rsquo;un simple souvenir ; c&rsquo;est une c\u00e9l\u00e9bration de la joie et du style caract\u00e9ristiques des villes espagnoles vibrantes. Chez Ol\u00e9 Mosaic, en tant que distributeurs de souvenirs en gros, nous proposons des produits qui soulignent l&rsquo;authenticit\u00e9 et la valeur culturelle, et cette figurine de bulldog est une excellente option pour les boutiques de cadeaux touristiques. Sans aucun doute, un souvenir repr\u00e9sentatif qui ravira vos clients.<\/p>\n","protected":false},"excerpt":{"rendered":"<p>Figurine de bulldog de 5 cm, design artisanal, peinte \u00e0 la main, avec un design vibrant et color\u00e9. Ce charmant souvenir, inspir\u00e9 par la popularit\u00e9 du bulldog dans l&rsquo;art contemporain, pr\u00e9sente une mosa\u00efque attrayante de tons brillants qui rehaussent sa silhouette. Ses d\u00e9tails minutieux lui donnent une touche joyeuse et d\u00e9corative, id\u00e9ale pour les collectionneurs ou comme cadeau, \u00e9voquant le style artistique de diverses villes espagnoles.<\/p>\n","protected":false},"featured_media":11052,"template":"","meta":{"_acf_changed":false},"product_brand":[],"product_cat":[540],"product_tag":[],"class_list":{"0":"post-29818","1":"product","2":"type-product","3":"status-publish","4":"has-post-thumbnail","6":"product_cat-chiffres","7":"pa_motivo-bulldogs","9":"first","10":"instock","11":"shipping-taxable","12":"product-type-simple"},"acf":[],"_links":{"self":[{"href":"https:\/\/olemosaic.orbitalia.org\/fr\/wp-json\/wp\/v2\/product\/29818","targetHints":{"allow":["GET"]}}],"collection":[{"href":"https:\/\/olemosaic.orbitalia.org\/fr\/wp-json\/wp\/v2\/product"}],"about":[{"href":"https:\/\/olemosaic.orbitalia.org\/fr\/wp-json\/wp\/v2\/types\/product"}],"wp:featuredmedia":[{"embeddable":true,"href":"https:\/\/olemosaic.orbitalia.org\/fr\/wp-json\/wp\/v2\/media\/11052"}],"wp:attachment":[{"href":"https:\/\/olemosaic.orbitalia.org\/fr\/wp-json\/wp\/v2\/media?parent=29818"}],"wp:term":[{"taxonomy":"product_brand","embeddable":true,"href":"https:\/\/olemosaic.orbitalia.org\/fr\/wp-json\/wp\/v2\/product_brand?post=29818"},{"taxonomy":"product_cat","embeddable":true,"href":"https:\/\/olemosaic.orbitalia.org\/fr\/wp-json\/wp\/v2\/product_cat?post=29818"},{"taxonomy":"product_tag","embeddable":true,"href":"https:\/\/olemosaic.orbitalia.org\/fr\/wp-json\/wp\/v2\/product_tag?post=29818"}],"curies":[{"name":"wp","href":"https:\/\/api.w.org\/{rel}","templated":true}]}}