{"id":29817,"date":"2025-02-20T23:31:24","date_gmt":"2025-02-20T22:31:24","guid":{"rendered":"https:\/\/olemosaic.orbitalia.org\/producto\/colgante-de-madera-salamandra-2\/"},"modified":"2025-07-25T18:45:09","modified_gmt":"2025-07-25T16:45:09","slug":"pendentif-en-bois-salamandre-2","status":"publish","type":"product","link":"https:\/\/olemosaic.orbitalia.org\/fr\/produit\/pendentif-en-bois-salamandre-2\/","title":{"rendered":"Pendentif en bois. Salamandre. M\u00e9diterran\u00e9e."},"content":{"rendered":"<p>Ce pendentif en bois en forme de salamandre est une \u0153uvre d&rsquo;art artisanale qui rend hommage \u00e0 la riche faune m\u00e9diterran\u00e9enne, apportant une touche unique et fra\u00eeche \u00e0 n&rsquo;importe quel espace. \u00c9labor\u00e9 avec des pi\u00e8ces de bois \u00e0 effet peint \u00e0 la main dans des tons bleus d\u00e9licats, chaque salamandre se distingue par son design aux courbes fluides, \u00e9voquant la nature vibrante des c\u00f4tes espagnoles. Les salamandres sont intercal\u00e9es avec d&rsquo;\u00e9l\u00e9gants \u00e9l\u00e9ments en bois clair, cr\u00e9ant un \u00e9quilibre harmonieux qui compl\u00e8te l&rsquo;esth\u00e9tique naturelle du pendentif. Cet ornement est parfait pour d\u00e9corer aussi bien les int\u00e9rieurs que les ext\u00e9rieurs, s&rsquo;adaptant \u00e0 diverses ambiances, des maisons de plage aux appartements urbains.<\/p>\n<p>La salamandre est un symbole important de la culture m\u00e9diterran\u00e9enne, repr\u00e9sentant la transformation et la connexion avec l&rsquo;environnement naturel, tandis que l&rsquo;utilisation de bois artisanal souligne l&rsquo;authenticit\u00e9 et la durabilit\u00e9 du produit. Ce pendentif ne se distingue pas seulement par son esth\u00e9tique, mais aussi par sa valeur culturelle en tant que souvenir typique, id\u00e9al pour les touristes \u00e0 la recherche de souvenirs significatifs et repr\u00e9sentatifs de leur voyage. Chez Ol\u00e9 Mosaic, nous proposons ce pendentif en bois dans le cadre de notre s\u00e9lection de souvenirs en gros, garantissant que chaque pi\u00e8ce soit le reflet fid\u00e8le de la tradition et du folklore c\u00f4tiers. Un cadeau parfait qui m\u00eale art, nature et culture.<\/p>\n","protected":false},"excerpt":{"rendered":"<p>Pendentif en bois avec des pi\u00e8ces en forme de salamandre, effet peint \u00e0 la main dans des tons bleus \u00e9voquant la beaut\u00e9 de la faune m\u00e9diterran\u00e9enne. Chaque salamandre est intercal\u00e9e avec des \u00e9l\u00e9ments en bois clair, cr\u00e9ant un design harmonieux et naturel. Parfait pour orner les espaces int\u00e9rieurs ou ext\u00e9rieurs, ce pendentif refl\u00e8te la culture et le folklore c\u00f4tier, apportant une touche fra\u00eeche et originale \u00e0 n&rsquo;importe quelle ambiance.<\/p>\n","protected":false},"featured_media":9641,"template":"","meta":{"_acf_changed":false},"product_brand":[],"product_cat":[793],"product_tag":[530],"class_list":{"0":"post-29817","1":"product","2":"type-product","3":"status-publish","4":"has-post-thumbnail","6":"product_cat-pendentifs","7":"product_tag-animaux","8":"pa_motivo-salamandres","10":"first","11":"instock","12":"shipping-taxable","13":"product-type-simple"},"acf":[],"_links":{"self":[{"href":"https:\/\/olemosaic.orbitalia.org\/fr\/wp-json\/wp\/v2\/product\/29817","targetHints":{"allow":["GET"]}}],"collection":[{"href":"https:\/\/olemosaic.orbitalia.org\/fr\/wp-json\/wp\/v2\/product"}],"about":[{"href":"https:\/\/olemosaic.orbitalia.org\/fr\/wp-json\/wp\/v2\/types\/product"}],"wp:featuredmedia":[{"embeddable":true,"href":"https:\/\/olemosaic.orbitalia.org\/fr\/wp-json\/wp\/v2\/media\/9641"}],"wp:attachment":[{"href":"https:\/\/olemosaic.orbitalia.org\/fr\/wp-json\/wp\/v2\/media?parent=29817"}],"wp:term":[{"taxonomy":"product_brand","embeddable":true,"href":"https:\/\/olemosaic.orbitalia.org\/fr\/wp-json\/wp\/v2\/product_brand?post=29817"},{"taxonomy":"product_cat","embeddable":true,"href":"https:\/\/olemosaic.orbitalia.org\/fr\/wp-json\/wp\/v2\/product_cat?post=29817"},{"taxonomy":"product_tag","embeddable":true,"href":"https:\/\/olemosaic.orbitalia.org\/fr\/wp-json\/wp\/v2\/product_tag?post=29817"}],"curies":[{"name":"wp","href":"https:\/\/api.w.org\/{rel}","templated":true}]}}