{"id":29801,"date":"2025-02-20T22:31:24","date_gmt":"2025-02-20T22:31:24","guid":{"rendered":"https:\/\/olemosaic.orbitalia.org\/producto\/colgante-de-madera-pez\/"},"modified":"2025-07-25T19:41:47","modified_gmt":"2025-07-25T17:41:47","slug":"suspension-en-bois-poisson","status":"publish","type":"product","link":"https:\/\/olemosaic.orbitalia.org\/fr\/produit\/suspension-en-bois-poisson\/","title":{"rendered":"Suspension en bois. Poisson."},"content":{"rendered":"<p>Cette suspension en bois en forme de poisson est une pi\u00e8ce d\u00e9corative id\u00e9ale pour apporter une touche marine \u00e0 n&rsquo;importe quel espace. Fabriqu\u00e9e avec des pi\u00e8ces de bois naturel dans des tons clairs, son design minimaliste est soigneusement \u00e9labor\u00e9, intercalant des \u00e9l\u00e9ments qui \u00e9voquent l&rsquo;essence de la mer. La figure centrale, un poisson d&rsquo;une \u00e9l\u00e9gante couleur blanche, apporte un air frais et relaxant, parfait pour les environnements recherchant s\u00e9r\u00e9nit\u00e9 et connexion avec la nature. Cette suspension combine la chaleur du bois avec une touche contemporaine, en faisant un objet distinctif qui s&rsquo;adapte \u00e0 la d\u00e9coration d&rsquo;int\u00e9rieurs modernes et traditionnels.<\/p>\n<p>Sa connexion culturelle avec la tradition maritime souligne l&rsquo;amour pour la mer et la nature qui caract\u00e9rise de nombreuses r\u00e9gions c\u00f4ti\u00e8res, ce qui en fait un excellent souvenir pour les touristes souhaitant ramener un petit morceau de la c\u00f4te. Cette suspension s&rsquo;\u00e9rige comme un souvenir authentique des vacances, \u00e9voquant les brises marines et la paix que l&rsquo;on ressent face \u00e0 l&rsquo;oc\u00e9an.<\/p>\n<p>Chez Ol\u00e9 Mosaic, nous excellons dans la distribution de souvenirs en gros, et cette suspension de poisson est une option id\u00e9ale pour les boutiques de cadeaux touristiques cherchant \u00e0 proposer des produits uniques et authentiques. C&rsquo;est un souvenir qui, sans aucun doute, captera l&rsquo;attention de ceux qui recherchent un d\u00e9tail sp\u00e9cial refl\u00e9tant leur amour pour la mer et la nature.<\/p>\n","protected":false},"excerpt":{"rendered":"<p>Suspension en bois en forme de poisson, id\u00e9ale pour d\u00e9corer des espaces avec une touche maritime. Cette suspension \u00e9l\u00e9gante et minimaliste est \u00e9labor\u00e9e avec des pi\u00e8ces de bois naturel dans des tons clairs, intercal\u00e9es avec des \u00e9l\u00e9ments d\u00e9coratifs \u00e9voquant l&rsquo;essence de la mer. La figure centrale, de couleur blanche, repr\u00e9sente un poisson et apporte un air frais et relaxant. Parfait pour les amoureux de la mer et de la nature qui recherchent un d\u00e9tail distinctif pour leur foyer.<\/p>\n","protected":false},"featured_media":9631,"template":"","meta":{"_acf_changed":false},"product_brand":[],"product_cat":[793],"product_tag":[530],"class_list":{"0":"post-29801","1":"product","2":"type-product","3":"status-publish","4":"has-post-thumbnail","6":"product_cat-pendentifs","7":"product_tag-animaux","8":"pa_motivo-poissons","10":"first","11":"instock","12":"shipping-taxable","13":"product-type-simple"},"acf":[],"_links":{"self":[{"href":"https:\/\/olemosaic.orbitalia.org\/fr\/wp-json\/wp\/v2\/product\/29801","targetHints":{"allow":["GET"]}}],"collection":[{"href":"https:\/\/olemosaic.orbitalia.org\/fr\/wp-json\/wp\/v2\/product"}],"about":[{"href":"https:\/\/olemosaic.orbitalia.org\/fr\/wp-json\/wp\/v2\/types\/product"}],"wp:featuredmedia":[{"embeddable":true,"href":"https:\/\/olemosaic.orbitalia.org\/fr\/wp-json\/wp\/v2\/media\/9631"}],"wp:attachment":[{"href":"https:\/\/olemosaic.orbitalia.org\/fr\/wp-json\/wp\/v2\/media?parent=29801"}],"wp:term":[{"taxonomy":"product_brand","embeddable":true,"href":"https:\/\/olemosaic.orbitalia.org\/fr\/wp-json\/wp\/v2\/product_brand?post=29801"},{"taxonomy":"product_cat","embeddable":true,"href":"https:\/\/olemosaic.orbitalia.org\/fr\/wp-json\/wp\/v2\/product_cat?post=29801"},{"taxonomy":"product_tag","embeddable":true,"href":"https:\/\/olemosaic.orbitalia.org\/fr\/wp-json\/wp\/v2\/product_tag?post=29801"}],"curies":[{"name":"wp","href":"https:\/\/api.w.org\/{rel}","templated":true}]}}