{"id":29799,"date":"2025-02-20T23:31:24","date_gmt":"2025-02-20T22:31:24","guid":{"rendered":"https:\/\/olemosaic.orbitalia.org\/producto\/colgante-de-madera-estrella-2\/"},"modified":"2025-07-25T18:38:25","modified_gmt":"2025-07-25T16:38:25","slug":"suspension-en-bois-etoile-bleue","status":"publish","type":"product","link":"https:\/\/olemosaic.orbitalia.org\/fr\/produit\/suspension-en-bois-etoile-bleue\/","title":{"rendered":"Suspension en bois. \u00c9toile. Bleue."},"content":{"rendered":"<p>Cette suspension en bois en forme d&rsquo;\u00e9toile est un souvenir charmant, id\u00e9al pour ceux qui souhaitent apporter une touche c\u00f4ti\u00e8re \u00e0 leur foyer. Avec sa couleur bleue vibrante, cette pi\u00e8ce se distingue comme un symbole \u00e9vocateur de la mer M\u00e9diterran\u00e9e, parfait pour d\u00e9corer n&rsquo;importe quel coin de la maison et cr\u00e9er une ambiance relaxante. Le design combine l&rsquo;\u00e9toile avec de d\u00e9licats motifs marins, tels que des coquillages et des \u00e9l\u00e9ments en bois, assembl\u00e9s de mani\u00e8re \u00e9quilibr\u00e9e, ce qui apporte un aspect naturel et harmonieux. Les textures des coquillages et la douceur de la finition du bois g\u00e9n\u00e8rent une connexion sensorielle avec la c\u00f4te, rappelant la brise marine et les vagues.<\/p>\n<p>Cette suspension encapsule l&rsquo;essence du littoral espagnol, \u00e9tant parfaite pour les touristes \u00e0 la recherche de souvenirs repr\u00e9sentant leurs exp\u00e9riences \u00e0 la plage. De plus, l&rsquo;\u00e9toile bleue symbolise le calme et la paix de l&rsquo;environnement maritime, en faisant une excellente option pour ceux qui souhaitent ajouter un air estival \u00e0 leurs espaces. Chez Ol\u00e9 Mosaic, nous nous consacrons \u00e0 la distribution de souvenirs en gros, garantissant que chaque pi\u00e8ce est authentique et refl\u00e8te la culture c\u00f4ti\u00e8re. Cette suspension en forme d&rsquo;\u00e9toile est un choix parfait pour les boutiques de cadeaux touristiques \u00e0 la recherche d&rsquo;articles d\u00e9coratifs ayant une signification et un attrait culturel.<\/p>\n","protected":false},"excerpt":{"rendered":"<p>Suspension en bois en forme d&rsquo;\u00e9toile, id\u00e9ale pour d\u00e9corer des espaces avec une touche c\u00f4ti\u00e8re. Cet objet charmant pr\u00e9sente une \u00e9toile bleut\u00e9e accompagn\u00e9e de motifs marins tels que des coquillages et des \u00e9l\u00e9ments en bois, assembl\u00e9s de mani\u00e8re \u00e9quilibr\u00e9e. Son design naturel rehausse l&rsquo;essence de la mer et est parfait pour ajouter un air relaxant \u00e0 n&rsquo;importe quel coin de la maison, \u00e9voquant les plages de la M\u00e9diterran\u00e9e.<\/p>\n","protected":false},"featured_media":9636,"template":"","meta":{"_acf_changed":false},"product_brand":[],"product_cat":[793],"product_tag":[530],"class_list":{"0":"post-29799","1":"product","2":"type-product","3":"status-publish","4":"has-post-thumbnail","6":"product_cat-pendentifs","7":"product_tag-animaux","8":"pa_motivo-etoiles","10":"first","11":"instock","12":"shipping-taxable","13":"product-type-simple"},"acf":[],"_links":{"self":[{"href":"https:\/\/olemosaic.orbitalia.org\/fr\/wp-json\/wp\/v2\/product\/29799","targetHints":{"allow":["GET"]}}],"collection":[{"href":"https:\/\/olemosaic.orbitalia.org\/fr\/wp-json\/wp\/v2\/product"}],"about":[{"href":"https:\/\/olemosaic.orbitalia.org\/fr\/wp-json\/wp\/v2\/types\/product"}],"wp:featuredmedia":[{"embeddable":true,"href":"https:\/\/olemosaic.orbitalia.org\/fr\/wp-json\/wp\/v2\/media\/9636"}],"wp:attachment":[{"href":"https:\/\/olemosaic.orbitalia.org\/fr\/wp-json\/wp\/v2\/media?parent=29799"}],"wp:term":[{"taxonomy":"product_brand","embeddable":true,"href":"https:\/\/olemosaic.orbitalia.org\/fr\/wp-json\/wp\/v2\/product_brand?post=29799"},{"taxonomy":"product_cat","embeddable":true,"href":"https:\/\/olemosaic.orbitalia.org\/fr\/wp-json\/wp\/v2\/product_cat?post=29799"},{"taxonomy":"product_tag","embeddable":true,"href":"https:\/\/olemosaic.orbitalia.org\/fr\/wp-json\/wp\/v2\/product_tag?post=29799"}],"curies":[{"name":"wp","href":"https:\/\/api.w.org\/{rel}","templated":true}]}}