{"id":29797,"date":"2025-02-20T22:31:23","date_gmt":"2025-02-20T22:31:23","guid":{"rendered":"https:\/\/olemosaic.orbitalia.org\/producto\/colgante-de-madera-corazones\/"},"modified":"2025-07-25T18:44:08","modified_gmt":"2025-07-25T16:44:08","slug":"suspension-en-bois-coeurs","status":"publish","type":"product","link":"https:\/\/olemosaic.orbitalia.org\/fr\/produit\/suspension-en-bois-coeurs\/","title":{"rendered":"Suspension en bois. C\u0153urs."},"content":{"rendered":"<p>Cette suspension d\u00e9corative en bois en forme de c\u0153urs est une pi\u00e8ce charmante qui apporte une touche rustique \u00e0 n&rsquo;importe quel environnement. Con\u00e7ue verticalement, cette suspension se distingue par sa composition, o\u00f9 s&rsquo;alternent des c\u0153urs et des formes allong\u00e9es dans des tons clairs, cr\u00e9ant un beau contraste visuel qui invite \u00e0 la chaleur et \u00e0 l&rsquo;harmonie dans la d\u00e9coration. Chaque \u00e9l\u00e9ment a \u00e9t\u00e9 soigneusement sculpt\u00e9 et peint \u00e0 la main, garantissant une finition douce qui \u00e9voque l&rsquo;essence du style m\u00e9diterran\u00e9en. Cette suspension n&rsquo;est pas seulement un objet d\u00e9coratif ; c&rsquo;est un symbole d&rsquo;amour et de connexion avec la nature, id\u00e9al pour ceux qui cherchent \u00e0 personnaliser leurs espaces avec des d\u00e9tails authentiques.<\/p>\n<p>Avec son design d\u00e9licat et attrayant, cette suspension est un souvenir parfait, issu de la riche tradition artisanale de la p\u00e9ninsule Ib\u00e9rique. Elle apporte un air accueillant aux int\u00e9rieurs, \u00e9tant id\u00e9ale pour les maisons de vacances ou pour ceux qui souhaitent apporter un morceau du charme m\u00e9diterran\u00e9en dans leur foyer. Chez Ol\u00e9 Mosaic, nous nous sp\u00e9cialisons dans la distribution de souvenirs en gros, et cette suspension repr\u00e9sente une excellente option pour les boutiques de cadeaux touristiques. Nous proposons des articles authentiques qui capturent l&rsquo;essence culturelle, garantissant qualit\u00e9 et pertinence dans chaque pi\u00e8ce.<\/p>\n","protected":false},"excerpt":{"rendered":"<p>Suspension d\u00e9corative en bois en forme de c\u0153urs, id\u00e9ale pour ajouter une touche rustique et charmante \u00e0 n&rsquo;importe quel espace. Avec un design vertical, la suspension pr\u00e9sente une s\u00e9rie d&rsquo;\u00e9l\u00e9ments dans des tons clairs, alternant des c\u0153urs et des formes allong\u00e9es qui cr\u00e9ent un tr\u00e8s beau contraste. Chaque pi\u00e8ce est soigneusement sculpt\u00e9e et peinte avec une finition douce, ce qui lui donne un air chaleureux et accueillant, parfait pour d\u00e9corer des int\u00e9rieurs de style m\u00e9diterran\u00e9en.<\/p>\n","protected":false},"featured_media":9644,"template":"","meta":{"_acf_changed":false},"product_brand":[],"product_cat":[793],"product_tag":[],"class_list":{"0":"post-29797","1":"product","2":"type-product","3":"status-publish","4":"has-post-thumbnail","6":"product_cat-pendentifs","7":"pa_motivo-coeurs","9":"first","10":"instock","11":"shipping-taxable","12":"product-type-simple"},"acf":[],"_links":{"self":[{"href":"https:\/\/olemosaic.orbitalia.org\/fr\/wp-json\/wp\/v2\/product\/29797","targetHints":{"allow":["GET"]}}],"collection":[{"href":"https:\/\/olemosaic.orbitalia.org\/fr\/wp-json\/wp\/v2\/product"}],"about":[{"href":"https:\/\/olemosaic.orbitalia.org\/fr\/wp-json\/wp\/v2\/types\/product"}],"wp:featuredmedia":[{"embeddable":true,"href":"https:\/\/olemosaic.orbitalia.org\/fr\/wp-json\/wp\/v2\/media\/9644"}],"wp:attachment":[{"href":"https:\/\/olemosaic.orbitalia.org\/fr\/wp-json\/wp\/v2\/media?parent=29797"}],"wp:term":[{"taxonomy":"product_brand","embeddable":true,"href":"https:\/\/olemosaic.orbitalia.org\/fr\/wp-json\/wp\/v2\/product_brand?post=29797"},{"taxonomy":"product_cat","embeddable":true,"href":"https:\/\/olemosaic.orbitalia.org\/fr\/wp-json\/wp\/v2\/product_cat?post=29797"},{"taxonomy":"product_tag","embeddable":true,"href":"https:\/\/olemosaic.orbitalia.org\/fr\/wp-json\/wp\/v2\/product_tag?post=29797"}],"curies":[{"name":"wp","href":"https:\/\/api.w.org\/{rel}","templated":true}]}}