{"id":29771,"date":"2025-02-20T22:31:23","date_gmt":"2025-02-20T22:31:23","guid":{"rendered":"https:\/\/olemosaic.orbitalia.org\/producto\/colgante-de-madera-tortugas\/"},"modified":"2025-07-25T20:03:52","modified_gmt":"2025-07-25T18:03:52","slug":"pendentif-en-bois-tortues","status":"publish","type":"product","link":"https:\/\/olemosaic.orbitalia.org\/fr\/produit\/pendentif-en-bois-tortues\/","title":{"rendered":"Pendentif en bois. Tortues."},"content":{"rendered":"<p>Ce pendentif d\u00e9coratif en bois, avec ses charmantes tortues dans des tons aigue-marine, est une pi\u00e8ce unique qui \u00e9voque la s\u00e9r\u00e9nit\u00e9 de la mer et la beaut\u00e9 de la nature. Compos\u00e9 de pi\u00e8ces de bois vieilli, qui lui donnent un air rustique et c\u00f4tier, il pr\u00e9sente plusieurs tortues sculpt\u00e9es avec minutie, chacune con\u00e7ue avec des d\u00e9tails subtils qui capturent l&rsquo;essence de ces magnifiques cr\u00e9atures marines. Dans des tons aigue-marine vibrants, les tortues ajoutent une touche rafra\u00eechissante qui rappelle les c\u00f4tes ensoleill\u00e9es de l&rsquo;Espagne.<\/p>\n<p>Cet attrayant pendentif est un excellent ajout \u00e0 n&rsquo;importe quel espace, id\u00e9al pour ceux qui recherchent une d\u00e9coration qui inspire le calme et la nostalgie de la mer. La combinaison de la finition en bois vieilli avec les tortues apporte un contraste visuel qui souligne son authenticit\u00e9 en tant que souvenir. Repr\u00e9sentant un symbole de long\u00e9vit\u00e9 et de sagesse dans de nombreuses cultures, les tortues sont parfaites pour ceux qui souhaitent apporter un morceau du mode de vie c\u00f4tier espagnol dans leur maison.<\/p>\n<p>Chez Ol\u00e9 Mosaic, nous proposons ce pendentif dans le cadre de notre ligne de souvenirs s\u00e9lectionn\u00e9s, reconnue pour sa qualit\u00e9 et sa valeur culturelle. Id\u00e9al pour les boutiques de cadeaux touristiques, ce pendentif de tortues n&rsquo;est pas seulement un article d\u00e9coratif, mais aussi un rappel du lien \u00e9troit entre la nature et la culture espagnole. Avec nous, distributeurs de souvenirs uniques, vos clients trouveront des produits qui c\u00e9l\u00e8brent l&rsquo;authenticit\u00e9 et la beaut\u00e9 du patrimoine c\u00f4tier.<\/p>\n","protected":false},"excerpt":{"rendered":"<p>Pendentif d\u00e9coratif en bois avec des tortues dans un ton aigue-marine \u00e9vocateur. Cet attrayant pendentif, form\u00e9 de pi\u00e8ces de bois vieilli et de figurines de tortues sculpt\u00e9es, \u00e9voque la nature et la mer. Chaque tortue est con\u00e7ue avec des d\u00e9tails subtils, cr\u00e9ant une d\u00e9coration c\u00f4ti\u00e8re parfaite pour n&rsquo;importe quel espace. Id\u00e9al pour ajouter une touche de fra\u00eecheur et d&rsquo;originalit\u00e9 \u00e0 votre maison, en vous rappelant les c\u00f4tes espagnoles.<\/p>\n","protected":false},"featured_media":9639,"template":"","meta":{"_acf_changed":false},"product_brand":[],"product_cat":[793],"product_tag":[530],"class_list":{"0":"post-29771","1":"product","2":"type-product","3":"status-publish","4":"has-post-thumbnail","6":"product_cat-pendentifs","7":"product_tag-animaux","8":"pa_motivo-tortues","10":"first","11":"instock","12":"shipping-taxable","13":"product-type-simple"},"acf":[],"_links":{"self":[{"href":"https:\/\/olemosaic.orbitalia.org\/fr\/wp-json\/wp\/v2\/product\/29771","targetHints":{"allow":["GET"]}}],"collection":[{"href":"https:\/\/olemosaic.orbitalia.org\/fr\/wp-json\/wp\/v2\/product"}],"about":[{"href":"https:\/\/olemosaic.orbitalia.org\/fr\/wp-json\/wp\/v2\/types\/product"}],"wp:featuredmedia":[{"embeddable":true,"href":"https:\/\/olemosaic.orbitalia.org\/fr\/wp-json\/wp\/v2\/media\/9639"}],"wp:attachment":[{"href":"https:\/\/olemosaic.orbitalia.org\/fr\/wp-json\/wp\/v2\/media?parent=29771"}],"wp:term":[{"taxonomy":"product_brand","embeddable":true,"href":"https:\/\/olemosaic.orbitalia.org\/fr\/wp-json\/wp\/v2\/product_brand?post=29771"},{"taxonomy":"product_cat","embeddable":true,"href":"https:\/\/olemosaic.orbitalia.org\/fr\/wp-json\/wp\/v2\/product_cat?post=29771"},{"taxonomy":"product_tag","embeddable":true,"href":"https:\/\/olemosaic.orbitalia.org\/fr\/wp-json\/wp\/v2\/product_tag?post=29771"}],"curies":[{"name":"wp","href":"https:\/\/api.w.org\/{rel}","templated":true}]}}