{"id":29769,"date":"2025-02-20T22:31:23","date_gmt":"2025-02-20T22:31:23","guid":{"rendered":"https:\/\/olemosaic.orbitalia.org\/producto\/colgante-de-madera-estrella\/"},"modified":"2025-07-25T18:49:35","modified_gmt":"2025-07-25T16:49:35","slug":"pendentif-en-bois-etoile","status":"publish","type":"product","link":"https:\/\/olemosaic.orbitalia.org\/fr\/produit\/pendentif-en-bois-etoile\/","title":{"rendered":"Pendentif en bois. \u00c9toile."},"content":{"rendered":"<p>Ce pendentif en bois en forme d&rsquo;\u00e9toile est un article exquis qui capture l&rsquo;essence des plages du sud de l&rsquo;Espagne, id\u00e9al pour ceux qui recherchent une touche naturelle et maritime pour leur maison. \u00c9labor\u00e9 avec du bois clair de haute qualit\u00e9, il pr\u00e9sente un design minimaliste qui combine des \u00e9l\u00e9ments d\u00e9coratifs tels que des coquillages et une \u00e9toile d&rsquo;un blanc \u00e9l\u00e9gant, \u00e9voquant la tranquillit\u00e9 et la fra\u00eecheur d&rsquo;une journ\u00e9e sur la c\u00f4te. Chaque \u00e9l\u00e9ment est soigneusement dispos\u00e9, cr\u00e9ant un \u00e9quilibre qui attire l&rsquo;attention et procure une sensation de relaxation dans n&rsquo;importe quel espace.<\/p>\n<p>La forme d&rsquo;\u00e9toile repr\u00e9sente la connexion avec la mer et la navigation, un symbole crucial dans la culture c\u00f4ti\u00e8re espagnole, qui refl\u00e8te le mode de vie m\u00e9diterran\u00e9en. Ce pendentif souligne l&rsquo;authenticit\u00e9 de la tradition d\u00e9corative maritime et constitue le souvenir parfait pour les touristes qui souhaitent emporter un souvenir significatif de leurs vacances sur la c\u00f4te.<\/p>\n<p>Chez Ol\u00e9 Mosaic, nous nous consacrons \u00e0 la distribution de souvenirs en gros, offrant des articles fonctionnels et repr\u00e9sentatifs de la culture locale. Ce pendentif en bois n&rsquo;est pas seulement une pi\u00e8ce d\u00e9corative exceptionnelle, mais aussi une excellente option pour les boutiques de cadeaux touristiques \u00e0 la recherche de produits ayant une pertinence culturelle et esth\u00e9tique. Avec son authenticit\u00e9 et son attrait esth\u00e9tique, ce pendentif saura s\u00e9duire les visiteurs, apportant un petit morceau du littoral espagnol vibrant dans leurs foyers.<\/p>\n","protected":false},"excerpt":{"rendered":"<p>Pendentif en bois en forme d&rsquo;\u00e9toile, id\u00e9al pour d\u00e9corer n&rsquo;importe quel espace avec une touche naturelle et maritime. Cet article \u00e9l\u00e9gant pr\u00e9sente une combinaison de pi\u00e8ces de bois clair et un design minimaliste, avec des \u00e9l\u00e9ments d\u00e9coratifs tels que des coquillages et une \u00e9toile blanche. Parfait pour \u00e9voquer l&rsquo;essence des plages du sud de l&rsquo;Espagne, ce pendentif apporte un air frais et d\u00e9tendu \u00e0 n&rsquo;importe quelle maison.<\/p>\n","protected":false},"featured_media":9632,"template":"","meta":{"_acf_changed":false},"product_brand":[],"product_cat":[793],"product_tag":[530],"class_list":{"0":"post-29769","1":"product","2":"type-product","3":"status-publish","4":"has-post-thumbnail","6":"product_cat-pendentifs","7":"product_tag-animaux","8":"pa_motivo-etoiles","10":"first","11":"instock","12":"shipping-taxable","13":"product-type-simple"},"acf":[],"_links":{"self":[{"href":"https:\/\/olemosaic.orbitalia.org\/fr\/wp-json\/wp\/v2\/product\/29769","targetHints":{"allow":["GET"]}}],"collection":[{"href":"https:\/\/olemosaic.orbitalia.org\/fr\/wp-json\/wp\/v2\/product"}],"about":[{"href":"https:\/\/olemosaic.orbitalia.org\/fr\/wp-json\/wp\/v2\/types\/product"}],"wp:featuredmedia":[{"embeddable":true,"href":"https:\/\/olemosaic.orbitalia.org\/fr\/wp-json\/wp\/v2\/media\/9632"}],"wp:attachment":[{"href":"https:\/\/olemosaic.orbitalia.org\/fr\/wp-json\/wp\/v2\/media?parent=29769"}],"wp:term":[{"taxonomy":"product_brand","embeddable":true,"href":"https:\/\/olemosaic.orbitalia.org\/fr\/wp-json\/wp\/v2\/product_brand?post=29769"},{"taxonomy":"product_cat","embeddable":true,"href":"https:\/\/olemosaic.orbitalia.org\/fr\/wp-json\/wp\/v2\/product_cat?post=29769"},{"taxonomy":"product_tag","embeddable":true,"href":"https:\/\/olemosaic.orbitalia.org\/fr\/wp-json\/wp\/v2\/product_tag?post=29769"}],"curies":[{"name":"wp","href":"https:\/\/api.w.org\/{rel}","templated":true}]}}