{"id":29766,"date":"2025-02-20T22:31:22","date_gmt":"2025-02-20T22:31:22","guid":{"rendered":"https:\/\/olemosaic.orbitalia.org\/producto\/colgante-de-madera-peces\/"},"modified":"2025-07-25T18:59:03","modified_gmt":"2025-07-25T16:59:03","slug":"suspension-en-bois-poissons","status":"publish","type":"product","link":"https:\/\/olemosaic.orbitalia.org\/fr\/produit\/suspension-en-bois-poissons\/","title":{"rendered":"Suspension en bois. Poissons."},"content":{"rendered":"<p>Cette suspension en bois au design de poissons est un ornement charmant qui apporte une touche marine \u00e0 n&rsquo;importe quel espace. Compos\u00e9e de plusieurs pi\u00e8ces de bois peintes dans des tons frais d&rsquo;aigue-marine et de blanc, cette jolie suspension repr\u00e9sente des poissons stylis\u00e9s nageant en harmonie, intercal\u00e9s avec des \u00e9l\u00e9ments d\u00e9coratifs en forme de b\u00e2tons et de perles \u00e9voquant la brise marine. Sa structure verticale et l\u00e9g\u00e8re lui permet de s&rsquo;adapter facilement \u00e0 diverses d\u00e9corations, \u00e9tant id\u00e9ale pour \u00eatre accroch\u00e9e sur un mur, dans le patio ou pr\u00e8s des fen\u00eatres, o\u00f9 elle peut capter la lumi\u00e8re et \u00e9voquer l&rsquo;essence de la mer.<\/p>\n<p>Avec son esth\u00e9tique naturelle et rafra\u00eechissante, cette suspension n&rsquo;est pas seulement un \u00e9l\u00e9ment d\u00e9coratif, mais aussi un souvenir significatif des traditions maritimes des r\u00e9gions c\u00f4ti\u00e8res d&rsquo;Espagne, o\u00f9 la vie marine joue un r\u00f4le vital dans la culture locale. Ce souvenir est parfait pour les touristes \u00e0 la recherche d&rsquo;une pi\u00e8ce authentique et repr\u00e9sentative pour se souvenir de leur visite dans les magnifiques villages c\u00f4tiers.<\/p>\n<p>Chez Ol\u00e9 Mosaic, en tant que distributeurs de souvenirs en gros, nous proposons cette suspension de poissons dans le cadre de notre collection de d\u00e9corations maritimes. C&rsquo;est une excellente option pour les boutiques de cadeaux touristiques \u00e0 la recherche de produits authentiques et charmants, mettant en avant le riche h\u00e9ritage culturel et la beaut\u00e9 naturelle des c\u00f4tes espagnoles.<\/p>\n","protected":false},"excerpt":{"rendered":"<p>Suspension en bois au design de poissons, id\u00e9ale pour donner une touche marine \u00e0 n&rsquo;importe quel espace. Cet ornement charmant est compos\u00e9 de plusieurs pi\u00e8ces de bois peintes dans des tons aigue-marine et blanc, repr\u00e9sentant des poissons stylis\u00e9s et contrastant avec des \u00e9l\u00e9ments d\u00e9coratifs tels que des b\u00e2tons et des perles. Avec une esth\u00e9tique fra\u00eeche et naturelle, c&rsquo;est un cadeau parfait qui \u00e9voque la tradition maritime des r\u00e9gions c\u00f4ti\u00e8res espagnoles.<\/p>\n","protected":false},"featured_media":9635,"template":"","meta":{"_acf_changed":false},"product_brand":[],"product_cat":[793],"product_tag":[530],"class_list":{"0":"post-29766","1":"product","2":"type-product","3":"status-publish","4":"has-post-thumbnail","6":"product_cat-pendentifs","7":"product_tag-animaux","8":"pa_motivo-poissons","10":"first","11":"instock","12":"shipping-taxable","13":"product-type-simple"},"acf":[],"_links":{"self":[{"href":"https:\/\/olemosaic.orbitalia.org\/fr\/wp-json\/wp\/v2\/product\/29766","targetHints":{"allow":["GET"]}}],"collection":[{"href":"https:\/\/olemosaic.orbitalia.org\/fr\/wp-json\/wp\/v2\/product"}],"about":[{"href":"https:\/\/olemosaic.orbitalia.org\/fr\/wp-json\/wp\/v2\/types\/product"}],"wp:featuredmedia":[{"embeddable":true,"href":"https:\/\/olemosaic.orbitalia.org\/fr\/wp-json\/wp\/v2\/media\/9635"}],"wp:attachment":[{"href":"https:\/\/olemosaic.orbitalia.org\/fr\/wp-json\/wp\/v2\/media?parent=29766"}],"wp:term":[{"taxonomy":"product_brand","embeddable":true,"href":"https:\/\/olemosaic.orbitalia.org\/fr\/wp-json\/wp\/v2\/product_brand?post=29766"},{"taxonomy":"product_cat","embeddable":true,"href":"https:\/\/olemosaic.orbitalia.org\/fr\/wp-json\/wp\/v2\/product_cat?post=29766"},{"taxonomy":"product_tag","embeddable":true,"href":"https:\/\/olemosaic.orbitalia.org\/fr\/wp-json\/wp\/v2\/product_tag?post=29766"}],"curies":[{"name":"wp","href":"https:\/\/api.w.org\/{rel}","templated":true}]}}