{"id":29765,"date":"2025-02-20T23:31:22","date_gmt":"2025-02-20T22:31:22","guid":{"rendered":"https:\/\/olemosaic.orbitalia.org\/producto\/colgador-de-ceramica-golondrina-mosaico-9\/"},"modified":"2025-07-25T19:18:04","modified_gmt":"2025-07-25T17:18:04","slug":"patere-en-ceramique-hirondelle-mosaique-9","status":"publish","type":"product","link":"https:\/\/olemosaic.orbitalia.org\/fr\/produit\/patere-en-ceramique-hirondelle-mosaique-9\/","title":{"rendered":"Pat\u00e8re en c\u00e9ramique. Hirondelle. Mosa\u00efque."},"content":{"rendered":"<p>Cette pat\u00e8re en c\u00e9ramique en forme d&rsquo;hirondelle est une pi\u00e8ce unique qui capture l&rsquo;essence de l&rsquo;art m\u00e9diterran\u00e9en, id\u00e9ale pour ceux qui recherchent des souvenirs authentiques d&rsquo;Espagne. Fabriqu\u00e9e en c\u00e9ramique de haute qualit\u00e9, son design pr\u00e9sente une mosa\u00efque vibrante de couleurs m\u00e9langeant des motifs traditionnels avec une finition peinte \u00e0 la main, garantissant que chaque pi\u00e8ce soit v\u00e9ritablement unique. L&rsquo;hirondelle, symbole de chance et d&rsquo;espoir dans la culture espagnole, vole avec gr\u00e2ce sur un fond rempli de motifs g\u00e9om\u00e9triques dans les tons bleus, rouges, jaunes et verts, \u00e9voquant la fra\u00eecheur du paysage m\u00e9diterran\u00e9en.<\/p>\n<p>Cette pat\u00e8re attrayante n&rsquo;est pas seulement un objet d\u00e9coratif, mais une expression du riche h\u00e9ritage culturel de l&rsquo;Espagne, qui a su m\u00ealer art et traditions dans chaque coin du pays. En l&rsquo;accrochant au mur, ce souvenir transforme n&rsquo;importe quel espace, apportant une touche de couleur et d&rsquo;\u00e9l\u00e9gance. Chez Ol\u00e9 Mosaic, nous reconnaissons l&rsquo;importance d&rsquo;offrir des souvenirs de qualit\u00e9 repr\u00e9sentant la culture espagnole. Cette pat\u00e8re hirondelle est une excellente option pour les boutiques de cadeaux touristiques \u00e0 la recherche de produits authentiques avec une profonde signification culturelle. En tant que grossistes en c\u00e9ramique d\u00e9corative, nous garantissons un design attrayant et un artisanat exceptionnel pour chaque pi\u00e8ce.<\/p>\n","protected":false},"excerpt":{"rendered":"<p>Pat\u00e8re en c\u00e9ramique en forme d&rsquo;hirondelle, d\u00e9cor\u00e9e d&rsquo;une mosa\u00efque vibrante de couleurs et de motifs traditionnels. Ce design attrayant repr\u00e9sente la fusion de la culture espagnole, id\u00e9al pour ajouter une touche artistique \u00e0 n&rsquo;importe quel mur. Chaque pi\u00e8ce semble \u00eatre peinte \u00e0 la main, garantissant une finition unique. Les couleurs vives et les motifs g\u00e9om\u00e9triques \u00e9voquent la fra\u00eecheur du paysage m\u00e9diterran\u00e9en, faisant de cette pat\u00e8re un souvenir parfait d&rsquo;Espagne.<\/p>\n","protected":false},"featured_media":11227,"template":"","meta":{"_acf_changed":false},"product_brand":[],"product_cat":[791],"product_tag":[530,585],"class_list":{"0":"post-29765","1":"product","2":"type-product","3":"status-publish","4":"has-post-thumbnail","6":"product_cat-pateres","7":"product_tag-animaux","8":"product_tag-ceramique","9":"pa_motivo-hirondelles","11":"first","12":"instock","13":"shipping-taxable","14":"product-type-simple"},"acf":[],"_links":{"self":[{"href":"https:\/\/olemosaic.orbitalia.org\/fr\/wp-json\/wp\/v2\/product\/29765","targetHints":{"allow":["GET"]}}],"collection":[{"href":"https:\/\/olemosaic.orbitalia.org\/fr\/wp-json\/wp\/v2\/product"}],"about":[{"href":"https:\/\/olemosaic.orbitalia.org\/fr\/wp-json\/wp\/v2\/types\/product"}],"wp:featuredmedia":[{"embeddable":true,"href":"https:\/\/olemosaic.orbitalia.org\/fr\/wp-json\/wp\/v2\/media\/11227"}],"wp:attachment":[{"href":"https:\/\/olemosaic.orbitalia.org\/fr\/wp-json\/wp\/v2\/media?parent=29765"}],"wp:term":[{"taxonomy":"product_brand","embeddable":true,"href":"https:\/\/olemosaic.orbitalia.org\/fr\/wp-json\/wp\/v2\/product_brand?post=29765"},{"taxonomy":"product_cat","embeddable":true,"href":"https:\/\/olemosaic.orbitalia.org\/fr\/wp-json\/wp\/v2\/product_cat?post=29765"},{"taxonomy":"product_tag","embeddable":true,"href":"https:\/\/olemosaic.orbitalia.org\/fr\/wp-json\/wp\/v2\/product_tag?post=29765"}],"curies":[{"name":"wp","href":"https:\/\/api.w.org\/{rel}","templated":true}]}}