{"id":29764,"date":"2025-02-20T23:31:22","date_gmt":"2025-02-20T22:31:22","guid":{"rendered":"https:\/\/olemosaic.orbitalia.org\/producto\/colgador-de-ceramica-golondrina-lisboa-mosaico-9\/"},"modified":"2025-07-25T18:43:49","modified_gmt":"2025-07-25T16:43:49","slug":"patere-en-ceramique-hirondelle-lisbonne-mosaique-9","status":"publish","type":"product","link":"https:\/\/olemosaic.orbitalia.org\/fr\/produit\/patere-en-ceramique-hirondelle-lisbonne-mosaique-9\/","title":{"rendered":"Pat\u00e8re en c\u00e9ramique. Hirondelle. Mosa\u00efque. Lisbonne. Portugal."},"content":{"rendered":"<p>Cette pat\u00e8re en c\u00e9ramique en forme d&rsquo;hirondelle est une pi\u00e8ce unique et inspirante qui \u00e9voque la mosa\u00efque vibrante de Lisbonne. De conception artisanale, son design pr\u00e9sente une combinaison captivante de couleurs vives et de motifs g\u00e9om\u00e9triques traditionnels, typiques de la c\u00e9ramique portugaise. L&rsquo;hirondelle, symbole de chance et d&rsquo;espoir, est stylis\u00e9e avec les ailes d\u00e9ploy\u00e9es, capturant l&rsquo;essence du vol et de la libert\u00e9. Chaque d\u00e9tail de sa surface est m\u00e9ticuleusement peint, montrant une palette vari\u00e9e comprenant des bleus intenses, des rouges vibrants et des verts frais, entrelac\u00e9s dans des motifs complexes rappelant les azulejos de Lisbonne.<\/p>\n<p>Cette pat\u00e8re n&rsquo;est pas seulement un article d\u00e9coratif, mais aussi une repr\u00e9sentation culturelle significative qui met en valeur le riche h\u00e9ritage artisanal du Portugal. En l&rsquo;accrochant dans n&rsquo;importe quel espace, elle apportera une touche authentique et culturelle que ceux qui recherchent des souvenirs de Lisbonne appr\u00e9cieront \u00e9norm\u00e9ment. Chez Ol\u00e9 Mosaic, nous nous sp\u00e9cialisons dans la distribution de souvenirs en c\u00e9ramique en gros, et cette pat\u00e8re hirondelle est une excellente option pour les boutiques de cadeaux touristiques souhaitant proposer des produits authentiques et repr\u00e9sentatifs. En tant que grossistes en c\u00e9ramique, nous garantissons une qualit\u00e9 artisanale et un design qui c\u00e9l\u00e8bre l&rsquo;essence du patrimoine portugais, faisant de cette pat\u00e8re un souvenir durable pour tout visiteur de Lisbonne.<\/p>\n","protected":false},"excerpt":{"rendered":"<p>Pat\u00e8re en c\u00e9ramique en forme d&rsquo;hirondelle, inspir\u00e9e des mosa\u00efques vibrantes de Lisbonne. Ce produit, au design unique et artisanal, peint \u00e0 la main, combine une vari\u00e9t\u00e9 de couleurs vives et de motifs g\u00e9om\u00e9triques traditionnels, typiques de la c\u00e9ramique portugaise. Avec sa forme stylis\u00e9e \u00e9voquant le vol de l&rsquo;hirondelle, c&rsquo;est un \u00e9l\u00e9ment d\u00e9coratif parfait pour ajouter une touche authentique et culturelle \u00e0 n&rsquo;importe quel espace.<\/p>\n","protected":false},"featured_media":11226,"template":"","meta":{"_acf_changed":false},"product_brand":[],"product_cat":[791],"product_tag":[530,585],"class_list":{"0":"post-29764","1":"product","2":"type-product","3":"status-publish","4":"has-post-thumbnail","6":"product_cat-pateres","7":"product_tag-animaux","8":"product_tag-ceramique","9":"pa_ciudad-lisboa","10":"pa_motivo-hirondelles","11":"pa_pais-portugal","13":"first","14":"instock","15":"shipping-taxable","16":"product-type-simple"},"acf":[],"_links":{"self":[{"href":"https:\/\/olemosaic.orbitalia.org\/fr\/wp-json\/wp\/v2\/product\/29764","targetHints":{"allow":["GET"]}}],"collection":[{"href":"https:\/\/olemosaic.orbitalia.org\/fr\/wp-json\/wp\/v2\/product"}],"about":[{"href":"https:\/\/olemosaic.orbitalia.org\/fr\/wp-json\/wp\/v2\/types\/product"}],"wp:featuredmedia":[{"embeddable":true,"href":"https:\/\/olemosaic.orbitalia.org\/fr\/wp-json\/wp\/v2\/media\/11226"}],"wp:attachment":[{"href":"https:\/\/olemosaic.orbitalia.org\/fr\/wp-json\/wp\/v2\/media?parent=29764"}],"wp:term":[{"taxonomy":"product_brand","embeddable":true,"href":"https:\/\/olemosaic.orbitalia.org\/fr\/wp-json\/wp\/v2\/product_brand?post=29764"},{"taxonomy":"product_cat","embeddable":true,"href":"https:\/\/olemosaic.orbitalia.org\/fr\/wp-json\/wp\/v2\/product_cat?post=29764"},{"taxonomy":"product_tag","embeddable":true,"href":"https:\/\/olemosaic.orbitalia.org\/fr\/wp-json\/wp\/v2\/product_tag?post=29764"}],"curies":[{"name":"wp","href":"https:\/\/api.w.org\/{rel}","templated":true}]}}