{"id":29762,"date":"2025-02-20T23:31:22","date_gmt":"2025-02-20T22:31:22","guid":{"rendered":"https:\/\/olemosaic.orbitalia.org\/producto\/colgador-de-ceramica-golondrina-3\/"},"modified":"2025-07-25T18:35:58","modified_gmt":"2025-07-25T16:35:58","slug":"patere-en-ceramique-hirondelle-3","status":"publish","type":"product","link":"https:\/\/olemosaic.orbitalia.org\/fr\/produit\/patere-en-ceramique-hirondelle-3\/","title":{"rendered":"Pat\u00e8re en c\u00e9ramique. Hirondelle. Espagne."},"content":{"rendered":"<p>Cette pat\u00e8re en c\u00e9ramique en forme d&rsquo;hirondelle est une pi\u00e8ce charmante qui capture l&rsquo;essence du folklore espagnol et l&rsquo;arriv\u00e9e du printemps. Avec un design vibrant, cet objet d\u00e9coratif est peint \u00e0 la main et pr\u00e9sente un magnifique d\u00e9ploiement de couleurs \u00e9voquant la joie et la vitalit\u00e9 de la saison. Les tons jaunes, bleus et rouges se marient harmonieusement sur un fond blanc, cr\u00e9ant un contraste visuel attrayant qui attirera s\u00fbrement l&rsquo;attention de tout visiteur. L&rsquo;hirondelle, symbole de bon augure et de renouveau, ajoute une signification particuli\u00e8re \u00e0 ce souvenir, rappelant aux touristes la beaut\u00e9 de la nature et les traditions culturelles de l&rsquo;Espagne.<\/p>\n<p>Id\u00e9ale pour \u00eatre accroch\u00e9e sur n&rsquo;importe quel mur, cette pat\u00e8re n&rsquo;est pas seulement fonctionnelle, mais agit \u00e9galement comme une \u0153uvre d&rsquo;art qui embellit la maison. Son design unique et color\u00e9 en fait un souvenir repr\u00e9sentatif des traditions artistiques espagnoles, parfait pour ceux qui recherchent un souvenir authentique mettant en valeur la richesse culturelle du pays. Chez Ol\u00e9 Mosaic, nous sommes fiers d&rsquo;\u00eatre des distributeurs de souvenirs en gros, offrant des pi\u00e8ces qui capturent le c\u0153ur du patrimoine espagnol. Cette pat\u00e8re en c\u00e9ramique est une excellente option pour les boutiques de cadeaux touristiques souhaitant proposer des produits c\u00e9l\u00e9brant la culture et l&rsquo;art local.<\/p>\n","protected":false},"excerpt":{"rendered":"<p>Pat\u00e8re en c\u00e9ramique en forme d&rsquo;hirondelle, d\u00e9cor\u00e9e de motifs color\u00e9s vibrants. Ce bel objet, au design artisanal et peint \u00e0 la main, \u00e9voque l&rsquo;esprit traditionnel espagnol, symbolisant l&rsquo;arriv\u00e9e du printemps. Les d\u00e9tails artistiques dans les tons jaunes, bleus et rouges se combinent avec un fond blanc, cr\u00e9ant un contraste attrayant. Parfaite pour \u00eatre accroch\u00e9e au mur, cette pat\u00e8re ajoute une touche de folklore et de charme \u00e0 n&rsquo;importe quel espace.<\/p>\n","protected":false},"featured_media":11235,"template":"","meta":{"_acf_changed":false},"product_brand":[],"product_cat":[791],"product_tag":[530,585],"class_list":{"0":"post-29762","1":"product","2":"type-product","3":"status-publish","4":"has-post-thumbnail","6":"product_cat-pateres","7":"product_tag-animaux","8":"product_tag-ceramique","9":"pa_motivo-hirondelles","11":"first","12":"instock","13":"shipping-taxable","14":"product-type-simple"},"acf":[],"_links":{"self":[{"href":"https:\/\/olemosaic.orbitalia.org\/fr\/wp-json\/wp\/v2\/product\/29762","targetHints":{"allow":["GET"]}}],"collection":[{"href":"https:\/\/olemosaic.orbitalia.org\/fr\/wp-json\/wp\/v2\/product"}],"about":[{"href":"https:\/\/olemosaic.orbitalia.org\/fr\/wp-json\/wp\/v2\/types\/product"}],"wp:featuredmedia":[{"embeddable":true,"href":"https:\/\/olemosaic.orbitalia.org\/fr\/wp-json\/wp\/v2\/media\/11235"}],"wp:attachment":[{"href":"https:\/\/olemosaic.orbitalia.org\/fr\/wp-json\/wp\/v2\/media?parent=29762"}],"wp:term":[{"taxonomy":"product_brand","embeddable":true,"href":"https:\/\/olemosaic.orbitalia.org\/fr\/wp-json\/wp\/v2\/product_brand?post=29762"},{"taxonomy":"product_cat","embeddable":true,"href":"https:\/\/olemosaic.orbitalia.org\/fr\/wp-json\/wp\/v2\/product_cat?post=29762"},{"taxonomy":"product_tag","embeddable":true,"href":"https:\/\/olemosaic.orbitalia.org\/fr\/wp-json\/wp\/v2\/product_tag?post=29762"}],"curies":[{"name":"wp","href":"https:\/\/api.w.org\/{rel}","templated":true}]}}