{"id":29747,"date":"2025-02-20T23:31:21","date_gmt":"2025-02-20T22:31:21","guid":{"rendered":"https:\/\/olemosaic.orbitalia.org\/producto\/colgador-de-ceramica-golondrina-mosaico-8\/"},"modified":"2025-07-25T19:06:20","modified_gmt":"2025-07-25T17:06:20","slug":"crochet-en-ceramique-hirondelle-mosaique-8","status":"publish","type":"product","link":"https:\/\/olemosaic.orbitalia.org\/fr\/produit\/crochet-en-ceramique-hirondelle-mosaique-8\/","title":{"rendered":"Crochet en c\u00e9ramique. Hirondelle. Mosa\u00efque. C\u00e9ramique espagnole."},"content":{"rendered":"<p>Ce crochet en c\u00e9ramique en forme d&rsquo;hirondelle est une v\u00e9ritable pi\u00e8ce d\u00e9corative qui capture l&rsquo;essence de l&rsquo;art traditionnel espagnol, id\u00e9al pour ceux qui recherchent des souvenirs repr\u00e9sentatifs de la riche culture ib\u00e9rique. Avec une mosa\u00efque de couleurs vibrantes, ce crochet pr\u00e9sente une fusion de motifs g\u00e9om\u00e9triques et floraux qui \u00e9voquent la ma\u00eetrise de la c\u00e9ramique espagnole, en faisant un attrait visuel pour n&rsquo;importe quel espace. L&rsquo;hirondelle, symbole de l&rsquo;arriv\u00e9e du printemps, n&rsquo;est pas seulement magnifiquement sculpt\u00e9e, mais son design peint \u00e0 la main souligne le savoir-faire artisanal des c\u00e9ramistes locaux.<\/p>\n<p>La pi\u00e8ce, avec ses contours doux et ses couleurs attrayantes, ajoute un air distinctif et joyeux \u00e0 la d\u00e9coration, en faisant un cadeau parfait ou un souvenir durable d&rsquo;une visite en Espagne. Sa connexion avec la faune locale et son symbolisme font de ce crochet un objet non seulement d\u00e9coratif, mais aussi plein de sens culturel. Chez Ol\u00e9 Mosaic, nous proposons ce crochet en c\u00e9ramique dans le cadre d&rsquo;une s\u00e9lection de souvenirs qui mettent en avant l&rsquo;authenticit\u00e9 et l&rsquo;art traditionnel espagnol. C&rsquo;est une option id\u00e9ale pour les touristes \u00e0 la recherche de souvenirs authentiques d&rsquo;Espagne et pour les boutiques de cadeaux touristiques souhaitant int\u00e9grer des produits de qualit\u00e9 dans leur offre, consolidant ainsi leur pertinence dans le paysage des souvenirs en c\u00e9ramique.<\/p>\n","protected":false},"excerpt":{"rendered":"<p>Crochet en c\u00e9ramique en forme d&rsquo;hirondelle, orn\u00e9 d&rsquo;une mosa\u00efque de couleurs vibrantes. Ce design attrayant comprend un m\u00e9lange de motifs g\u00e9om\u00e9triques et floraux typiques de la c\u00e9ramique espagnole, \u00e9voquant la riche tradition artistique de la r\u00e9gion. La pi\u00e8ce, de conception artisanale et peinte \u00e0 la main, rend hommage \u00e0 la faune locale, l&rsquo;hirondelle \u00e9tant un symbole de l&rsquo;arriv\u00e9e du printemps dans de nombreuses cultures. Id\u00e9al pour d\u00e9corer n&rsquo;importe quel espace avec une touche distinctive et color\u00e9e.<\/p>\n","protected":false},"featured_media":11217,"template":"","meta":{"_acf_changed":false},"product_brand":[],"product_cat":[791],"product_tag":[530,585],"class_list":{"0":"post-29747","1":"product","2":"type-product","3":"status-publish","4":"has-post-thumbnail","6":"product_cat-pateres","7":"product_tag-animaux","8":"product_tag-ceramique","9":"pa_motivo-hirondelles","11":"first","12":"instock","13":"shipping-taxable","14":"product-type-simple"},"acf":[],"_links":{"self":[{"href":"https:\/\/olemosaic.orbitalia.org\/fr\/wp-json\/wp\/v2\/product\/29747","targetHints":{"allow":["GET"]}}],"collection":[{"href":"https:\/\/olemosaic.orbitalia.org\/fr\/wp-json\/wp\/v2\/product"}],"about":[{"href":"https:\/\/olemosaic.orbitalia.org\/fr\/wp-json\/wp\/v2\/types\/product"}],"wp:featuredmedia":[{"embeddable":true,"href":"https:\/\/olemosaic.orbitalia.org\/fr\/wp-json\/wp\/v2\/media\/11217"}],"wp:attachment":[{"href":"https:\/\/olemosaic.orbitalia.org\/fr\/wp-json\/wp\/v2\/media?parent=29747"}],"wp:term":[{"taxonomy":"product_brand","embeddable":true,"href":"https:\/\/olemosaic.orbitalia.org\/fr\/wp-json\/wp\/v2\/product_brand?post=29747"},{"taxonomy":"product_cat","embeddable":true,"href":"https:\/\/olemosaic.orbitalia.org\/fr\/wp-json\/wp\/v2\/product_cat?post=29747"},{"taxonomy":"product_tag","embeddable":true,"href":"https:\/\/olemosaic.orbitalia.org\/fr\/wp-json\/wp\/v2\/product_tag?post=29747"}],"curies":[{"name":"wp","href":"https:\/\/api.w.org\/{rel}","templated":true}]}}