{"id":29736,"date":"2025-02-20T23:31:21","date_gmt":"2025-02-20T22:31:21","guid":{"rendered":"https:\/\/olemosaic.orbitalia.org\/producto\/colgador-de-ceramica-golondrina-mosaico-7\/"},"modified":"2025-07-25T18:42:32","modified_gmt":"2025-07-25T16:42:32","slug":"accroche-en-ceramique-hirondelle-mosaique-7","status":"publish","type":"product","link":"https:\/\/olemosaic.orbitalia.org\/fr\/produit\/accroche-en-ceramique-hirondelle-mosaique-7\/","title":{"rendered":"Accroche en c\u00e9ramique. Hirondelle. Mosa\u00efque. Folklore espagnol."},"content":{"rendered":"<p>Cette accroche en c\u00e9ramique en forme d&rsquo;hirondelle est un v\u00e9ritable chef-d&rsquo;\u0153uvre de l&rsquo;artisanat espagnol, id\u00e9al pour ceux qui recherchent un souvenir alliant esth\u00e9tique et valeur culturelle. Le design exquis, peint \u00e0 la main, pr\u00e9sente une mosa\u00efque vibrante de couleurs avec des tons bleus, verts et rouges qui \u00e9voquent les motifs traditionnels de la c\u00e9ramique espagnole. L&rsquo;hirondelle, symbole du printemps et de la chance, semble \u00eatre en plein vol, ajoutant dynamisme et joie \u00e0 n&rsquo;importe quel espace.<\/p>\n<p>Les d\u00e9tails complexes de la mosa\u00efque refl\u00e8tent le riche h\u00e9ritage folklorique de diverses r\u00e9gions d&rsquo;Espagne, faisant de cette accroche une repr\u00e9sentation visuelle de la culture espagnole. Chaque section de la mosa\u00efque est m\u00e9ticuleusement \u00e9labor\u00e9e, capturant l&rsquo;essence de l&rsquo;art c\u00e9ramique qui a perdur\u00e9 \u00e0 travers les si\u00e8cles. Cette pi\u00e8ce est plus qu&rsquo;un simple objet d\u00e9coratif ; c&rsquo;est un rappel de notre connexion avec la nature et la bonne fortune.<\/p>\n<p>Chez Ol\u00e9 Mosaic, nous nous sp\u00e9cialisons dans la distribution en gros de souvenirs authentiques, et cette accroche hirondelle est une excellente option pour les boutiques de cadeaux touristiques souhaitant offrir des produits qui non seulement embellissent, mais racontent aussi une histoire. C&rsquo;est le cadeau parfait pour les touristes qui cherchent \u00e0 ramener chez eux un morceau du charmant folklore espagnol.<\/p>\n","protected":false},"excerpt":{"rendered":"<p>Accroche en c\u00e9ramique en forme d&rsquo;hirondelle, d\u00e9cor\u00e9e d&rsquo;une mosa\u00efque vibrante de couleurs et de motifs traditionnels. Cet \u00e9l\u00e9ment d\u00e9coratif, au design artisanal peint \u00e0 la main, repr\u00e9sente la beaut\u00e9 de l&rsquo;art c\u00e9ramique espagnol, avec des d\u00e9tails complexes \u00e9voquant le folklore de diverses r\u00e9gions. L&rsquo;hirondelle, symbole du printemps et de la chance, se pr\u00e9sente dans une combinaison attrayante de bleus, verts et rouges, id\u00e9ale pour ajouter une touche artisanale et culturelle \u00e0 n&rsquo;importe quel espace.<\/p>\n","protected":false},"featured_media":11233,"template":"","meta":{"_acf_changed":false},"product_brand":[],"product_cat":[791],"product_tag":[530,585],"class_list":{"0":"post-29736","1":"product","2":"type-product","3":"status-publish","4":"has-post-thumbnail","6":"product_cat-pateres","7":"product_tag-animaux","8":"product_tag-ceramique","9":"pa_motivo-hirondelles","11":"first","12":"instock","13":"shipping-taxable","14":"product-type-simple"},"acf":[],"_links":{"self":[{"href":"https:\/\/olemosaic.orbitalia.org\/fr\/wp-json\/wp\/v2\/product\/29736","targetHints":{"allow":["GET"]}}],"collection":[{"href":"https:\/\/olemosaic.orbitalia.org\/fr\/wp-json\/wp\/v2\/product"}],"about":[{"href":"https:\/\/olemosaic.orbitalia.org\/fr\/wp-json\/wp\/v2\/types\/product"}],"wp:featuredmedia":[{"embeddable":true,"href":"https:\/\/olemosaic.orbitalia.org\/fr\/wp-json\/wp\/v2\/media\/11233"}],"wp:attachment":[{"href":"https:\/\/olemosaic.orbitalia.org\/fr\/wp-json\/wp\/v2\/media?parent=29736"}],"wp:term":[{"taxonomy":"product_brand","embeddable":true,"href":"https:\/\/olemosaic.orbitalia.org\/fr\/wp-json\/wp\/v2\/product_brand?post=29736"},{"taxonomy":"product_cat","embeddable":true,"href":"https:\/\/olemosaic.orbitalia.org\/fr\/wp-json\/wp\/v2\/product_cat?post=29736"},{"taxonomy":"product_tag","embeddable":true,"href":"https:\/\/olemosaic.orbitalia.org\/fr\/wp-json\/wp\/v2\/product_tag?post=29736"}],"curies":[{"name":"wp","href":"https:\/\/api.w.org\/{rel}","templated":true}]}}