{"id":29734,"date":"2025-02-20T23:31:21","date_gmt":"2025-02-20T22:31:21","guid":{"rendered":"https:\/\/olemosaic.orbitalia.org\/producto\/colgador-de-ceramica-golondrina-lisboa-mosaico-6\/"},"modified":"2025-07-25T19:42:57","modified_gmt":"2025-07-25T17:42:57","slug":"accroche-en-ceramique-hirondelle-lisbonne-mosaique-6","status":"publish","type":"product","link":"https:\/\/olemosaic.orbitalia.org\/fr\/produit\/accroche-en-ceramique-hirondelle-lisbonne-mosaique-6\/","title":{"rendered":"Accroche en c\u00e9ramique. Hirondelle. Lisbonne. Mosa\u00efque."},"content":{"rendered":"<p>Cette accroche en c\u00e9ramique en forme d&rsquo;hirondelle est un reflet vibrant de l&rsquo;essence culturelle de Lisbonne, un souvenir qui capture la beaut\u00e9 et le coloris des mosa\u00efques traditionnelles portugaises. Confectionn\u00e9 en c\u00e9ramique peinte \u00e0 la main, cet article \u00e9l\u00e9gant pr\u00e9sente un design captivant qui combine des motifs g\u00e9om\u00e9triques et floraux dans une palette de tons rouges, bleus et jaunes. Chaque d\u00e9tail de l&rsquo;hirondelle est m\u00e9ticuleusement \u00e9labor\u00e9 pour transmettre une sensation de libert\u00e9 et de joie, symbolisant l&rsquo;esprit vibrant qui caract\u00e9rise la capitale portugaise.<\/p>\n<p>Les courbes douces de la figure \u00e9voquent le vol \u00e9l\u00e9gant de cet oiseau, tandis que les designs complexes de sa surface rendent hommage \u00e0 la riche tradition des azulejos de Lisbonne. Cette accroche n&rsquo;est pas seulement un accessoire d\u00e9coratif parfait pour n&rsquo;importe quel foyer, mais sert \u00e9galement d&rsquo;excellent rappel des traditions culturelles du Portugal, devenant un souvenir authentique qui enrichit toute collection.<\/p>\n<p>Chez Ol\u00e9 Mosaic, en tant que grossiste de souvenirs, nous proposons cette accroche en c\u00e9ramique comme une option exceptionnelle pour les boutiques de cadeaux touristiques souhaitant offrir des produits authentiques et repr\u00e9sentatifs de la culture portugaise. Avec chaque pi\u00e8ce, nous garantissons qualit\u00e9 et singularit\u00e9, id\u00e9al pour ceux qui cherchent \u00e0 capturer l&rsquo;essence de Lisbonne dans un bel objet d\u00e9coratif.<\/p>\n","protected":false},"excerpt":{"rendered":"<p>Accroche en c\u00e9ramique en forme d&rsquo;hirondelle, inspir\u00e9e des mosa\u00efques color\u00e9es de Lisbonne. Cet article \u00e9l\u00e9gant, r\u00e9alis\u00e9 en c\u00e9ramique au design artisanal et peint \u00e0 la main, pr\u00e9sente un design vibrant avec une vari\u00e9t\u00e9 de motifs g\u00e9om\u00e9triques et floraux dans des tons rouges, bleus et jaunes. La figure de l&rsquo;hirondelle symbolise la libert\u00e9 et la joie, transformant cette accroche en un accessoire d\u00e9coratif parfait qui \u00e9voque la riche tradition culturelle du Portugal et la beaut\u00e9 de ses azulejos.<\/p>\n","protected":false},"featured_media":11218,"template":"","meta":{"_acf_changed":false},"product_brand":[],"product_cat":[791],"product_tag":[530,585],"class_list":{"0":"post-29734","1":"product","2":"type-product","3":"status-publish","4":"has-post-thumbnail","6":"product_cat-pateres","7":"product_tag-animaux","8":"product_tag-ceramique","9":"pa_ciudad-lisboa","10":"pa_motivo-hirondelles","11":"pa_pais-portugal","13":"first","14":"instock","15":"shipping-taxable","16":"product-type-simple"},"acf":[],"_links":{"self":[{"href":"https:\/\/olemosaic.orbitalia.org\/fr\/wp-json\/wp\/v2\/product\/29734","targetHints":{"allow":["GET"]}}],"collection":[{"href":"https:\/\/olemosaic.orbitalia.org\/fr\/wp-json\/wp\/v2\/product"}],"about":[{"href":"https:\/\/olemosaic.orbitalia.org\/fr\/wp-json\/wp\/v2\/types\/product"}],"wp:featuredmedia":[{"embeddable":true,"href":"https:\/\/olemosaic.orbitalia.org\/fr\/wp-json\/wp\/v2\/media\/11218"}],"wp:attachment":[{"href":"https:\/\/olemosaic.orbitalia.org\/fr\/wp-json\/wp\/v2\/media?parent=29734"}],"wp:term":[{"taxonomy":"product_brand","embeddable":true,"href":"https:\/\/olemosaic.orbitalia.org\/fr\/wp-json\/wp\/v2\/product_brand?post=29734"},{"taxonomy":"product_cat","embeddable":true,"href":"https:\/\/olemosaic.orbitalia.org\/fr\/wp-json\/wp\/v2\/product_cat?post=29734"},{"taxonomy":"product_tag","embeddable":true,"href":"https:\/\/olemosaic.orbitalia.org\/fr\/wp-json\/wp\/v2\/product_tag?post=29734"}],"curies":[{"name":"wp","href":"https:\/\/api.w.org\/{rel}","templated":true}]}}