{"id":29732,"date":"2025-02-20T23:31:20","date_gmt":"2025-02-20T22:31:20","guid":{"rendered":"https:\/\/olemosaic.orbitalia.org\/producto\/colgador-de-ceramica-golondrina-mosaico-5\/"},"modified":"2025-07-25T18:42:30","modified_gmt":"2025-07-25T16:42:30","slug":"accroche-en-ceramique-hirondelle-mosaique-5","status":"publish","type":"product","link":"https:\/\/olemosaic.orbitalia.org\/fr\/produit\/accroche-en-ceramique-hirondelle-mosaique-5\/","title":{"rendered":"Accroche en c\u00e9ramique. Hirondelle. Mosa\u00efque. Espagne."},"content":{"rendered":"<p>Cette accroche en c\u00e9ramique en forme d&rsquo;hirondelle est un magnifique accessoire d\u00e9coratif qui capture l&rsquo;essence de l&rsquo;art espagnol avec son design vibrant en mosa\u00efque. Chaque pi\u00e8ce, soigneusement peinte \u00e0 la main, pr\u00e9sente une vari\u00e9t\u00e9 de motifs traditionnels qui \u00e9voquent le riche h\u00e9ritage culturel de l&rsquo;Espagne. Les tons color\u00e9s de bleu, rouge et vert pr\u00e9dominent, s&rsquo;entrem\u00ealant pour former un motif attrayant qui apportera un air joyeux et authentique \u00e0 n&rsquo;importe quel espace. La forme distinctive de l&rsquo;hirondelle ne symbolise pas seulement l&rsquo;arriv\u00e9e du printemps, mais sert \u00e9galement de souvenir repr\u00e9sentatif de la chaleur et de la beaut\u00e9 de la vie en M\u00e9diterran\u00e9e.<\/p>\n<p>Cette accroche est une excellente option tant pour sa fonctionnalit\u00e9 que pour son esth\u00e9tique, id\u00e9ale pour \u00eatre accroch\u00e9e aux murs des maisons, des bureaux ou des boutiques de cadeaux touristiques. Son design attrayant en fait un souvenir parfait pour ceux qui cherchent \u00e0 emporter un petit morceau d&rsquo;Espagne. Chez Ol\u00e9 Mosaic, nous sommes fiers de proposer des souvenirs authentiques qui refl\u00e8tent l&rsquo;artisanat local. Cette accroche en c\u00e9ramique est id\u00e9ale pour les boutiques de souvenirs souhaitant offrir des produits uniques et de haute qualit\u00e9, parfaits pour c\u00e9l\u00e9brer la culture espagnole. Avec sa combinaison d&rsquo;art et d&rsquo;utilit\u00e9, cette accroche hirondelle se distingue comme un excellent souvenir en c\u00e9ramique qui ravira tout le monde.<\/p>\n","protected":false},"excerpt":{"rendered":"<p>Accroche en c\u00e9ramique en forme d&rsquo;hirondelle, con\u00e7ue avec une mosa\u00efque color\u00e9e \u00e9voquant les motifs traditionnels de la c\u00e9ramique espagnole. Ce bel accessoire d\u00e9coratif se distingue par sa technique de design artisanal, peint \u00e0 la main, qui illumine chaque d\u00e9tail avec des couleurs vibrantes comme le bleu, le rouge et le vert. Id\u00e9ale pour \u00eatre accroch\u00e9e dans n&rsquo;importe quel espace, cette accroche combine art et fonctionnalit\u00e9, ajoutant une touche authentique et charmante \u00e0 la d\u00e9coration int\u00e9rieure.<\/p>\n","protected":false},"featured_media":11223,"template":"","meta":{"_acf_changed":false},"product_brand":[],"product_cat":[791],"product_tag":[530,585],"class_list":{"0":"post-29732","1":"product","2":"type-product","3":"status-publish","4":"has-post-thumbnail","6":"product_cat-pateres","7":"product_tag-animaux","8":"product_tag-ceramique","9":"pa_motivo-hirondelles","11":"first","12":"instock","13":"shipping-taxable","14":"product-type-simple"},"acf":[],"_links":{"self":[{"href":"https:\/\/olemosaic.orbitalia.org\/fr\/wp-json\/wp\/v2\/product\/29732","targetHints":{"allow":["GET"]}}],"collection":[{"href":"https:\/\/olemosaic.orbitalia.org\/fr\/wp-json\/wp\/v2\/product"}],"about":[{"href":"https:\/\/olemosaic.orbitalia.org\/fr\/wp-json\/wp\/v2\/types\/product"}],"wp:featuredmedia":[{"embeddable":true,"href":"https:\/\/olemosaic.orbitalia.org\/fr\/wp-json\/wp\/v2\/media\/11223"}],"wp:attachment":[{"href":"https:\/\/olemosaic.orbitalia.org\/fr\/wp-json\/wp\/v2\/media?parent=29732"}],"wp:term":[{"taxonomy":"product_brand","embeddable":true,"href":"https:\/\/olemosaic.orbitalia.org\/fr\/wp-json\/wp\/v2\/product_brand?post=29732"},{"taxonomy":"product_cat","embeddable":true,"href":"https:\/\/olemosaic.orbitalia.org\/fr\/wp-json\/wp\/v2\/product_cat?post=29732"},{"taxonomy":"product_tag","embeddable":true,"href":"https:\/\/olemosaic.orbitalia.org\/fr\/wp-json\/wp\/v2\/product_tag?post=29732"}],"curies":[{"name":"wp","href":"https:\/\/api.w.org\/{rel}","templated":true}]}}