{"id":29715,"date":"2025-02-20T23:31:20","date_gmt":"2025-02-20T22:31:20","guid":{"rendered":"https:\/\/olemosaic.orbitalia.org\/producto\/colgador-de-ceramica-golondrina-lisboa-mosaico-4\/"},"modified":"2025-07-25T18:42:32","modified_gmt":"2025-07-25T16:42:32","slug":"crochet-ceramique-hirondelle-lisbonne-mosaique-4","status":"publish","type":"product","link":"https:\/\/olemosaic.orbitalia.org\/fr\/produit\/crochet-ceramique-hirondelle-lisbonne-mosaique-4\/","title":{"rendered":"Crochet en c\u00e9ramique. Hirondelle. Lisbonne. Mosa\u00efque. Azulejos portugais."},"content":{"rendered":"<p>Ce crochet en c\u00e9ramique en forme d&rsquo;hirondelle est un souvenir charmant qui capture l&rsquo;essence artistique de Lisbonne. Inspir\u00e9 par les mosa\u00efques embl\u00e9matiques portugaises, cet ornement attrayant pr\u00e9sente un design vibrant et plein de vie, avec des motifs d&rsquo;azulejos peints \u00e0 la main dans des tons bleus, rouges, jaunes et verts. L&rsquo;hirondelle, symbole de bonne fortune et de joie, apporte une touche de folklore et de tradition \u00e0 n&rsquo;importe quel espace, devenant un \u00e9l\u00e9ment d\u00e9coratif unique et fonctionnel. Chaque d\u00e9tail de son design rend hommage au riche h\u00e9ritage culturel du Portugal, o\u00f9 les azulejos sont une forme d&rsquo;art tr\u00e8s appr\u00e9ci\u00e9e, typique de l&rsquo;architecture lisbo\u00e8te.<\/p>\n<p>Plac\u00e9 strat\u00e9giquement sur un mur ou une porte, ce crochet n&rsquo;est pas seulement pratique, il agit \u00e9galement comme un rappel visuel de la beaut\u00e9 de Lisbonne et de sa culture vibrante. Id\u00e9al pour les touristes \u00e0 la recherche de souvenirs authentiques et repr\u00e9sentatifs, ce crochet en c\u00e9ramique est une excellente option pour les boutiques de cadeaux touristiques. Chez Ol\u00e9 Mosaic, en tant que grossistes de souvenirs, nous proposons des produits qui allient design, authenticit\u00e9 et une profonde valeur culturelle, faisant de chaque pi\u00e8ce une c\u00e9l\u00e9bration du meilleur de la tradition portugaise.<\/p>\n","protected":false},"excerpt":{"rendered":"<p>Crochet en c\u00e9ramique en forme d&rsquo;hirondelle, inspir\u00e9 des mosa\u00efques color\u00e9es de Lisbonne. Cet ornement attrayant pr\u00e9sente un design unique avec une vari\u00e9t\u00e9 de motifs d&rsquo;azulejos peints \u00e0 la main, avec des tons vibrants tels que le bleu, le rouge, le jaune et le vert, qui \u00e9voquent la tradition artistique portugaise. Id\u00e9al pour ajouter une touche de folklore \u00e0 n&rsquo;importe quel espace, ce crochet combine esth\u00e9tique et fonctionnalit\u00e9, devenant un \u00e9l\u00e9ment d\u00e9coratif pr\u00e9cieux.<\/p>\n","protected":false},"featured_media":11234,"template":"","meta":{"_acf_changed":false},"product_brand":[],"product_cat":[791],"product_tag":[530,585],"class_list":{"0":"post-29715","1":"product","2":"type-product","3":"status-publish","4":"has-post-thumbnail","6":"product_cat-pateres","7":"product_tag-animaux","8":"product_tag-ceramique","9":"pa_ciudad-lisboa","10":"pa_motivo-hirondelles","11":"pa_pais-portugal","13":"first","14":"instock","15":"shipping-taxable","16":"product-type-simple"},"acf":[],"_links":{"self":[{"href":"https:\/\/olemosaic.orbitalia.org\/fr\/wp-json\/wp\/v2\/product\/29715","targetHints":{"allow":["GET"]}}],"collection":[{"href":"https:\/\/olemosaic.orbitalia.org\/fr\/wp-json\/wp\/v2\/product"}],"about":[{"href":"https:\/\/olemosaic.orbitalia.org\/fr\/wp-json\/wp\/v2\/types\/product"}],"wp:featuredmedia":[{"embeddable":true,"href":"https:\/\/olemosaic.orbitalia.org\/fr\/wp-json\/wp\/v2\/media\/11234"}],"wp:attachment":[{"href":"https:\/\/olemosaic.orbitalia.org\/fr\/wp-json\/wp\/v2\/media?parent=29715"}],"wp:term":[{"taxonomy":"product_brand","embeddable":true,"href":"https:\/\/olemosaic.orbitalia.org\/fr\/wp-json\/wp\/v2\/product_brand?post=29715"},{"taxonomy":"product_cat","embeddable":true,"href":"https:\/\/olemosaic.orbitalia.org\/fr\/wp-json\/wp\/v2\/product_cat?post=29715"},{"taxonomy":"product_tag","embeddable":true,"href":"https:\/\/olemosaic.orbitalia.org\/fr\/wp-json\/wp\/v2\/product_tag?post=29715"}],"curies":[{"name":"wp","href":"https:\/\/api.w.org\/{rel}","templated":true}]}}